{"id":7158,"date":"2022-01-14T16:12:57","date_gmt":"2022-01-14T14:12:57","guid":{"rendered":"https:\/\/hot-shop.hu\/?post_type=product&#038;p=7158"},"modified":"2026-03-06T15:20:12","modified_gmt":"2026-03-06T13:20:12","slug":"chips-sabor-especial-habanero-120g-14cs","status":"publish","type":"product","link":"https:\/\/hot-shop.hu\/en\/termek\/chips-sabor-especial-habanero-120g-14cs\/","title":{"rendered":"SABOR ESPECIAL Habanero Chips 120g &#8211; 14cs\/#"},"content":{"rendered":"<p>Eredeti mexik\u00f3i, feh\u00e9r Hari Masa lisztb\u0151l (82%) k\u00e9sz\u00fclt ropog\u00f3s kukorica chips egyedi f\u0171szerez\u00e9ssel, kellemesen cs\u00edp\u0151s Habanero chili paprik\u00e1val. P\u00e1lmaolaj, tart\u00f3s\u00edt\u00f3szer \u00e9s glut\u00e9nmentes term\u00e9k.<\/p>\n<p>&nbsp;<\/p>\n","protected":false},"excerpt":{"rendered":"<p>14cs\/# Tortilla chips mexik\u00f3i feh\u00e9r Masa Harina kukoricalisztb\u0151l, Habanero chilipaprika \u00edzes\u00edt\u00e9ssel. K\u00f6zepesen cs\u00edp\u0151s, p\u00e1lmaolaj, tart\u00f3s\u00edt\u00f3szer \u00e9s glut\u00e9nmentes, veg\u00e1n term\u00e9k. \u00d6nmag\u00e1ban vagy m\u00e1rtogat\u00f3s sz\u00f3sszal fogyaszthat\u00f3, de kit\u0171n\u0151 levesbet\u00e9tnek is.<\/p>\n","protected":false},"featured_media":28905,"comment_status":"open","ping_status":"closed","template":"","meta":{"ocean_post_layout":"","ocean_both_sidebars_style":"","ocean_both_sidebars_content_width":0,"ocean_both_sidebars_sidebars_width":0,"ocean_sidebar":"0","ocean_second_sidebar":"0","ocean_disable_margins":"enable","ocean_add_body_class":"","ocean_shortcode_before_top_bar":"","ocean_shortcode_after_top_bar":"","ocean_shortcode_before_header":"","ocean_shortcode_after_header":"","ocean_has_shortcode":"","ocean_shortcode_after_title":"","ocean_shortcode_before_footer_widgets":"","ocean_shortcode_after_footer_widgets":"","ocean_shortcode_before_footer_bottom":"","ocean_shortcode_after_footer_bottom":"","ocean_display_top_bar":"default","ocean_display_header":"default","ocean_header_style":"","ocean_center_header_left_menu":"0","ocean_custom_header_template":"0","ocean_custom_logo":0,"ocean_custom_retina_logo":0,"ocean_custom_logo_max_width":0,"ocean_custom_logo_tablet_max_width":0,"ocean_custom_logo_mobile_max_width":0,"ocean_custom_logo_max_height":0,"ocean_custom_logo_tablet_max_height":0,"ocean_custom_logo_mobile_max_height":0,"ocean_header_custom_menu":"0","ocean_menu_typo_font_family":"0","ocean_menu_typo_font_subset":"","ocean_menu_typo_font_size":0,"ocean_menu_typo_font_size_tablet":0,"ocean_menu_typo_font_size_mobile":0,"ocean_menu_typo_font_size_unit":"px","ocean_menu_typo_font_weight":"","ocean_menu_typo_font_weight_tablet":"","ocean_menu_typo_font_weight_mobile":"","ocean_menu_typo_transform":"","ocean_menu_typo_transform_tablet":"","ocean_menu_typo_transform_mobile":"","ocean_menu_typo_line_height":0,"ocean_menu_typo_line_height_tablet":0,"ocean_menu_typo_line_height_mobile":0,"ocean_menu_typo_line_height_unit":"","ocean_menu_typo_spacing":0,"ocean_menu_typo_spacing_tablet":0,"ocean_menu_typo_spacing_mobile":0,"ocean_menu_typo_spacing_unit":"","ocean_menu_link_color":"","ocean_menu_link_color_hover":"","ocean_menu_link_color_active":"","ocean_menu_link_background":"","ocean_menu_link_hover_background":"","ocean_menu_link_active_background":"","ocean_menu_social_links_bg":"","ocean_menu_social_hover_links_bg":"","ocean_menu_social_links_color":"","ocean_menu_social_hover_links_color":"","ocean_disable_title":"default","ocean_disable_heading":"default","ocean_post_title":"","ocean_post_subheading":"","ocean_post_title_style":"","ocean_post_title_background_color":"","ocean_post_title_background":0,"ocean_post_title_bg_image_position":"","ocean_post_title_bg_image_attachment":"","ocean_post_title_bg_image_repeat":"","ocean_post_title_bg_image_size":"","ocean_post_title_height":0,"ocean_post_title_bg_overlay":0.5,"ocean_post_title_bg_overlay_color":"","ocean_disable_breadcrumbs":"default","ocean_breadcrumbs_color":"","ocean_breadcrumbs_separator_color":"","ocean_breadcrumbs_links_color":"","ocean_breadcrumbs_links_hover_color":"","ocean_display_footer_widgets":"default","ocean_display_footer_bottom":"default","ocean_custom_footer_template":"0"},"product_brand":[],"product_cat":[151],"product_tag":[],"class_list":{"0":"post-7158","1":"product","2":"type-product","3":"status-publish","4":"has-post-thumbnail","6":"product_cat-glutenmentes-tortilla-chips","8":"entry","9":"has-media","11":"first","12":"instock","13":"taxable","14":"shipping-taxable","15":"purchasable","16":"product-type-simple","17":"col","18":"span_1_of_2","19":"owp-content-center","20":"owp-thumbs-layout-horizontal","21":"owp-btn-normal","22":"owp-tabs-layout-horizontal","23":"has-no-thumbnails"},"_links":{"self":[{"href":"https:\/\/hot-shop.hu\/en\/wp-json\/wp\/v2\/product\/7158","targetHints":{"allow":["GET"]}}],"collection":[{"href":"https:\/\/hot-shop.hu\/en\/wp-json\/wp\/v2\/product"}],"about":[{"href":"https:\/\/hot-shop.hu\/en\/wp-json\/wp\/v2\/types\/product"}],"replies":[{"embeddable":true,"href":"https:\/\/hot-shop.hu\/en\/wp-json\/wp\/v2\/comments?post=7158"}],"wp:featuredmedia":[{"embeddable":true,"href":"https:\/\/hot-shop.hu\/en\/wp-json\/wp\/v2\/media\/28905"}],"wp:attachment":[{"href":"https:\/\/hot-shop.hu\/en\/wp-json\/wp\/v2\/media?parent=7158"}],"wp:term":[{"taxonomy":"product_brand","embeddable":true,"href":"https:\/\/hot-shop.hu\/en\/wp-json\/wp\/v2\/product_brand?post=7158"},{"taxonomy":"product_cat","embeddable":true,"href":"https:\/\/hot-shop.hu\/en\/wp-json\/wp\/v2\/product_cat?post=7158"},{"taxonomy":"product_tag","embeddable":true,"href":"https:\/\/hot-shop.hu\/en\/wp-json\/wp\/v2\/product_tag?post=7158"}],"curies":[{"name":"wp","href":"https:\/\/api.w.org\/{rel}","templated":true}]}}