{"id":6248,"date":"2021-11-03T08:53:47","date_gmt":"2021-11-03T06:53:47","guid":{"rendered":"https:\/\/hot-shop.hu\/?post_type=product&#038;p=6248"},"modified":"2025-04-23T16:26:26","modified_gmt":"2025-04-23T14:26:26","slug":"feher-kukorica-pozolehoz-3kg","status":"publish","type":"product","link":"https:\/\/hot-shop.hu\/en\/termek\/feher-kukorica-pozolehoz-3kg\/","title":{"rendered":"Feh\u00e9r kukorica Pozolehoz 3kg &#8211; La Costena"},"content":{"rendered":"<p>\u00d6sszetev\u0151k: feh\u00e9r Hominy kukorica, v\u00edz, j\u00f3dozott s\u00f3, antioxid\u00e1ns, tart\u00f3s\u00edt\u00f3: n\u00e1trium-diszulfit (E223). Allerg\u00e9n: szulfitok.<\/p>\n<p>A pozole egy finom mexik\u00f3i leves, amelynek f\u0151 \u00f6sszetev\u0151je a kukorica. Ez azonban nem k\u00f6z\u00f6ns\u00e9ges kukorica, hanem olyan kukoricaszemek, amelyeket nixtamaliz\u00e1ci\u00f3s elj\u00e1r\u00e1ssal kezeltek (ha a kezelt kukoric\u00e1t finomra \u0151rlik, mas\u00e1t kapunk.) Ez az elj\u00e1r\u00e1s biztos\u00edtja, hogy a mag kem\u00e9ny k\u00fcls\u0151 h\u00e9ja lev\u00e1ljon, \u00edgy a magok f\u0151z\u00e9skor egyfajta vir\u00e1gk\u00e9nt sz\u00e9tpukkadnak. A f\u0151tt magokat konzerv\u00e1lj\u00e1k vagy sz\u00e1r\u00edtj\u00e1k.<\/p>\n<p>A magok \u00e1ztat\u00e1s\u00e1nak folyamat\u00e1t nixtamaliz\u00e1ci\u00f3nak nevezik. A folyamat elt\u00e1vol\u00edtja a kukorica h\u00e9j\u00e1t, megk\u00f6nny\u00edtve ez\u00e1ltal az \u0151rl\u00e9s\u00e9t. A nixtamaliz\u00e1ci\u00f3 sz\u00e1mos v\u00e1ltoz\u00e1st eredm\u00e9nyez a kukoric\u00e1ban. Az egyik legfontosabb, hogy megv\u00e1ltoztatja a feh\u00e9rj\u00e9k \u00e9s a sz\u00e9nhidr\u00e1tok szerkezet\u00e9t, lehet\u0151v\u00e9 t\u00e9ve a talajszemcs\u00e9k v\u00edzzel val\u00f3 \u00f6sszekapcsol\u00f3d\u00e1s\u00e1t. Nixtamaliz\u00e1ci\u00f3 n\u00e9lk\u00fcl az \u0151r\u00f6lt kukorica nem alkotna t\u00e9szt\u00e1t, \u00edgy\u00a0 tortill\u00e1t sem lehetne k\u00e9sz\u00edteni bel\u0151le. A nixtamaliz\u00e1ci\u00f3 tov\u00e1bbi el\u0151nye, hogy felszabad\u00edtja a niacint (B3-vitamin) a kukoric\u00e1ban, \u00e9s lehet\u0151v\u00e9 teszi, hogy az emberi em\u00e9szt\u0151rendszer sz\u00e1m\u00e1ra felsz\u00edv\u00f3djon.<\/p>\n","protected":false},"excerpt":{"rendered":"<p>Feh\u00e9r, nagy szem\u0171, mexik\u00f3i kukorica s\u00f3s l\u00e9ben. Levesekhez, sal\u00e1t\u00e1k k\u00e9sz\u00edt\u00e9s\u00e9hez aj\u00e1nljuk. H\u00fas vagy csirke, valamint szalonnaszeletek hozz\u00e1ad\u00e1s\u00e1val, kit\u0171n\u0151 autentikus mexik\u00f3i kukoricaleves, a Pozole k\u00e9sz\u00edthet\u0151 bel\u0151le. 6db\/#<\/p>\n","protected":false},"featured_media":6249,"comment_status":"open","ping_status":"closed","template":"","meta":{"ocean_post_layout":"","ocean_both_sidebars_style":"","ocean_both_sidebars_content_width":0,"ocean_both_sidebars_sidebars_width":0,"ocean_sidebar":"0","ocean_second_sidebar":"0","ocean_disable_margins":"enable","ocean_add_body_class":"","ocean_shortcode_before_top_bar":"","ocean_shortcode_after_top_bar":"","ocean_shortcode_before_header":"","ocean_shortcode_after_header":"","ocean_has_shortcode":"","ocean_shortcode_after_title":"","ocean_shortcode_before_footer_widgets":"","ocean_shortcode_after_footer_widgets":"","ocean_shortcode_before_footer_bottom":"","ocean_shortcode_after_footer_bottom":"","ocean_display_top_bar":"default","ocean_display_header":"default","ocean_header_style":"","ocean_center_header_left_menu":"0","ocean_custom_header_template":"0","ocean_custom_logo":0,"ocean_custom_retina_logo":0,"ocean_custom_logo_max_width":0,"ocean_custom_logo_tablet_max_width":0,"ocean_custom_logo_mobile_max_width":0,"ocean_custom_logo_max_height":0,"ocean_custom_logo_tablet_max_height":0,"ocean_custom_logo_mobile_max_height":0,"ocean_header_custom_menu":"0","ocean_menu_typo_font_family":"0","ocean_menu_typo_font_subset":"","ocean_menu_typo_font_size":0,"ocean_menu_typo_font_size_tablet":0,"ocean_menu_typo_font_size_mobile":0,"ocean_menu_typo_font_size_unit":"px","ocean_menu_typo_font_weight":"","ocean_menu_typo_font_weight_tablet":"","ocean_menu_typo_font_weight_mobile":"","ocean_menu_typo_transform":"","ocean_menu_typo_transform_tablet":"","ocean_menu_typo_transform_mobile":"","ocean_menu_typo_line_height":0,"ocean_menu_typo_line_height_tablet":0,"ocean_menu_typo_line_height_mobile":0,"ocean_menu_typo_line_height_unit":"","ocean_menu_typo_spacing":0,"ocean_menu_typo_spacing_tablet":0,"ocean_menu_typo_spacing_mobile":0,"ocean_menu_typo_spacing_unit":"","ocean_menu_link_color":"","ocean_menu_link_color_hover":"","ocean_menu_link_color_active":"","ocean_menu_link_background":"","ocean_menu_link_hover_background":"","ocean_menu_link_active_background":"","ocean_menu_social_links_bg":"","ocean_menu_social_hover_links_bg":"","ocean_menu_social_links_color":"","ocean_menu_social_hover_links_color":"","ocean_disable_title":"default","ocean_disable_heading":"default","ocean_post_title":"","ocean_post_subheading":"","ocean_post_title_style":"","ocean_post_title_background_color":"","ocean_post_title_background":0,"ocean_post_title_bg_image_position":"","ocean_post_title_bg_image_attachment":"","ocean_post_title_bg_image_repeat":"","ocean_post_title_bg_image_size":"","ocean_post_title_height":0,"ocean_post_title_bg_overlay":0.5,"ocean_post_title_bg_overlay_color":"","ocean_disable_breadcrumbs":"default","ocean_breadcrumbs_color":"","ocean_breadcrumbs_separator_color":"","ocean_breadcrumbs_links_color":"","ocean_breadcrumbs_links_hover_color":"","ocean_display_footer_widgets":"default","ocean_display_footer_bottom":"default","ocean_custom_footer_template":"0"},"product_brand":[],"product_cat":[166,167,178],"product_tag":[],"class_list":{"0":"post-6248","1":"product","2":"type-product","3":"status-publish","4":"has-post-thumbnail","6":"product_cat-gyumolcsok-zoldsegek","7":"product_cat-konzervek-gyumolcsok-es-zoldsegek","8":"product_cat-konzervek-babok","10":"entry","11":"has-media","13":"first","14":"instock","15":"taxable","16":"shipping-taxable","17":"purchasable","18":"product-type-simple","19":"col","20":"span_1_of_2","21":"owp-content-center","22":"owp-thumbs-layout-horizontal","23":"owp-btn-normal","24":"owp-tabs-layout-horizontal","25":"has-no-thumbnails"},"_links":{"self":[{"href":"https:\/\/hot-shop.hu\/en\/wp-json\/wp\/v2\/product\/6248","targetHints":{"allow":["GET"]}}],"collection":[{"href":"https:\/\/hot-shop.hu\/en\/wp-json\/wp\/v2\/product"}],"about":[{"href":"https:\/\/hot-shop.hu\/en\/wp-json\/wp\/v2\/types\/product"}],"replies":[{"embeddable":true,"href":"https:\/\/hot-shop.hu\/en\/wp-json\/wp\/v2\/comments?post=6248"}],"wp:featuredmedia":[{"embeddable":true,"href":"https:\/\/hot-shop.hu\/en\/wp-json\/wp\/v2\/media\/6249"}],"wp:attachment":[{"href":"https:\/\/hot-shop.hu\/en\/wp-json\/wp\/v2\/media?parent=6248"}],"wp:term":[{"taxonomy":"product_brand","embeddable":true,"href":"https:\/\/hot-shop.hu\/en\/wp-json\/wp\/v2\/product_brand?post=6248"},{"taxonomy":"product_cat","embeddable":true,"href":"https:\/\/hot-shop.hu\/en\/wp-json\/wp\/v2\/product_cat?post=6248"},{"taxonomy":"product_tag","embeddable":true,"href":"https:\/\/hot-shop.hu\/en\/wp-json\/wp\/v2\/product_tag?post=6248"}],"curies":[{"name":"wp","href":"https:\/\/api.w.org\/{rel}","templated":true}]}}