{"id":4585,"date":"2021-06-15T13:21:54","date_gmt":"2021-06-15T11:21:54","guid":{"rendered":"https:\/\/hot-shop.hu\/?post_type=product&#038;p=4585"},"modified":"2026-03-10T11:42:29","modified_gmt":"2026-03-10T09:42:29","slug":"tortilla-10-buza-paradicsom-chili-25-cm-6db","status":"publish","type":"product","link":"https:\/\/hot-shop.hu\/en\/termek\/tortilla-10-buza-paradicsom-chili-25-cm-6db\/","title":{"rendered":"Tortilla 10\u201d b\u00faza paradicsom-chili (25 cm) 6db &#8211; AMBIENT"},"content":{"rendered":"<p><strong>\u00d6sszetev\u0151k:<\/strong> B\u00daZALISZT 58%, v\u00edz, z\u00fazott paradicsom 5,5% (paradicsom, paradicsomp\u00fcr\u00e9), p\u00e1lmaolaj, j\u00f3dozott s\u00f3 (s\u00f3, k\u00e1lium-jod\u00e1t, csom\u00f3sod\u00e1sg\u00e1tl\u00f3 anyag: E535), s\u00fct\u0151por (t\u00e9rfogatn\u00f6vel\u0151 anyagok: E450i, E500ii, B\u00daZALISZT, B\u00daZAKEM\u00c9NY\u00cdT\u0150, repceolaj), margarin (n\u00f6v\u00e9nyi olajok (p\u00e1lma, repce), v\u00edz, emulge\u00e1l\u00f3szerek: E471, E475, E322, s\u00f3, savany\u00fas\u00e1got szab\u00e1lyoz\u00f3 anyag: E330, tart\u00f3s\u00edt\u00f3szer: E202, aroma, sz\u00ednez\u00e9k: E160b(i)), paprika, nedves\u00edt\u0151 szer: E422, s\u0171r\u00edt\u0151anyag: E 412, chili 0,3%, \u00e1llagjav\u00edt\u00f3 szer (B\u00daZALISZT, emulge\u00e1l\u00f3szer: E471, dextr\u00f3z, emulge\u00e1l\u00f3szerek: E450, E500, stabiliz\u00e1tor: E412, tart\u00f3s\u00edt\u00f3szerek: E282, E202, savany\u00fas\u00e1got szab\u00e1lyoz\u00f3 anyag: E296, repceolaj, teljesen m\u00e9rt\u00e9kben hidrog\u00e9nezett napraforg\u00f3olaj), tart\u00f3s\u00edt\u00f3szerek: E282, E202, savany\u00fas\u00e1got szab\u00e1lyoz\u00f3 anyag: E296. Allerg\u00e9nt nem tartalmaz, kiv\u00e9tel glut\u00e9n.<\/p>\n<table style=\"font-weight: 400;\">\n<tbody>\n<tr>\n<td colspan=\"2\" width=\"255\"><strong> T\u00e1p\u00e9rt\u00e9k 100 g-ban<\/strong><\/td>\n<\/tr>\n<tr>\n<td width=\"123\">Energia<\/td>\n<td width=\"132\">1172 kJ\/277 kcal<\/td>\n<\/tr>\n<tr>\n<td width=\"123\">Zs\u00edr<\/td>\n<td width=\"132\">5,1 g<\/td>\n<\/tr>\n<tr>\n<td width=\"123\">ebb\u0151l tel\u00edtett zs\u00edrsavak<\/td>\n<td width=\"132\">2,3 g<\/td>\n<\/tr>\n<tr>\n<td width=\"123\">Sz\u00e9nhidr\u00e1t<\/td>\n<td width=\"132\">50 g<\/td>\n<\/tr>\n<tr>\n<td width=\"123\">ebb\u0151l cukrok<\/td>\n<td width=\"132\">\u00a01,6 g<\/td>\n<\/tr>\n<tr>\n<td width=\"123\">Feh\u00e9rje<\/td>\n<td width=\"132\">8,2 g<\/td>\n<\/tr>\n<tr>\n<td width=\"123\">S\u00f3<\/td>\n<td width=\"132\">2,51 g<\/td>\n<\/tr>\n<\/tbody>\n<\/table>\n","protected":false},"excerpt":{"rendered":"<p>Paradicsomos, enyh\u00e9n chilis b\u00faza tortilla, 6 db-os kiszerel\u00e9sben. \u00c1tm\u00e9r\u0151: 25cm. S\u00faly: 450g, 10cs\/# Veg\u00e1n \u00e9s lakt\u00f3zmentes term\u00e9k. Alkalmas wrap, burrito, quesadilla stb. elk\u00e9sz\u00edt\u00e9s\u00e9re.<\/p>\n","protected":false},"featured_media":4586,"comment_status":"open","ping_status":"closed","template":"","meta":{"ocean_post_layout":"","ocean_both_sidebars_style":"","ocean_both_sidebars_content_width":0,"ocean_both_sidebars_sidebars_width":0,"ocean_sidebar":"0","ocean_second_sidebar":"0","ocean_disable_margins":"enable","ocean_add_body_class":"","ocean_shortcode_before_top_bar":"","ocean_shortcode_after_top_bar":"","ocean_shortcode_before_header":"","ocean_shortcode_after_header":"","ocean_has_shortcode":"","ocean_shortcode_after_title":"","ocean_shortcode_before_footer_widgets":"","ocean_shortcode_after_footer_widgets":"","ocean_shortcode_before_footer_bottom":"","ocean_shortcode_after_footer_bottom":"","ocean_display_top_bar":"default","ocean_display_header":"default","ocean_header_style":"","ocean_center_header_left_menu":"0","ocean_custom_header_template":"0","ocean_custom_logo":0,"ocean_custom_retina_logo":0,"ocean_custom_logo_max_width":0,"ocean_custom_logo_tablet_max_width":0,"ocean_custom_logo_mobile_max_width":0,"ocean_custom_logo_max_height":0,"ocean_custom_logo_tablet_max_height":0,"ocean_custom_logo_mobile_max_height":0,"ocean_header_custom_menu":"0","ocean_menu_typo_font_family":"0","ocean_menu_typo_font_subset":"","ocean_menu_typo_font_size":0,"ocean_menu_typo_font_size_tablet":0,"ocean_menu_typo_font_size_mobile":0,"ocean_menu_typo_font_size_unit":"px","ocean_menu_typo_font_weight":"","ocean_menu_typo_font_weight_tablet":"","ocean_menu_typo_font_weight_mobile":"","ocean_menu_typo_transform":"","ocean_menu_typo_transform_tablet":"","ocean_menu_typo_transform_mobile":"","ocean_menu_typo_line_height":0,"ocean_menu_typo_line_height_tablet":0,"ocean_menu_typo_line_height_mobile":0,"ocean_menu_typo_line_height_unit":"","ocean_menu_typo_spacing":0,"ocean_menu_typo_spacing_tablet":0,"ocean_menu_typo_spacing_mobile":0,"ocean_menu_typo_spacing_unit":"","ocean_menu_link_color":"","ocean_menu_link_color_hover":"","ocean_menu_link_color_active":"","ocean_menu_link_background":"","ocean_menu_link_hover_background":"","ocean_menu_link_active_background":"","ocean_menu_social_links_bg":"","ocean_menu_social_hover_links_bg":"","ocean_menu_social_links_color":"","ocean_menu_social_hover_links_color":"","ocean_disable_title":"default","ocean_disable_heading":"default","ocean_post_title":"","ocean_post_subheading":"","ocean_post_title_style":"","ocean_post_title_background_color":"","ocean_post_title_background":0,"ocean_post_title_bg_image_position":"","ocean_post_title_bg_image_attachment":"","ocean_post_title_bg_image_repeat":"","ocean_post_title_bg_image_size":"","ocean_post_title_height":0,"ocean_post_title_bg_overlay":0.5,"ocean_post_title_bg_overlay_color":"","ocean_disable_breadcrumbs":"default","ocean_breadcrumbs_color":"","ocean_breadcrumbs_separator_color":"","ocean_breadcrumbs_links_color":"","ocean_breadcrumbs_links_hover_color":"","ocean_display_footer_widgets":"default","ocean_display_footer_bottom":"default","ocean_custom_footer_template":"0"},"product_brand":[],"product_cat":[145,149],"product_tag":[54],"class_list":{"0":"post-4585","1":"product","2":"type-product","3":"status-publish","4":"has-post-thumbnail","6":"product_cat-tortilla","7":"product_cat-hosszu-ideig-eltarthato-buza-tortillak","8":"product_tag-nuevo-progreso","10":"entry","11":"has-media","13":"first","14":"instock","15":"taxable","16":"shipping-taxable","17":"purchasable","18":"product-type-simple","19":"col","20":"span_1_of_2","21":"owp-content-center","22":"owp-thumbs-layout-horizontal","23":"owp-btn-normal","24":"owp-tabs-layout-horizontal"},"_links":{"self":[{"href":"https:\/\/hot-shop.hu\/en\/wp-json\/wp\/v2\/product\/4585","targetHints":{"allow":["GET"]}}],"collection":[{"href":"https:\/\/hot-shop.hu\/en\/wp-json\/wp\/v2\/product"}],"about":[{"href":"https:\/\/hot-shop.hu\/en\/wp-json\/wp\/v2\/types\/product"}],"replies":[{"embeddable":true,"href":"https:\/\/hot-shop.hu\/en\/wp-json\/wp\/v2\/comments?post=4585"}],"wp:featuredmedia":[{"embeddable":true,"href":"https:\/\/hot-shop.hu\/en\/wp-json\/wp\/v2\/media\/4586"}],"wp:attachment":[{"href":"https:\/\/hot-shop.hu\/en\/wp-json\/wp\/v2\/media?parent=4585"}],"wp:term":[{"taxonomy":"product_brand","embeddable":true,"href":"https:\/\/hot-shop.hu\/en\/wp-json\/wp\/v2\/product_brand?post=4585"},{"taxonomy":"product_cat","embeddable":true,"href":"https:\/\/hot-shop.hu\/en\/wp-json\/wp\/v2\/product_cat?post=4585"},{"taxonomy":"product_tag","embeddable":true,"href":"https:\/\/hot-shop.hu\/en\/wp-json\/wp\/v2\/product_tag?post=4585"}],"curies":[{"name":"wp","href":"https:\/\/api.w.org\/{rel}","templated":true}]}}