{"id":4583,"date":"2021-06-15T13:09:08","date_gmt":"2021-06-15T11:09:08","guid":{"rendered":"https:\/\/hot-shop.hu\/?post_type=product&#038;p=4583"},"modified":"2026-02-04T19:01:48","modified_gmt":"2026-02-04T17:01:48","slug":"tortilla-10-buza-spenotos-25-cm-6db","status":"publish","type":"product","link":"https:\/\/hot-shop.hu\/en\/termek\/tortilla-10-buza-spenotos-25-cm-6db\/","title":{"rendered":"Tortilla 10\u201d b\u00faza spen\u00f3tos (25 cm) 6db &#8211; AMBIENT"},"content":{"rendered":"<p><strong>B\u00fazatortilla spen\u00f3ttal &#8211; egyedi mexik\u00f3i keny\u00e9rfajta<\/strong><\/p>\n<p><strong>\u00d6sszetev\u0151k:<\/strong> B\u00daZALISZT 57 %, v\u00edz, spen\u00f3tp\u00fcr\u00e9 6 %, p\u00e1lmaolaj, j\u00f3dozott s\u00f3 (s\u00f3, k\u00e1lium-jod\u00e1t, csom\u00f3sod\u00e1sg\u00e1tl\u00f3: E535), s\u00fct\u0151por (keleszt\u0151 anyagok: E450i, E500ii, B\u00daZALISZT, B\u00daZAKEM\u00c9NY\u00cdT\u0150, repceolaj), margarin (n\u00f6v\u00e9nyi olajok (p\u00e1lma, repce), v\u00edz, emulge\u00e1l\u00f3szerek: E471, E475, E322, s\u00f3, savany\u00fas\u00e1got szab\u00e1lyoz\u00f3 anyag: E330, tart\u00f3s\u00edt\u00f3szer: E202, aroma, sz\u00ednez\u00e9k: E160b(i)), nedves\u00edt\u0151szer: E 422, s\u0171r\u00edt\u0151anyag: E412, min\u0151s\u00e9gjav\u00edt\u00f3 szer (B\u00daZALISZT, emulge\u00e1l\u00f3szer: E471, dextr\u00f3z, s\u00fct\u0151por: E450, E500, stabiliz\u00e1tor: E412, tart\u00f3s\u00edt\u00f3szerek: E282, E202, savany\u00fas\u00e1got szab\u00e1lyoz\u00f3 anyag: E296. Liszt \u00e9s spen\u00f3t sz\u00e1rmaz\u00e1si helye: EU.<\/p>\n<table style=\"font-weight: 400;\">\n<tbody>\n<tr>\n<td colspan=\"2\" width=\"255\"><strong> T\u00e1p\u00e9rt\u00e9k 100 g-ban<\/strong><\/td>\n<\/tr>\n<tr>\n<td width=\"123\">Energia<\/td>\n<td width=\"132\">1083 kJ\/255 kcal<\/td>\n<\/tr>\n<tr>\n<td width=\"123\">Zs\u00edr<\/td>\n<td width=\"132\">5,5 g<\/td>\n<\/tr>\n<tr>\n<td width=\"123\">ebb\u0151l tel\u00edtett zs\u00edrsavak<\/td>\n<td width=\"132\">3,18 g<\/td>\n<\/tr>\n<tr>\n<td width=\"123\">Sz\u00e9nhidr\u00e1t<\/td>\n<td width=\"132\">52,79 g<\/td>\n<\/tr>\n<tr>\n<td width=\"123\">ebb\u0151l cukrok<\/td>\n<td width=\"132\">1,96 g<\/td>\n<\/tr>\n<tr>\n<td width=\"123\">Feh\u00e9rje<\/td>\n<td width=\"132\">8,49 g<\/td>\n<\/tr>\n<tr>\n<td width=\"123\">S\u00f3<\/td>\n<td width=\"132\">2,67 g<\/td>\n<\/tr>\n<\/tbody>\n<\/table>\n","protected":false},"excerpt":{"rendered":"<p>Spen\u00f3tos b\u00faza tortilla 6 db-os kiszerel\u00e9sben. 10cs\/# \u00c1tm\u00e9r\u0151: 25cm. S\u00faly: 450g Tart\u00f3s\u00edt\u00f3szer mentes, veg\u00e1n \u00e9s lakt\u00f3zmentes term\u00e9k. Aj\u00e1nlott wrap, burrito, quesadilla stb. k\u00e9sz\u00edt\u00e9s\u00e9hez.<\/p>\n<p>&nbsp;<\/p>\n","protected":false},"featured_media":12807,"comment_status":"open","ping_status":"closed","template":"","meta":{"ocean_post_layout":"","ocean_both_sidebars_style":"","ocean_both_sidebars_content_width":0,"ocean_both_sidebars_sidebars_width":0,"ocean_sidebar":"0","ocean_second_sidebar":"0","ocean_disable_margins":"enable","ocean_add_body_class":"","ocean_shortcode_before_top_bar":"","ocean_shortcode_after_top_bar":"","ocean_shortcode_before_header":"","ocean_shortcode_after_header":"","ocean_has_shortcode":"","ocean_shortcode_after_title":"","ocean_shortcode_before_footer_widgets":"","ocean_shortcode_after_footer_widgets":"","ocean_shortcode_before_footer_bottom":"","ocean_shortcode_after_footer_bottom":"","ocean_display_top_bar":"default","ocean_display_header":"default","ocean_header_style":"","ocean_center_header_left_menu":"0","ocean_custom_header_template":"0","ocean_custom_logo":0,"ocean_custom_retina_logo":0,"ocean_custom_logo_max_width":0,"ocean_custom_logo_tablet_max_width":0,"ocean_custom_logo_mobile_max_width":0,"ocean_custom_logo_max_height":0,"ocean_custom_logo_tablet_max_height":0,"ocean_custom_logo_mobile_max_height":0,"ocean_header_custom_menu":"0","ocean_menu_typo_font_family":"0","ocean_menu_typo_font_subset":"","ocean_menu_typo_font_size":0,"ocean_menu_typo_font_size_tablet":0,"ocean_menu_typo_font_size_mobile":0,"ocean_menu_typo_font_size_unit":"px","ocean_menu_typo_font_weight":"","ocean_menu_typo_font_weight_tablet":"","ocean_menu_typo_font_weight_mobile":"","ocean_menu_typo_transform":"","ocean_menu_typo_transform_tablet":"","ocean_menu_typo_transform_mobile":"","ocean_menu_typo_line_height":0,"ocean_menu_typo_line_height_tablet":0,"ocean_menu_typo_line_height_mobile":0,"ocean_menu_typo_line_height_unit":"","ocean_menu_typo_spacing":0,"ocean_menu_typo_spacing_tablet":0,"ocean_menu_typo_spacing_mobile":0,"ocean_menu_typo_spacing_unit":"","ocean_menu_link_color":"","ocean_menu_link_color_hover":"","ocean_menu_link_color_active":"","ocean_menu_link_background":"","ocean_menu_link_hover_background":"","ocean_menu_link_active_background":"","ocean_menu_social_links_bg":"","ocean_menu_social_hover_links_bg":"","ocean_menu_social_links_color":"","ocean_menu_social_hover_links_color":"","ocean_disable_title":"default","ocean_disable_heading":"default","ocean_post_title":"","ocean_post_subheading":"","ocean_post_title_style":"","ocean_post_title_background_color":"","ocean_post_title_background":0,"ocean_post_title_bg_image_position":"","ocean_post_title_bg_image_attachment":"","ocean_post_title_bg_image_repeat":"","ocean_post_title_bg_image_size":"","ocean_post_title_height":0,"ocean_post_title_bg_overlay":0.5,"ocean_post_title_bg_overlay_color":"","ocean_disable_breadcrumbs":"default","ocean_breadcrumbs_color":"","ocean_breadcrumbs_separator_color":"","ocean_breadcrumbs_links_color":"","ocean_breadcrumbs_links_hover_color":"","ocean_display_footer_widgets":"default","ocean_display_footer_bottom":"default","ocean_custom_footer_template":"0"},"product_brand":[],"product_cat":[145,149],"product_tag":[],"class_list":{"0":"post-4583","1":"product","2":"type-product","3":"status-publish","4":"has-post-thumbnail","6":"product_cat-tortilla","7":"product_cat-hosszu-ideig-eltarthato-buza-tortillak","9":"entry","10":"has-media","12":"first","13":"instock","14":"taxable","15":"shipping-taxable","16":"purchasable","17":"product-type-simple","18":"col","19":"span_1_of_2","20":"owp-content-center","21":"owp-thumbs-layout-horizontal","22":"owp-btn-normal","23":"owp-tabs-layout-horizontal"},"_links":{"self":[{"href":"https:\/\/hot-shop.hu\/en\/wp-json\/wp\/v2\/product\/4583","targetHints":{"allow":["GET"]}}],"collection":[{"href":"https:\/\/hot-shop.hu\/en\/wp-json\/wp\/v2\/product"}],"about":[{"href":"https:\/\/hot-shop.hu\/en\/wp-json\/wp\/v2\/types\/product"}],"replies":[{"embeddable":true,"href":"https:\/\/hot-shop.hu\/en\/wp-json\/wp\/v2\/comments?post=4583"}],"wp:featuredmedia":[{"embeddable":true,"href":"https:\/\/hot-shop.hu\/en\/wp-json\/wp\/v2\/media\/12807"}],"wp:attachment":[{"href":"https:\/\/hot-shop.hu\/en\/wp-json\/wp\/v2\/media?parent=4583"}],"wp:term":[{"taxonomy":"product_brand","embeddable":true,"href":"https:\/\/hot-shop.hu\/en\/wp-json\/wp\/v2\/product_brand?post=4583"},{"taxonomy":"product_cat","embeddable":true,"href":"https:\/\/hot-shop.hu\/en\/wp-json\/wp\/v2\/product_cat?post=4583"},{"taxonomy":"product_tag","embeddable":true,"href":"https:\/\/hot-shop.hu\/en\/wp-json\/wp\/v2\/product_tag?post=4583"}],"curies":[{"name":"wp","href":"https:\/\/api.w.org\/{rel}","templated":true}]}}