{"id":2944,"date":"2020-10-02T19:25:30","date_gmt":"2020-10-02T17:25:30","guid":{"rendered":"https:\/\/hot-shop.hu\/?post_type=product&#038;p=2944"},"modified":"2026-04-02T13:11:22","modified_gmt":"2026-04-02T11:11:22","slug":"taco-shells-200db","status":"publish","type":"product","link":"https:\/\/hot-shop.hu\/en\/termek\/taco-shells-200db\/","title":{"rendered":"Taco Shells &#8211; Taco kagyl\u00f3 10x20db"},"content":{"rendered":"<p>A ropog\u00f3s taco kagyl\u00f3 h\u00fassal \u00e9s z\u00f6lds\u00e9gekkel val\u00f3 t\u00f6lt\u00e9sre alkalmas.<br \/>\nH\u0171v\u00f6s, sz\u00e1raz helyen t\u00e1roland\u00f3.<br \/>\n<strong>\u00d6sszetev\u0151k<\/strong>: kukoricaliszt 72%, v\u00edz, s\u00f3, napraforg\u00f3 olaj. Nyomokban tartalmazhat: b\u00faza, sz\u00f3ja.<\/p>\n<table style=\"font-weight: 400;\">\n<tbody>\n<tr>\n<td colspan=\"2\" width=\"255\"><strong>\u00c1tlagos t\u00e1p\u00e9rt\u00e9k 100 g-ban<\/strong><\/td>\n<\/tr>\n<tr>\n<td width=\"123\">Energia<\/td>\n<td width=\"132\">2050 kJ\/489 kcal<\/td>\n<\/tr>\n<tr>\n<td width=\"123\">Zs\u00edr<\/td>\n<td width=\"132\">26 g<\/td>\n<\/tr>\n<tr>\n<td width=\"123\">ebb\u0151l tel\u00edtett zs\u00edrsavak<\/td>\n<td width=\"132\">2,4 g<\/td>\n<\/tr>\n<tr>\n<td width=\"123\">Sz\u00e9nhidr\u00e1t<\/td>\n<td width=\"132\">56 g<\/td>\n<\/tr>\n<tr>\n<td width=\"123\">ebb\u0151l cukrok<\/td>\n<td width=\"132\">1,5 g<\/td>\n<\/tr>\n<tr>\n<td width=\"123\">Feh\u00e9rje<\/td>\n<td width=\"132\">5,1 g<\/td>\n<\/tr>\n<tr>\n<td width=\"123\">S\u00f3<\/td>\n<td width=\"132\">1,0 g<\/td>\n<\/tr>\n<\/tbody>\n<\/table>\n","protected":false},"excerpt":{"rendered":"<p>Kukoricalisztb\u0151l k\u00e9sz\u00fclt, egym\u00e1sba sorolt, s\u00fclt, ropog\u00f3s kukorica tortilla, taco-hoz. Glut\u00e9nmentes, f\u00e9lk\u00e9sz \u00e1ru. A kagyl\u00f3 form\u00e1j\u00fa, kem\u00e9ny taco gyors megold\u00e1s rendezv\u00e9nyekre, partikra, fast food \u00e9ttermek sz\u00e1m\u00e1ra. A term\u00e9k 200db taco kagyl\u00f3t tartalmaz.<\/p>\n<p>A taco kagyl\u00f3kat t\u00f6r\u00e9kenys\u00e9g\u00fck miatt, sajnos nem \u00e1ll m\u00f3dunkban post\u00e1zni. C\u00e9g\u00fcnk \u00e1ltali kisz\u00e1ll\u00edt\u00e1sra, amennyiben a 30 km-es sz\u00e1ll\u00edt\u00e1si t\u00e1vols\u00e1gon t\u00fal esik, kiz\u00e1r\u00f3lag az 1000 Ft\/ km netto el\u00e9r\u00e9sekor van lehet\u0151s\u00e9g. L\u00e1sd regisztr\u00e1ci\u00f3s oldal.<\/p>\n","protected":false},"featured_media":2572,"comment_status":"open","ping_status":"closed","template":"","meta":{"ocean_post_layout":"","ocean_both_sidebars_style":"","ocean_both_sidebars_content_width":0,"ocean_both_sidebars_sidebars_width":0,"ocean_sidebar":"0","ocean_second_sidebar":"0","ocean_disable_margins":"enable","ocean_add_body_class":"","ocean_shortcode_before_top_bar":"","ocean_shortcode_after_top_bar":"","ocean_shortcode_before_header":"","ocean_shortcode_after_header":"","ocean_has_shortcode":"","ocean_shortcode_after_title":"","ocean_shortcode_before_footer_widgets":"","ocean_shortcode_after_footer_widgets":"","ocean_shortcode_before_footer_bottom":"","ocean_shortcode_after_footer_bottom":"","ocean_display_top_bar":"default","ocean_display_header":"default","ocean_header_style":"","ocean_center_header_left_menu":"0","ocean_custom_header_template":"0","ocean_custom_logo":0,"ocean_custom_retina_logo":0,"ocean_custom_logo_max_width":0,"ocean_custom_logo_tablet_max_width":0,"ocean_custom_logo_mobile_max_width":0,"ocean_custom_logo_max_height":0,"ocean_custom_logo_tablet_max_height":0,"ocean_custom_logo_mobile_max_height":0,"ocean_header_custom_menu":"0","ocean_menu_typo_font_family":"0","ocean_menu_typo_font_subset":"","ocean_menu_typo_font_size":0,"ocean_menu_typo_font_size_tablet":0,"ocean_menu_typo_font_size_mobile":0,"ocean_menu_typo_font_size_unit":"px","ocean_menu_typo_font_weight":"","ocean_menu_typo_font_weight_tablet":"","ocean_menu_typo_font_weight_mobile":"","ocean_menu_typo_transform":"","ocean_menu_typo_transform_tablet":"","ocean_menu_typo_transform_mobile":"","ocean_menu_typo_line_height":0,"ocean_menu_typo_line_height_tablet":0,"ocean_menu_typo_line_height_mobile":0,"ocean_menu_typo_line_height_unit":"","ocean_menu_typo_spacing":0,"ocean_menu_typo_spacing_tablet":0,"ocean_menu_typo_spacing_mobile":0,"ocean_menu_typo_spacing_unit":"","ocean_menu_link_color":"","ocean_menu_link_color_hover":"","ocean_menu_link_color_active":"","ocean_menu_link_background":"","ocean_menu_link_hover_background":"","ocean_menu_link_active_background":"","ocean_menu_social_links_bg":"","ocean_menu_social_hover_links_bg":"","ocean_menu_social_links_color":"","ocean_menu_social_hover_links_color":"","ocean_disable_title":"default","ocean_disable_heading":"default","ocean_post_title":"","ocean_post_subheading":"","ocean_post_title_style":"","ocean_post_title_background_color":"","ocean_post_title_background":0,"ocean_post_title_bg_image_position":"","ocean_post_title_bg_image_attachment":"","ocean_post_title_bg_image_repeat":"","ocean_post_title_bg_image_size":"","ocean_post_title_height":0,"ocean_post_title_bg_overlay":0.5,"ocean_post_title_bg_overlay_color":"","ocean_disable_breadcrumbs":"default","ocean_breadcrumbs_color":"","ocean_breadcrumbs_separator_color":"","ocean_breadcrumbs_links_color":"","ocean_breadcrumbs_links_hover_color":"","ocean_display_footer_widgets":"default","ocean_display_footer_bottom":"default","ocean_custom_footer_template":"0"},"product_brand":[],"product_cat":[145,150,233],"product_tag":[270],"class_list":{"0":"post-2944","1":"product","2":"type-product","3":"status-publish","4":"has-post-thumbnail","6":"product_cat-tortilla","7":"product_cat-glutenmentes-kukorica-tortillak","8":"product_cat-felkeszaru-glutenmentes-kukorica-tortillak","9":"product_tag-dijo","11":"entry","12":"has-media","14":"first","15":"instock","16":"taxable","17":"shipping-taxable","18":"purchasable","19":"product-type-simple","20":"col","21":"span_1_of_2","22":"owp-content-center","23":"owp-thumbs-layout-horizontal","24":"owp-btn-normal","25":"owp-tabs-layout-horizontal","26":"has-no-thumbnails"},"_links":{"self":[{"href":"https:\/\/hot-shop.hu\/en\/wp-json\/wp\/v2\/product\/2944","targetHints":{"allow":["GET"]}}],"collection":[{"href":"https:\/\/hot-shop.hu\/en\/wp-json\/wp\/v2\/product"}],"about":[{"href":"https:\/\/hot-shop.hu\/en\/wp-json\/wp\/v2\/types\/product"}],"replies":[{"embeddable":true,"href":"https:\/\/hot-shop.hu\/en\/wp-json\/wp\/v2\/comments?post=2944"}],"wp:featuredmedia":[{"embeddable":true,"href":"https:\/\/hot-shop.hu\/en\/wp-json\/wp\/v2\/media\/2572"}],"wp:attachment":[{"href":"https:\/\/hot-shop.hu\/en\/wp-json\/wp\/v2\/media?parent=2944"}],"wp:term":[{"taxonomy":"product_brand","embeddable":true,"href":"https:\/\/hot-shop.hu\/en\/wp-json\/wp\/v2\/product_brand?post=2944"},{"taxonomy":"product_cat","embeddable":true,"href":"https:\/\/hot-shop.hu\/en\/wp-json\/wp\/v2\/product_cat?post=2944"},{"taxonomy":"product_tag","embeddable":true,"href":"https:\/\/hot-shop.hu\/en\/wp-json\/wp\/v2\/product_tag?post=2944"}],"curies":[{"name":"wp","href":"https:\/\/api.w.org\/{rel}","templated":true}]}}