{"id":29323,"date":"2026-03-24T12:41:10","date_gmt":"2026-03-24T10:41:10","guid":{"rendered":"https:\/\/hot-shop.hu\/?post_type=product&#038;p=29323"},"modified":"2026-04-02T15:24:36","modified_gmt":"2026-04-02T13:24:36","slug":"worcestershire-szosz-472-ml-6-colgin","status":"publish","type":"product","link":"https:\/\/hot-shop.hu\/en\/termek\/worcestershire-szosz-472-ml-6-colgin\/","title":{"rendered":"Worcestershire sz\u00f3sz 472 ml 6\/# &#8211; Colgin"},"content":{"rendered":"<p>A Colgin term\u00e9kek teljesen term\u00e9szetes foly\u00e9kony f\u00fcst alap\u00faak, adal\u00e9kanyagok \u00e9s tart\u00f3s\u00edt\u00f3szerek n\u00e9lk\u00fcl \u2013 nem tartalmaznak \u00e1llati eredet\u0171 mell\u00e9kterm\u00e9keket \u00e9s glut\u00e9nmentesek. Ez az els\u0151 Worcestershire sz\u00f3sz amelyr\u0151l kider\u00fclt, hogy teljesen veg\u00e1n. Ancsovis helyett melaszt haszn\u00e1lnak \u00e9s j\u00f3l m\u0171k\u00f6dik.<\/p>\n<p><strong><b>\u00d6sszetev\u0151k:<\/b><\/strong> v\u00edz, ecet, cukor, melasz, s\u00f3, magas frukt\u00f3ztartalm\u00fa kukoricaszirup, karamell\u00a0sz\u00ednez\u00e9k, sz\u00e1r\u00edtott fokhagyma, citromsav, f\u0171szerek, chili paprika, autentikus f\u00fcstaroma, f\u0171szerkivonatok, sz\u00e1r\u00edtott hagyma, poliszorb\u00e1t 80, autentikus arom\u00e1k, hikorifa foly\u00e9kony f\u00fcstje (v\u00edz, hikorifa f\u00fcstaroma, ecet, melasz, karamell\u00a0sz\u00ednez\u00e9k, tel\u00edtett zs\u00edrsav). Szulfitokat tartalmaz.\u00a0Adal\u00e9kanyag, tart\u00f3s\u00edt\u00f3szer \u00e9s glut\u00e9nmentes.<\/p>\n<p>Kosher jelz\u00e9ssel ell\u00e1tott term\u00e9k (Dallas Kosher). Sz\u00e1rmaz\u00e1si hely: USA.<\/p>\n<table style=\"height: 400px;\" width=\"347\">\n<tbody>\n<tr>\n<td colspan=\"2\" width=\"87\"><strong><b>\u00c1tlagos t\u00e1p\u00e9rt\u00e9k 100ml-b<\/b><\/strong><strong><b>en<\/b><\/strong><\/td>\n<\/tr>\n<tr>\n<td width=\"47\">Energia:<\/td>\n<td width=\"39\">374kj\u00a0\/\u00a088kcal<\/td>\n<\/tr>\n<tr>\n<td width=\"47\">Zs\u00edr:<\/td>\n<td width=\"39\">0g<\/td>\n<\/tr>\n<tr>\n<td width=\"47\">&#8211; amelyb\u0151l tel\u00edtett zs\u00edrsavak:<\/td>\n<td width=\"39\">0g<\/td>\n<\/tr>\n<tr>\n<td width=\"47\">Sz\u00e9nhidr\u00e1t:<\/td>\n<td width=\"39\">22g<\/td>\n<\/tr>\n<tr>\n<td width=\"47\">&#8211; amelyb\u0151l cukrok:<\/td>\n<td width=\"39\">22g<\/td>\n<\/tr>\n<tr>\n<td width=\"47\">Feh\u00e9rje:<\/td>\n<td width=\"39\">0g<\/td>\n<\/tr>\n<tr>\n<td width=\"47\">S\u00f3:<\/td>\n<td width=\"39\">5,5g<\/td>\n<\/tr>\n<\/tbody>\n<\/table>\n","protected":false},"excerpt":{"rendered":"<p>Trad\u00edcion\u00e1lis Worchestershire sz\u00f3sz term\u00e9szetes foly\u00e9kony f\u00fcsttel. 6\/# Pik\u00e1ns, enyh\u00e9n f\u00fcst\u00f6s \u00edz jellemzi. Aj\u00e1nlott Carne BBQ, sz\u00e1rnyasok, marha, valamint hal \u00e9s bab, k\u00fcl\u00f6nb\u00f6z\u0151 grillezett \u00e9telek, levesek \u00edzes\u00edt\u00e9s\u00e9re. 1938-ban S.E. Colgin \u00e9s fia, Richard megalkott\u00e1k a jellegzetesen amerikai st\u00edlus\u00fa Worcestershire sz\u00f3szt. Nem kellett sok\u00e1ig v\u00e1rni, mire az autentikus hickory f\u00fcst\u00f6lt \u00edz ir\u00e1nti rajong\u00e1sukat az asztalra is \u00e1t\u00fcltett\u00e9k, \u00e9s l\u00e9trehoztak egy \u00edzletes, f\u0171szeres, pik\u00e1ns, f\u00fcst\u00f6s jelleg\u0171 Worcestershire sz\u00f3szt. Colgin kiz\u00e1r\u00f3lag a legmagasabb min\u0151s\u00e9g\u0171 alapanyagokat haszn\u00e1lja. A Worchestershire sz\u00f3sszal id\u0151t \u00e9s p\u00e9nzt takar\u00edthatsz meg, \u00e9s pillanatok alatt \u00edzletes \u00e9teleket k\u00e9sz\u00edthetsz, amelyet a csal\u00e1d is im\u00e1dni fog.<\/p>\n<p>&nbsp;<\/p>\n<p>&nbsp;<\/p>\n","protected":false},"featured_media":29320,"comment_status":"open","ping_status":"closed","template":"","meta":{"ocean_post_layout":"","ocean_both_sidebars_style":"","ocean_both_sidebars_content_width":0,"ocean_both_sidebars_sidebars_width":0,"ocean_sidebar":"0","ocean_second_sidebar":"0","ocean_disable_margins":"enable","ocean_add_body_class":"","ocean_shortcode_before_top_bar":"","ocean_shortcode_after_top_bar":"","ocean_shortcode_before_header":"","ocean_shortcode_after_header":"","ocean_has_shortcode":"","ocean_shortcode_after_title":"","ocean_shortcode_before_footer_widgets":"","ocean_shortcode_after_footer_widgets":"","ocean_shortcode_before_footer_bottom":"","ocean_shortcode_after_footer_bottom":"","ocean_display_top_bar":"default","ocean_display_header":"default","ocean_header_style":"","ocean_center_header_left_menu":"0","ocean_custom_header_template":"0","ocean_custom_logo":0,"ocean_custom_retina_logo":0,"ocean_custom_logo_max_width":0,"ocean_custom_logo_tablet_max_width":0,"ocean_custom_logo_mobile_max_width":0,"ocean_custom_logo_max_height":0,"ocean_custom_logo_tablet_max_height":0,"ocean_custom_logo_mobile_max_height":0,"ocean_header_custom_menu":"0","ocean_menu_typo_font_family":"0","ocean_menu_typo_font_subset":"","ocean_menu_typo_font_size":0,"ocean_menu_typo_font_size_tablet":0,"ocean_menu_typo_font_size_mobile":0,"ocean_menu_typo_font_size_unit":"px","ocean_menu_typo_font_weight":"","ocean_menu_typo_font_weight_tablet":"","ocean_menu_typo_font_weight_mobile":"","ocean_menu_typo_transform":"","ocean_menu_typo_transform_tablet":"","ocean_menu_typo_transform_mobile":"","ocean_menu_typo_line_height":0,"ocean_menu_typo_line_height_tablet":0,"ocean_menu_typo_line_height_mobile":0,"ocean_menu_typo_line_height_unit":"","ocean_menu_typo_spacing":0,"ocean_menu_typo_spacing_tablet":0,"ocean_menu_typo_spacing_mobile":0,"ocean_menu_typo_spacing_unit":"","ocean_menu_link_color":"","ocean_menu_link_color_hover":"","ocean_menu_link_color_active":"","ocean_menu_link_background":"","ocean_menu_link_hover_background":"","ocean_menu_link_active_background":"","ocean_menu_social_links_bg":"","ocean_menu_social_hover_links_bg":"","ocean_menu_social_links_color":"","ocean_menu_social_hover_links_color":"","ocean_disable_title":"default","ocean_disable_heading":"default","ocean_post_title":"","ocean_post_subheading":"","ocean_post_title_style":"","ocean_post_title_background_color":"","ocean_post_title_background":0,"ocean_post_title_bg_image_position":"","ocean_post_title_bg_image_attachment":"","ocean_post_title_bg_image_repeat":"","ocean_post_title_bg_image_size":"","ocean_post_title_height":0,"ocean_post_title_bg_overlay":0.5,"ocean_post_title_bg_overlay_color":"","ocean_disable_breadcrumbs":"default","ocean_breadcrumbs_color":"","ocean_breadcrumbs_separator_color":"","ocean_breadcrumbs_links_color":"","ocean_breadcrumbs_links_hover_color":"","ocean_display_footer_widgets":"default","ocean_display_footer_bottom":"default","ocean_custom_footer_template":"0"},"product_brand":[],"product_cat":[181,182,195,238,180],"product_tag":[267],"class_list":{"0":"post-29323","1":"product","2":"type-product","3":"status-publish","4":"has-post-thumbnail","6":"product_cat-szoszok","7":"product_cat-chili-szoszok-szoszok","8":"product_cat-dobozos-folyekony-fust-amerikai-konyha","9":"product_cat-uj-termekek","10":"product_cat-amerikai-konyha","11":"product_tag-colgin","13":"entry","14":"has-media","16":"first","17":"instock","18":"taxable","19":"shipping-taxable","20":"purchasable","21":"product-type-simple","22":"col","23":"span_1_of_2","24":"owp-content-center","25":"owp-thumbs-layout-horizontal","26":"owp-btn-normal","27":"owp-tabs-layout-horizontal","28":"has-no-thumbnails"},"_links":{"self":[{"href":"https:\/\/hot-shop.hu\/en\/wp-json\/wp\/v2\/product\/29323","targetHints":{"allow":["GET"]}}],"collection":[{"href":"https:\/\/hot-shop.hu\/en\/wp-json\/wp\/v2\/product"}],"about":[{"href":"https:\/\/hot-shop.hu\/en\/wp-json\/wp\/v2\/types\/product"}],"replies":[{"embeddable":true,"href":"https:\/\/hot-shop.hu\/en\/wp-json\/wp\/v2\/comments?post=29323"}],"wp:featuredmedia":[{"embeddable":true,"href":"https:\/\/hot-shop.hu\/en\/wp-json\/wp\/v2\/media\/29320"}],"wp:attachment":[{"href":"https:\/\/hot-shop.hu\/en\/wp-json\/wp\/v2\/media?parent=29323"}],"wp:term":[{"taxonomy":"product_brand","embeddable":true,"href":"https:\/\/hot-shop.hu\/en\/wp-json\/wp\/v2\/product_brand?post=29323"},{"taxonomy":"product_cat","embeddable":true,"href":"https:\/\/hot-shop.hu\/en\/wp-json\/wp\/v2\/product_cat?post=29323"},{"taxonomy":"product_tag","embeddable":true,"href":"https:\/\/hot-shop.hu\/en\/wp-json\/wp\/v2\/product_tag?post=29323"}],"curies":[{"name":"wp","href":"https:\/\/api.w.org\/{rel}","templated":true}]}}