{"id":29040,"date":"2026-03-12T17:50:06","date_gmt":"2026-03-12T15:50:06","guid":{"rendered":"https:\/\/hot-shop.hu\/?post_type=product&#038;p=29040"},"modified":"2026-03-12T18:02:22","modified_gmt":"2026-03-12T16:02:22","slug":"hot-smoky-bbq-szosz-550g-6-lillies","status":"publish","type":"product","link":"https:\/\/hot-shop.hu\/en\/termek\/hot-smoky-bbq-szosz-550g-6-lillies\/","title":{"rendered":"Hot Smoky BBQ sz\u00f3sz 550g 6\/# LILLIE&#8217;s"},"content":{"rendered":"<p><strong>\u00d6sszetev\u0151k:<\/strong>\u00a0iv\u00f3v\u00edz, n\u00e1dcukor, ecet (SZULFIT-ot tartalmaz), paradicsomp\u00fcr\u00e9, MUST\u00c1R (ecet, iv\u00f3v\u00edz, MUST\u00c1RMAG, s\u00f3, kurkuma, paprika, f\u0171szerek, term\u00e9szetes fokhagyma aroma), f\u00fcstaroma, melasz, s\u00f3, m\u00f3dos\u00edtott kem\u00e9ny\u00edt\u0151, cayenne\u00a0chilipaprika, limel\u00e9, paprika, fokhagyma, hagyma, szegf\u0171bors, fekete bors, tamarind\u00a0paszta (tamarind 55%, iv\u00f3v\u00edz, tart\u00f3s\u00edt\u00f3szer: n\u00e1trium-diszulfit), sz\u00ednez\u00e9k: E150c, aroma.<\/p>\n<p>T\u00e1rol\u00e1s: 0\u00b0C \u00e9s + 25\u00b0C k\u00f6z\u00f6tt.<\/p>\n<table style=\"height: 275px;\" width=\"360\">\n<tbody>\n<tr>\n<td colspan=\"2\" width=\"254\"><strong>T\u00e1p\u00e9rt\u00e9k 100g-ban<\/strong><\/td>\n<\/tr>\n<tr>\n<td width=\"122\">Energia<\/td>\n<td width=\"132\">506 kJ\/119 kcal<\/td>\n<\/tr>\n<tr>\n<td width=\"122\">Zs\u00edrok<\/td>\n<td width=\"132\">\u00a01,0 g<\/td>\n<\/tr>\n<tr>\n<td width=\"122\">\u00a0ebb\u0151l tel\u00edtett zs\u00edrsavak<\/td>\n<td width=\"132\">0 g<\/td>\n<\/tr>\n<tr>\n<td width=\"122\">Sz\u00e9nhidr\u00e1t<\/td>\n<td width=\"132\">27 g<\/td>\n<\/tr>\n<tr>\n<td width=\"122\">ebb\u0151l cukrok<\/td>\n<td width=\"132\">25 g<\/td>\n<\/tr>\n<tr>\n<td width=\"122\">Feh\u00e9rje<\/td>\n<td width=\"132\">1,0 g<\/td>\n<\/tr>\n<tr>\n<td width=\"122\">S\u00f3<\/td>\n<td width=\"132\">2,6 g<\/td>\n<\/tr>\n<\/tbody>\n<\/table>\n","protected":false},"excerpt":{"rendered":"<p>Ez a memphisi st\u00edlus\u00fa barbecue sz\u00f3sz \u00e9des \u00e9s cs\u00edp\u0151s, egy csipetnyi f\u00fcsttel. Aj\u00e1nlott lassan s\u00fclt bord\u00e1hoz, BBQ \u00e9telekbe, t\u00e9pett h\u00fassal, f\u00fcst\u00f6lt csirk\u00e9vel. <span data-sheets-userformat=\"{&quot;2&quot;:11137,&quot;3&quot;:{&quot;1&quot;:0},&quot;10&quot;:0,&quot;11&quot;:4,&quot;12&quot;:0,&quot;14&quot;:{&quot;1&quot;:3,&quot;3&quot;:1},&quot;16&quot;:12}\" data-sheets-value=\"{&quot;1&quot;:2,&quot;2&quot;:&quot;We love it on slow cooked ribs and smoked chicken. It also pairs well with burgers, meat loaf and sloppy joes.&quot;}\"><span dir=\"auto\">J\u00f3l illik hamburgerekhez, fas\u00edrtokhoz \u00e9s s\u00fclt krumplihoz, sajtos makar\u00f3nira is, BBQ csirk\u00e9s makar\u00f3ni sal\u00e1t\u00e1ra, de igaz\u00e1b\u00f3l nem lehet mell\u00e9ny\u00falni. M\u00e1rtogat\u00f3sk\u00e9nt, p\u00e1ck\u00e9nt \u00e9s \u00f6ntetk\u00e9nt is meg\u00e1llja a hely\u00e9t.<\/span><\/span><\/p>\n","protected":false},"featured_media":29028,"comment_status":"open","ping_status":"closed","template":"","meta":{"ocean_post_layout":"","ocean_both_sidebars_style":"","ocean_both_sidebars_content_width":0,"ocean_both_sidebars_sidebars_width":0,"ocean_sidebar":"0","ocean_second_sidebar":"0","ocean_disable_margins":"enable","ocean_add_body_class":"","ocean_shortcode_before_top_bar":"","ocean_shortcode_after_top_bar":"","ocean_shortcode_before_header":"","ocean_shortcode_after_header":"","ocean_has_shortcode":"","ocean_shortcode_after_title":"","ocean_shortcode_before_footer_widgets":"","ocean_shortcode_after_footer_widgets":"","ocean_shortcode_before_footer_bottom":"","ocean_shortcode_after_footer_bottom":"","ocean_display_top_bar":"default","ocean_display_header":"default","ocean_header_style":"","ocean_center_header_left_menu":"0","ocean_custom_header_template":"0","ocean_custom_logo":0,"ocean_custom_retina_logo":0,"ocean_custom_logo_max_width":0,"ocean_custom_logo_tablet_max_width":0,"ocean_custom_logo_mobile_max_width":0,"ocean_custom_logo_max_height":0,"ocean_custom_logo_tablet_max_height":0,"ocean_custom_logo_mobile_max_height":0,"ocean_header_custom_menu":"0","ocean_menu_typo_font_family":"0","ocean_menu_typo_font_subset":"","ocean_menu_typo_font_size":0,"ocean_menu_typo_font_size_tablet":0,"ocean_menu_typo_font_size_mobile":0,"ocean_menu_typo_font_size_unit":"px","ocean_menu_typo_font_weight":"","ocean_menu_typo_font_weight_tablet":"","ocean_menu_typo_font_weight_mobile":"","ocean_menu_typo_transform":"","ocean_menu_typo_transform_tablet":"","ocean_menu_typo_transform_mobile":"","ocean_menu_typo_line_height":0,"ocean_menu_typo_line_height_tablet":0,"ocean_menu_typo_line_height_mobile":0,"ocean_menu_typo_line_height_unit":"","ocean_menu_typo_spacing":0,"ocean_menu_typo_spacing_tablet":0,"ocean_menu_typo_spacing_mobile":0,"ocean_menu_typo_spacing_unit":"","ocean_menu_link_color":"","ocean_menu_link_color_hover":"","ocean_menu_link_color_active":"","ocean_menu_link_background":"","ocean_menu_link_hover_background":"","ocean_menu_link_active_background":"","ocean_menu_social_links_bg":"","ocean_menu_social_hover_links_bg":"","ocean_menu_social_links_color":"","ocean_menu_social_hover_links_color":"","ocean_disable_title":"default","ocean_disable_heading":"default","ocean_post_title":"","ocean_post_subheading":"","ocean_post_title_style":"","ocean_post_title_background_color":"","ocean_post_title_background":0,"ocean_post_title_bg_image_position":"","ocean_post_title_bg_image_attachment":"","ocean_post_title_bg_image_repeat":"","ocean_post_title_bg_image_size":"","ocean_post_title_height":0,"ocean_post_title_bg_overlay":0.5,"ocean_post_title_bg_overlay_color":"","ocean_disable_breadcrumbs":"default","ocean_breadcrumbs_color":"","ocean_breadcrumbs_separator_color":"","ocean_breadcrumbs_links_color":"","ocean_breadcrumbs_links_hover_color":"","ocean_display_footer_widgets":"default","ocean_display_footer_bottom":"default","ocean_custom_footer_template":"0"},"product_brand":[],"product_cat":[180,181,193,238],"product_tag":[266],"class_list":{"0":"post-29040","1":"product","2":"type-product","3":"status-publish","4":"has-post-thumbnail","6":"product_cat-amerikai-konyha","7":"product_cat-szoszok","8":"product_cat-bbq-szoszok","9":"product_cat-uj-termekek","10":"product_tag-lillies","12":"entry","13":"has-media","15":"first","16":"instock","17":"taxable","18":"shipping-taxable","19":"purchasable","20":"product-type-simple","21":"col","22":"span_1_of_2","23":"owp-content-center","24":"owp-thumbs-layout-horizontal","25":"owp-btn-normal","26":"owp-tabs-layout-horizontal","27":"has-no-thumbnails"},"_links":{"self":[{"href":"https:\/\/hot-shop.hu\/en\/wp-json\/wp\/v2\/product\/29040","targetHints":{"allow":["GET"]}}],"collection":[{"href":"https:\/\/hot-shop.hu\/en\/wp-json\/wp\/v2\/product"}],"about":[{"href":"https:\/\/hot-shop.hu\/en\/wp-json\/wp\/v2\/types\/product"}],"replies":[{"embeddable":true,"href":"https:\/\/hot-shop.hu\/en\/wp-json\/wp\/v2\/comments?post=29040"}],"wp:featuredmedia":[{"embeddable":true,"href":"https:\/\/hot-shop.hu\/en\/wp-json\/wp\/v2\/media\/29028"}],"wp:attachment":[{"href":"https:\/\/hot-shop.hu\/en\/wp-json\/wp\/v2\/media?parent=29040"}],"wp:term":[{"taxonomy":"product_brand","embeddable":true,"href":"https:\/\/hot-shop.hu\/en\/wp-json\/wp\/v2\/product_brand?post=29040"},{"taxonomy":"product_cat","embeddable":true,"href":"https:\/\/hot-shop.hu\/en\/wp-json\/wp\/v2\/product_cat?post=29040"},{"taxonomy":"product_tag","embeddable":true,"href":"https:\/\/hot-shop.hu\/en\/wp-json\/wp\/v2\/product_tag?post=29040"}],"curies":[{"name":"wp","href":"https:\/\/api.w.org\/{rel}","templated":true}]}}