{"id":2891,"date":"2020-10-02T11:27:48","date_gmt":"2020-10-02T09:27:48","guid":{"rendered":"https:\/\/hot-shop.hu\/termek\/pibil-cooking-marinade-2kg\/"},"modified":"2025-03-31T20:38:30","modified_gmt":"2025-03-31T18:38:30","slug":"pibil-cooking-marinade-2kg","status":"publish","type":"product","link":"https:\/\/hot-shop.hu\/en\/termek\/pibil-cooking-marinade-2kg\/","title":{"rendered":"Pibil Cooking Marinade 2kg &#8211; El\u0151rendel\u00e9sre"},"content":{"rendered":"<p>Elk\u00e9sz\u00edt\u00e9s: 1kg h\u00fashoz (t\u00e9pett, felv\u00e1gott) 200g marin\u00e1d. A maja hagyom\u00e1ny szerint ban\u00e1n- vagy plat\u00e1nlev\u00e9lbe csomagolt\u00e1k a p\u00e1colt h\u00fast \u00e9s a f\u00f6ld alatt hosszan s\u00fct\u00f6tt\u00e9k.<\/p>\n<p>\u00d6sszetev\u0151k: narancsl\u00e9, v\u00edz, achiote paszta, hagyma, ecet, kukoricakem\u00e9ny\u00edt\u0151, f\u0171szerek, s\u00f3, fokhagyma, cukor, tart\u00f3s\u00edt\u00f3szer: k\u00e1lium-szorb\u00e1t 0,1%.<\/p>\n","protected":false},"excerpt":{"rendered":"<p>Egyedi \u00edz\u0171, nem cs\u00edp\u0151s h\u00fasp\u00e1c. EL\u0150RENDEL\u00c9SRE! 6db\/#\u00a0 A citrusok \u00e9s az &#8220;Achiote&#8221; paszta v\u00f6r\u00f6s sz\u00ednt \u00e9s enyhe tr\u00f3pusi, gy\u00fcm\u00f6lcs\u00f6s \u00edzt k\u00f6lcs\u00f6n\u00f6z a h\u00fasnak. Haszn\u00e1lhat\u00f3 lass\u00fa h\u00fass\u00fct\u00e9s, grillez\u00e9s sor\u00e1n. T\u00f6k\u00e9letes p\u00e1c a Cochinita Pibil, maja eredet\u0171 h\u00fas\u00e9telhez.<\/p>\n","protected":false},"featured_media":2593,"comment_status":"open","ping_status":"closed","template":"","meta":{"ocean_post_layout":"","ocean_both_sidebars_style":"","ocean_both_sidebars_content_width":0,"ocean_both_sidebars_sidebars_width":0,"ocean_sidebar":"0","ocean_second_sidebar":"0","ocean_disable_margins":"enable","ocean_add_body_class":"","ocean_shortcode_before_top_bar":"","ocean_shortcode_after_top_bar":"","ocean_shortcode_before_header":"","ocean_shortcode_after_header":"","ocean_has_shortcode":"","ocean_shortcode_after_title":"","ocean_shortcode_before_footer_widgets":"","ocean_shortcode_after_footer_widgets":"","ocean_shortcode_before_footer_bottom":"","ocean_shortcode_after_footer_bottom":"","ocean_display_top_bar":"default","ocean_display_header":"default","ocean_header_style":"","ocean_center_header_left_menu":"0","ocean_custom_header_template":"0","ocean_custom_logo":0,"ocean_custom_retina_logo":0,"ocean_custom_logo_max_width":0,"ocean_custom_logo_tablet_max_width":0,"ocean_custom_logo_mobile_max_width":0,"ocean_custom_logo_max_height":0,"ocean_custom_logo_tablet_max_height":0,"ocean_custom_logo_mobile_max_height":0,"ocean_header_custom_menu":"0","ocean_menu_typo_font_family":"0","ocean_menu_typo_font_subset":"","ocean_menu_typo_font_size":0,"ocean_menu_typo_font_size_tablet":0,"ocean_menu_typo_font_size_mobile":0,"ocean_menu_typo_font_size_unit":"px","ocean_menu_typo_font_weight":"","ocean_menu_typo_font_weight_tablet":"","ocean_menu_typo_font_weight_mobile":"","ocean_menu_typo_transform":"","ocean_menu_typo_transform_tablet":"","ocean_menu_typo_transform_mobile":"","ocean_menu_typo_line_height":0,"ocean_menu_typo_line_height_tablet":0,"ocean_menu_typo_line_height_mobile":0,"ocean_menu_typo_line_height_unit":"","ocean_menu_typo_spacing":0,"ocean_menu_typo_spacing_tablet":0,"ocean_menu_typo_spacing_mobile":0,"ocean_menu_typo_spacing_unit":"","ocean_menu_link_color":"","ocean_menu_link_color_hover":"","ocean_menu_link_color_active":"","ocean_menu_link_background":"","ocean_menu_link_hover_background":"","ocean_menu_link_active_background":"","ocean_menu_social_links_bg":"","ocean_menu_social_hover_links_bg":"","ocean_menu_social_links_color":"","ocean_menu_social_hover_links_color":"","ocean_disable_title":"default","ocean_disable_heading":"default","ocean_post_title":"","ocean_post_subheading":"","ocean_post_title_style":"","ocean_post_title_background_color":"","ocean_post_title_background":0,"ocean_post_title_bg_image_position":"","ocean_post_title_bg_image_attachment":"","ocean_post_title_bg_image_repeat":"","ocean_post_title_bg_image_size":"","ocean_post_title_height":0,"ocean_post_title_bg_overlay":0.5,"ocean_post_title_bg_overlay_color":"","ocean_disable_breadcrumbs":"default","ocean_breadcrumbs_color":"","ocean_breadcrumbs_separator_color":"","ocean_breadcrumbs_links_color":"","ocean_breadcrumbs_links_hover_color":"","ocean_display_footer_widgets":"default","ocean_display_footer_bottom":"default","ocean_custom_footer_template":"0"},"product_brand":[],"product_cat":[199,232],"product_tag":[54],"class_list":{"0":"post-2891","1":"product","2":"type-product","3":"status-publish","4":"has-post-thumbnail","6":"product_cat-mexikoi-specialitasok","7":"product_cat-huspacok","8":"product_tag-nuevo-progreso","10":"entry","11":"has-media","13":"first","14":"instock","15":"taxable","16":"shipping-taxable","17":"purchasable","18":"product-type-simple","19":"col","20":"span_1_of_2","21":"owp-content-center","22":"owp-thumbs-layout-horizontal","23":"owp-btn-normal","24":"owp-tabs-layout-horizontal","25":"has-no-thumbnails"},"_links":{"self":[{"href":"https:\/\/hot-shop.hu\/en\/wp-json\/wp\/v2\/product\/2891","targetHints":{"allow":["GET"]}}],"collection":[{"href":"https:\/\/hot-shop.hu\/en\/wp-json\/wp\/v2\/product"}],"about":[{"href":"https:\/\/hot-shop.hu\/en\/wp-json\/wp\/v2\/types\/product"}],"replies":[{"embeddable":true,"href":"https:\/\/hot-shop.hu\/en\/wp-json\/wp\/v2\/comments?post=2891"}],"wp:featuredmedia":[{"embeddable":true,"href":"https:\/\/hot-shop.hu\/en\/wp-json\/wp\/v2\/media\/2593"}],"wp:attachment":[{"href":"https:\/\/hot-shop.hu\/en\/wp-json\/wp\/v2\/media?parent=2891"}],"wp:term":[{"taxonomy":"product_brand","embeddable":true,"href":"https:\/\/hot-shop.hu\/en\/wp-json\/wp\/v2\/product_brand?post=2891"},{"taxonomy":"product_cat","embeddable":true,"href":"https:\/\/hot-shop.hu\/en\/wp-json\/wp\/v2\/product_cat?post=2891"},{"taxonomy":"product_tag","embeddable":true,"href":"https:\/\/hot-shop.hu\/en\/wp-json\/wp\/v2\/product_tag?post=2891"}],"curies":[{"name":"wp","href":"https:\/\/api.w.org\/{rel}","templated":true}]}}