{"id":28889,"date":"2026-03-05T16:58:44","date_gmt":"2026-03-05T14:58:44","guid":{"rendered":"https:\/\/hot-shop.hu\/?post_type=product&#038;p=28889"},"modified":"2026-03-11T15:46:35","modified_gmt":"2026-03-11T13:46:35","slug":"tapatio-salsa-picante-378l-4-elorendelesre","status":"publish","type":"product","link":"https:\/\/hot-shop.hu\/en\/termek\/tapatio-salsa-picante-378l-4-elorendelesre\/","title":{"rendered":"Tapatio Salsa Picante 3,78L 4\/# &#8211; El\u0151rendel\u00e9sre"},"content":{"rendered":"<p>Ikonikus cs\u00edp\u0151s sz\u00f3sz a napf\u00e9nyes Kaliforni\u00e1b\u00f3l, amely 1971 \u00f3ta ad az \u00e9teleknek p\u00e1ratlan \u00edzt \u00e9s zamatot. K\u00fcl\u00f6nb\u00f6z\u0151 kiszerel\u00e9s\u00e9nek \u00e9s jellegzetes sombrer\u00f3s csomagol\u00e1s\u00e1nak k\u00f6sz\u00f6nhet\u0151en a Tapat\u00edo ma igaz\u00e1n n\u00e9pszer\u0171 sz\u00f3sz a konyh\u00e1kban, szerte a vil\u00e1gon.<\/p>\n<p><strong><b>\u00d6sszetev\u0151k:<\/b><\/strong> v\u00edz, piros chilipaprika, s\u00f3, f\u0171szerek, fokhagyma, ecetsav, xant\u00e1ngumi, n\u00e1trium-benzo\u00e1t.<\/p>\n<table style=\"height: 261px;\" width=\"269\">\n<tbody>\n<tr>\n<td colspan=\"2\" width=\"87\"><strong><b>T\u00e1p\u00e9rt\u00e9k 100g-b<\/b><\/strong><strong><b>an<\/b><\/strong><\/td>\n<\/tr>\n<tr>\n<td width=\"47\">Energia:<\/td>\n<td width=\"39\">0 kj\/ 0 kcal<\/td>\n<\/tr>\n<tr>\n<td width=\"47\">Zs\u00edr:<\/td>\n<td width=\"39\">0 g<\/td>\n<\/tr>\n<tr>\n<td width=\"47\">&#8211; amelyb\u0151l tel\u00edtett zs\u00edrsavak:<\/td>\n<td width=\"39\">0 g<\/td>\n<\/tr>\n<tr>\n<td width=\"47\">Sz\u00e9nhidr\u00e1t:<\/td>\n<td width=\"39\">0 g<\/td>\n<\/tr>\n<tr>\n<td width=\"47\">&#8211; amelyb\u0151l cukrok:<\/td>\n<td width=\"39\">0 g<\/td>\n<\/tr>\n<tr>\n<td width=\"47\">Feh\u00e9rje:<\/td>\n<td width=\"39\">0 g<\/td>\n<\/tr>\n<tr>\n<td width=\"47\">S\u00f3:<\/td>\n<td width=\"39\">0,225 g<\/td>\n<\/tr>\n<\/tbody>\n<\/table>\n","protected":false},"excerpt":{"rendered":"<p>Autentikus, mexik\u00f3i \u00edzvil\u00e1g\u00fa chili sz\u00f3sz. 4db\/# Piros chilipaprik\u00e1b\u00f3l, ecetb\u0151l, fokhagym\u00e1b\u00f3l \u00e9s f\u0171szerekb\u0151l k\u00e9sz\u00edtik. Cs\u00edp\u0151s, ugyanakkor kiegyens\u00falyozott f\u0171szeres \u00edz\u00e9vel szerte a vil\u00e1gon n\u00e9pszer\u0171. Kiv\u00e1l\u00f3 min\u0151s\u00e9g\u0171 chili paprik\u00e1b\u00f3l, fokhagym\u00e1b\u00f3l \u00e9s f\u0171szerekb\u0151l k\u00e9sz\u00fcl, \u00e9s k\u00fcl\u00f6nleges m\u00e9lys\u00e9get ad az \u00e9teleknek. Tacohoz, burrit\u00f3hoz, toj\u00e1shoz, pizz\u00e1hoz, levesekhez vagy grillezett h\u00fasokhoz, cs\u00edp\u0151s csirkesz\u00e1rnyakhoz is kiv\u00e1l\u00f3an illik. A Tapat\u00edo egyszer\u0171en \u00faj szintre emel minden \u00e9telt.<\/p>\n","protected":false},"featured_media":28890,"comment_status":"open","ping_status":"closed","template":"","meta":{"ocean_post_layout":"","ocean_both_sidebars_style":"","ocean_both_sidebars_content_width":0,"ocean_both_sidebars_sidebars_width":0,"ocean_sidebar":"0","ocean_second_sidebar":"0","ocean_disable_margins":"enable","ocean_add_body_class":"","ocean_shortcode_before_top_bar":"","ocean_shortcode_after_top_bar":"","ocean_shortcode_before_header":"","ocean_shortcode_after_header":"","ocean_has_shortcode":"","ocean_shortcode_after_title":"","ocean_shortcode_before_footer_widgets":"","ocean_shortcode_after_footer_widgets":"","ocean_shortcode_before_footer_bottom":"","ocean_shortcode_after_footer_bottom":"","ocean_display_top_bar":"default","ocean_display_header":"default","ocean_header_style":"","ocean_center_header_left_menu":"0","ocean_custom_header_template":"0","ocean_custom_logo":0,"ocean_custom_retina_logo":0,"ocean_custom_logo_max_width":0,"ocean_custom_logo_tablet_max_width":0,"ocean_custom_logo_mobile_max_width":0,"ocean_custom_logo_max_height":0,"ocean_custom_logo_tablet_max_height":0,"ocean_custom_logo_mobile_max_height":0,"ocean_header_custom_menu":"0","ocean_menu_typo_font_family":"0","ocean_menu_typo_font_subset":"","ocean_menu_typo_font_size":0,"ocean_menu_typo_font_size_tablet":0,"ocean_menu_typo_font_size_mobile":0,"ocean_menu_typo_font_size_unit":"px","ocean_menu_typo_font_weight":"","ocean_menu_typo_font_weight_tablet":"","ocean_menu_typo_font_weight_mobile":"","ocean_menu_typo_transform":"","ocean_menu_typo_transform_tablet":"","ocean_menu_typo_transform_mobile":"","ocean_menu_typo_line_height":0,"ocean_menu_typo_line_height_tablet":0,"ocean_menu_typo_line_height_mobile":0,"ocean_menu_typo_line_height_unit":"","ocean_menu_typo_spacing":0,"ocean_menu_typo_spacing_tablet":0,"ocean_menu_typo_spacing_mobile":0,"ocean_menu_typo_spacing_unit":"","ocean_menu_link_color":"","ocean_menu_link_color_hover":"","ocean_menu_link_color_active":"","ocean_menu_link_background":"","ocean_menu_link_hover_background":"","ocean_menu_link_active_background":"","ocean_menu_social_links_bg":"","ocean_menu_social_hover_links_bg":"","ocean_menu_social_links_color":"","ocean_menu_social_hover_links_color":"","ocean_disable_title":"default","ocean_disable_heading":"default","ocean_post_title":"","ocean_post_subheading":"","ocean_post_title_style":"","ocean_post_title_background_color":"","ocean_post_title_background":0,"ocean_post_title_bg_image_position":"","ocean_post_title_bg_image_attachment":"","ocean_post_title_bg_image_repeat":"","ocean_post_title_bg_image_size":"","ocean_post_title_height":0,"ocean_post_title_bg_overlay":0.5,"ocean_post_title_bg_overlay_color":"","ocean_disable_breadcrumbs":"default","ocean_breadcrumbs_color":"","ocean_breadcrumbs_separator_color":"","ocean_breadcrumbs_links_color":"","ocean_breadcrumbs_links_hover_color":"","ocean_display_footer_widgets":"default","ocean_display_footer_bottom":"default","ocean_custom_footer_template":"0"},"product_brand":[],"product_cat":[175,176,238],"product_tag":[256],"class_list":{"0":"post-28889","1":"product","2":"type-product","3":"status-publish","4":"has-post-thumbnail","6":"product_cat-chili-szoszok","7":"product_cat-uveges-chili-szoszok","8":"product_cat-uj-termekek","9":"product_tag-tapatio-foods","11":"entry","12":"has-media","14":"first","15":"instock","16":"taxable","17":"shipping-taxable","18":"purchasable","19":"product-type-simple","20":"col","21":"span_1_of_2","22":"owp-content-center","23":"owp-thumbs-layout-horizontal","24":"owp-btn-normal","25":"owp-tabs-layout-horizontal","26":"has-no-thumbnails"},"_links":{"self":[{"href":"https:\/\/hot-shop.hu\/en\/wp-json\/wp\/v2\/product\/28889","targetHints":{"allow":["GET"]}}],"collection":[{"href":"https:\/\/hot-shop.hu\/en\/wp-json\/wp\/v2\/product"}],"about":[{"href":"https:\/\/hot-shop.hu\/en\/wp-json\/wp\/v2\/types\/product"}],"replies":[{"embeddable":true,"href":"https:\/\/hot-shop.hu\/en\/wp-json\/wp\/v2\/comments?post=28889"}],"wp:featuredmedia":[{"embeddable":true,"href":"https:\/\/hot-shop.hu\/en\/wp-json\/wp\/v2\/media\/28890"}],"wp:attachment":[{"href":"https:\/\/hot-shop.hu\/en\/wp-json\/wp\/v2\/media?parent=28889"}],"wp:term":[{"taxonomy":"product_brand","embeddable":true,"href":"https:\/\/hot-shop.hu\/en\/wp-json\/wp\/v2\/product_brand?post=28889"},{"taxonomy":"product_cat","embeddable":true,"href":"https:\/\/hot-shop.hu\/en\/wp-json\/wp\/v2\/product_cat?post=28889"},{"taxonomy":"product_tag","embeddable":true,"href":"https:\/\/hot-shop.hu\/en\/wp-json\/wp\/v2\/product_tag?post=28889"}],"curies":[{"name":"wp","href":"https:\/\/api.w.org\/{rel}","templated":true}]}}