{"id":28778,"date":"2026-02-28T19:51:50","date_gmt":"2026-02-28T17:51:50","guid":{"rendered":"https:\/\/hot-shop.hu\/?post_type=product&#038;p=28778"},"modified":"2026-02-28T20:19:15","modified_gmt":"2026-02-28T18:19:15","slug":"jalapeno-nacho-green-378l-pet-sabor-de-mexico-np-4","status":"publish","type":"product","link":"https:\/\/hot-shop.hu\/en\/termek\/jalapeno-nacho-green-378l-pet-sabor-de-mexico-np-4\/","title":{"rendered":"Jalapeno Nacho Green 3,78L &#8211; PET &#8211; Sabor de Mexico NP 4\/#"},"content":{"rendered":"<p>A jalapeno egy kism\u00e9ret\u0171, k\u00f6zepesen cs\u00edp\u0151s mexik\u00f3i paprika, amely nev\u00e9t a mexik\u00f3i Veracruz \u00e1llam f\u0151v\u00e1ros\u00e1r\u00f3l, Jalap\u00e1r\u00f3l kapta, b\u00e1r a sz\u00f3 eredete az azt\u00e9k Xalap\u00e1b\u00f3l sz\u00e1rmazik. Az amerikai kontinens egyik legn\u00e9pszer\u0171bb paprik\u00e1ja, amely enyhe cs\u00edp\u0151ss\u00e9g\u00e9nek, jellegzetes \u00edz\u00e9nek \u00e9s illat\u00e1nak k\u00f6sz\u00f6nhet\u0151.<\/p>\n<p><strong>\u00d6sszetev\u0151k:<\/strong> szeletelt Jalape\u00f1o paprika, iv\u00f3v\u00edz, \u00e9tkez\u00e9si s\u00f3, savany\u00fas\u00e1got szab\u00e1lyoz\u00f3 anyagok: E260, E330; tart\u00f3s\u00edt\u00f3szer: E202; stabiliz\u00e1tor: E509.<\/p>\n<table style=\"height: 348px;\" width=\"352\">\n<tbody>\n<tr>\n<td colspan=\"2\" width=\"358\">\n<p style=\"text-align: center;\"><strong>\u00c1tlagos t\u00e1p\u00e9rt\u00e9k 100g-ban<\/strong><\/p>\n<\/td>\n<\/tr>\n<tr>\n<td width=\"188\">Energia<\/td>\n<td width=\"170\">84 kJ\/20 kcal<\/td>\n<\/tr>\n<tr>\n<td width=\"188\">Zs\u00edr<\/td>\n<td width=\"170\">0 g<\/td>\n<\/tr>\n<tr>\n<td width=\"188\">ebb\u0151l tel\u00edtett zs\u00edrsavak<\/td>\n<td width=\"170\">0 g<\/td>\n<\/tr>\n<tr>\n<td width=\"188\">Sz\u00e9nhidr\u00e1t<\/td>\n<td width=\"170\">4,5 g<\/td>\n<\/tr>\n<tr>\n<td width=\"188\">ebb\u0151l cukrok<\/td>\n<td width=\"170\">0 g<\/td>\n<\/tr>\n<tr>\n<td width=\"188\">Feh\u00e9rje<\/td>\n<td width=\"170\">0,48 g<\/td>\n<\/tr>\n<tr>\n<td width=\"188\">S\u00f3<\/td>\n<td width=\"170\">5,0 g<\/td>\n<\/tr>\n<\/tbody>\n<\/table>\n","protected":false},"excerpt":{"rendered":"<p>Ropog\u00f3s Jalapeno karik\u00e1k s\u00f3s l\u00e9ben. Aj\u00e1nlott chipshez, k\u00fcl\u00f6nb\u00f6z\u0151 tortilla \u00e9telekbe, sal\u00e1t\u00e1kra, veget\u00e1ri\u00e1nus v. h\u00fas\u00e9telekbe, hamburgerbe, dekor\u00e1ci\u00f3k\u00e9nt. Kiszerel\u00e9s: csavaros tetej\u0171, m\u0171anyag palack. 4db\/#<\/p>\n","protected":false},"featured_media":28779,"comment_status":"open","ping_status":"closed","template":"","meta":{"ocean_post_layout":"","ocean_both_sidebars_style":"","ocean_both_sidebars_content_width":0,"ocean_both_sidebars_sidebars_width":0,"ocean_sidebar":"0","ocean_second_sidebar":"0","ocean_disable_margins":"enable","ocean_add_body_class":"","ocean_shortcode_before_top_bar":"","ocean_shortcode_after_top_bar":"","ocean_shortcode_before_header":"","ocean_shortcode_after_header":"","ocean_has_shortcode":"","ocean_shortcode_after_title":"","ocean_shortcode_before_footer_widgets":"","ocean_shortcode_after_footer_widgets":"","ocean_shortcode_before_footer_bottom":"","ocean_shortcode_after_footer_bottom":"","ocean_display_top_bar":"default","ocean_display_header":"default","ocean_header_style":"","ocean_center_header_left_menu":"0","ocean_custom_header_template":"0","ocean_custom_logo":0,"ocean_custom_retina_logo":0,"ocean_custom_logo_max_width":0,"ocean_custom_logo_tablet_max_width":0,"ocean_custom_logo_mobile_max_width":0,"ocean_custom_logo_max_height":0,"ocean_custom_logo_tablet_max_height":0,"ocean_custom_logo_mobile_max_height":0,"ocean_header_custom_menu":"0","ocean_menu_typo_font_family":"0","ocean_menu_typo_font_subset":"","ocean_menu_typo_font_size":0,"ocean_menu_typo_font_size_tablet":0,"ocean_menu_typo_font_size_mobile":0,"ocean_menu_typo_font_size_unit":"px","ocean_menu_typo_font_weight":"","ocean_menu_typo_font_weight_tablet":"","ocean_menu_typo_font_weight_mobile":"","ocean_menu_typo_transform":"","ocean_menu_typo_transform_tablet":"","ocean_menu_typo_transform_mobile":"","ocean_menu_typo_line_height":0,"ocean_menu_typo_line_height_tablet":0,"ocean_menu_typo_line_height_mobile":0,"ocean_menu_typo_line_height_unit":"","ocean_menu_typo_spacing":0,"ocean_menu_typo_spacing_tablet":0,"ocean_menu_typo_spacing_mobile":0,"ocean_menu_typo_spacing_unit":"","ocean_menu_link_color":"","ocean_menu_link_color_hover":"","ocean_menu_link_color_active":"","ocean_menu_link_background":"","ocean_menu_link_hover_background":"","ocean_menu_link_active_background":"","ocean_menu_social_links_bg":"","ocean_menu_social_hover_links_bg":"","ocean_menu_social_links_color":"","ocean_menu_social_hover_links_color":"","ocean_disable_title":"default","ocean_disable_heading":"default","ocean_post_title":"","ocean_post_subheading":"","ocean_post_title_style":"","ocean_post_title_background_color":"","ocean_post_title_background":0,"ocean_post_title_bg_image_position":"","ocean_post_title_bg_image_attachment":"","ocean_post_title_bg_image_repeat":"","ocean_post_title_bg_image_size":"","ocean_post_title_height":0,"ocean_post_title_bg_overlay":0.5,"ocean_post_title_bg_overlay_color":"","ocean_disable_breadcrumbs":"default","ocean_breadcrumbs_color":"","ocean_breadcrumbs_separator_color":"","ocean_breadcrumbs_links_color":"","ocean_breadcrumbs_links_hover_color":"","ocean_display_footer_widgets":"default","ocean_display_footer_bottom":"default","ocean_custom_footer_template":"0"},"product_brand":[],"product_cat":[157,158,238],"product_tag":[54],"class_list":{"0":"post-28778","1":"product","2":"type-product","3":"status-publish","4":"has-post-thumbnail","6":"product_cat-chilik","7":"product_cat-konzervek","8":"product_cat-uj-termekek","9":"product_tag-nuevo-progreso","11":"entry","12":"has-media","14":"first","15":"instock","16":"taxable","17":"shipping-taxable","18":"purchasable","19":"product-type-simple","20":"col","21":"span_1_of_2","22":"owp-content-center","23":"owp-thumbs-layout-horizontal","24":"owp-btn-normal","25":"owp-tabs-layout-horizontal","26":"has-no-thumbnails"},"_links":{"self":[{"href":"https:\/\/hot-shop.hu\/en\/wp-json\/wp\/v2\/product\/28778","targetHints":{"allow":["GET"]}}],"collection":[{"href":"https:\/\/hot-shop.hu\/en\/wp-json\/wp\/v2\/product"}],"about":[{"href":"https:\/\/hot-shop.hu\/en\/wp-json\/wp\/v2\/types\/product"}],"replies":[{"embeddable":true,"href":"https:\/\/hot-shop.hu\/en\/wp-json\/wp\/v2\/comments?post=28778"}],"wp:featuredmedia":[{"embeddable":true,"href":"https:\/\/hot-shop.hu\/en\/wp-json\/wp\/v2\/media\/28779"}],"wp:attachment":[{"href":"https:\/\/hot-shop.hu\/en\/wp-json\/wp\/v2\/media?parent=28778"}],"wp:term":[{"taxonomy":"product_brand","embeddable":true,"href":"https:\/\/hot-shop.hu\/en\/wp-json\/wp\/v2\/product_brand?post=28778"},{"taxonomy":"product_cat","embeddable":true,"href":"https:\/\/hot-shop.hu\/en\/wp-json\/wp\/v2\/product_cat?post=28778"},{"taxonomy":"product_tag","embeddable":true,"href":"https:\/\/hot-shop.hu\/en\/wp-json\/wp\/v2\/product_tag?post=28778"}],"curies":[{"name":"wp","href":"https:\/\/api.w.org\/{rel}","templated":true}]}}