{"id":2840,"date":"2020-10-02T11:27:36","date_gmt":"2020-10-02T09:27:36","guid":{"rendered":"https:\/\/hot-shop.hu\/termek\/import-placeholder-for-1334\/"},"modified":"2026-02-17T12:36:40","modified_gmt":"2026-02-17T10:36:40","slug":"hari-masa-kukoricaliszt-1kg","status":"publish","type":"product","link":"https:\/\/hot-shop.hu\/en\/termek\/hari-masa-kukoricaliszt-1kg\/","title":{"rendered":"Hari Masa kukoricaliszt 1kg 10db\/#"},"content":{"rendered":"<p>Feh\u00e9r kukorica \u0151rl\u00e9s\u00e9vel k\u00e9sz\u00fcl, amely nem csak Mexik\u00f3ban, hanem Afrik\u00e1ban \u00e9s az Egyes\u00fclt \u00c1llamok d\u00e9li r\u00e9sz\u00e9n is nagyon n\u00e9pszer\u0171. A b\u00fazaliszttel ellent\u00e9tben a kukoricaliszt nem tartalmaz glut\u00e9nt, ez\u00e9rt glut\u00e9n\u00e9rz\u00e9kenyek sz\u00e1m\u00e1ra aj\u00e1nlott.<\/p>\n<p>\u00d6sszetev\u0151k: feh\u00e9r kukorica<\/p>\n","protected":false},"excerpt":{"rendered":"<p>A Hari Masa eredeti mexik\u00f3i feh\u00e9r kukoricaliszt. 10db\/# Glut\u00e9nmentes \u00e9s tart\u00f3s\u00edt\u00f3szermentes term\u00e9k. Kiv\u00e9teles min\u0151s\u00e9g\u0171, ide\u00e1lis a legk\u00fcl\u00f6nf\u00e9l\u00e9bb \u00e9s legfinomabb receptek &#8211; tortill\u00e1k, tamale, s\u00fctem\u00e9nyek, kr\u00e9mek \u00e9s m\u00e9g sok m\u00e1s \u00e9tel &#8211; gyors \u00e9s egyszer\u0171 elk\u00e9sz\u00edt\u00e9s\u00e9hez.<\/p>\n","protected":false},"featured_media":1057,"comment_status":"open","ping_status":"closed","template":"","meta":{"ocean_post_layout":"","ocean_both_sidebars_style":"","ocean_both_sidebars_content_width":0,"ocean_both_sidebars_sidebars_width":0,"ocean_sidebar":"0","ocean_second_sidebar":"0","ocean_disable_margins":"enable","ocean_add_body_class":"","ocean_shortcode_before_top_bar":"","ocean_shortcode_after_top_bar":"","ocean_shortcode_before_header":"","ocean_shortcode_after_header":"","ocean_has_shortcode":"","ocean_shortcode_after_title":"","ocean_shortcode_before_footer_widgets":"","ocean_shortcode_after_footer_widgets":"","ocean_shortcode_before_footer_bottom":"","ocean_shortcode_after_footer_bottom":"","ocean_display_top_bar":"default","ocean_display_header":"default","ocean_header_style":"","ocean_center_header_left_menu":"0","ocean_custom_header_template":"0","ocean_custom_logo":0,"ocean_custom_retina_logo":0,"ocean_custom_logo_max_width":0,"ocean_custom_logo_tablet_max_width":0,"ocean_custom_logo_mobile_max_width":0,"ocean_custom_logo_max_height":0,"ocean_custom_logo_tablet_max_height":0,"ocean_custom_logo_mobile_max_height":0,"ocean_header_custom_menu":"0","ocean_menu_typo_font_family":"0","ocean_menu_typo_font_subset":"","ocean_menu_typo_font_size":0,"ocean_menu_typo_font_size_tablet":0,"ocean_menu_typo_font_size_mobile":0,"ocean_menu_typo_font_size_unit":"px","ocean_menu_typo_font_weight":"","ocean_menu_typo_font_weight_tablet":"","ocean_menu_typo_font_weight_mobile":"","ocean_menu_typo_transform":"","ocean_menu_typo_transform_tablet":"","ocean_menu_typo_transform_mobile":"","ocean_menu_typo_line_height":0,"ocean_menu_typo_line_height_tablet":0,"ocean_menu_typo_line_height_mobile":0,"ocean_menu_typo_line_height_unit":"","ocean_menu_typo_spacing":0,"ocean_menu_typo_spacing_tablet":0,"ocean_menu_typo_spacing_mobile":0,"ocean_menu_typo_spacing_unit":"","ocean_menu_link_color":"","ocean_menu_link_color_hover":"","ocean_menu_link_color_active":"","ocean_menu_link_background":"","ocean_menu_link_hover_background":"","ocean_menu_link_active_background":"","ocean_menu_social_links_bg":"","ocean_menu_social_hover_links_bg":"","ocean_menu_social_links_color":"","ocean_menu_social_hover_links_color":"","ocean_disable_title":"default","ocean_disable_heading":"default","ocean_post_title":"","ocean_post_subheading":"","ocean_post_title_style":"","ocean_post_title_background_color":"","ocean_post_title_background":0,"ocean_post_title_bg_image_position":"","ocean_post_title_bg_image_attachment":"","ocean_post_title_bg_image_repeat":"","ocean_post_title_bg_image_size":"","ocean_post_title_height":0,"ocean_post_title_bg_overlay":0.5,"ocean_post_title_bg_overlay_color":"","ocean_disable_breadcrumbs":"default","ocean_breadcrumbs_color":"","ocean_breadcrumbs_separator_color":"","ocean_breadcrumbs_links_color":"","ocean_breadcrumbs_links_hover_color":"","ocean_display_footer_widgets":"default","ocean_display_footer_bottom":"default","ocean_custom_footer_template":"0"},"product_brand":[],"product_cat":[199,204,205,206],"product_tag":[113],"class_list":{"0":"post-2840","1":"product","2":"type-product","3":"status-publish","4":"has-post-thumbnail","6":"product_cat-mexikoi-specialitasok","7":"product_cat-lisztek","8":"product_cat-glutenmentes","9":"product_cat-zacskos-glutenmentes","10":"product_tag-maiz-blanco","12":"entry","13":"has-media","15":"first","16":"instock","17":"taxable","18":"shipping-taxable","19":"purchasable","20":"product-type-simple","21":"col","22":"span_1_of_2","23":"owp-content-center","24":"owp-thumbs-layout-horizontal","25":"owp-btn-normal","26":"owp-tabs-layout-horizontal","27":"has-no-thumbnails"},"_links":{"self":[{"href":"https:\/\/hot-shop.hu\/en\/wp-json\/wp\/v2\/product\/2840","targetHints":{"allow":["GET"]}}],"collection":[{"href":"https:\/\/hot-shop.hu\/en\/wp-json\/wp\/v2\/product"}],"about":[{"href":"https:\/\/hot-shop.hu\/en\/wp-json\/wp\/v2\/types\/product"}],"replies":[{"embeddable":true,"href":"https:\/\/hot-shop.hu\/en\/wp-json\/wp\/v2\/comments?post=2840"}],"wp:featuredmedia":[{"embeddable":true,"href":"https:\/\/hot-shop.hu\/en\/wp-json\/wp\/v2\/media\/1057"}],"wp:attachment":[{"href":"https:\/\/hot-shop.hu\/en\/wp-json\/wp\/v2\/media?parent=2840"}],"wp:term":[{"taxonomy":"product_brand","embeddable":true,"href":"https:\/\/hot-shop.hu\/en\/wp-json\/wp\/v2\/product_brand?post=2840"},{"taxonomy":"product_cat","embeddable":true,"href":"https:\/\/hot-shop.hu\/en\/wp-json\/wp\/v2\/product_cat?post=2840"},{"taxonomy":"product_tag","embeddable":true,"href":"https:\/\/hot-shop.hu\/en\/wp-json\/wp\/v2\/product_tag?post=2840"}],"curies":[{"name":"wp","href":"https:\/\/api.w.org\/{rel}","templated":true}]}}