{"id":2814,"date":"2020-10-02T11:27:27","date_gmt":"2020-10-02T09:27:27","guid":{"rendered":"https:\/\/hot-shop.hu\/termek\/import-placeholder-for-1313\/"},"modified":"2025-10-28T13:52:05","modified_gmt":"2025-10-28T11:52:05","slug":"avokado-felbevagott-hamozott-fagyasztott-05kg","status":"publish","type":"product","link":"https:\/\/hot-shop.hu\/en\/termek\/avokado-felbevagott-hamozott-fagyasztott-05kg\/","title":{"rendered":"Avok\u00e1d\u00f3 f\u00e9lbev\u00e1gott, h\u00e1mozott, fagyasztott 0,5kg"},"content":{"rendered":"<p>A Salud f\u00e9le avok\u00e1d\u00f3 mindig \u00e9rett. Felejtsd el a\u00a0 megfelel\u0151 avok\u00e1d\u00f3 keresg\u00e9l\u00e9s\u00e9t, a h\u00e1moz\u00e1s \u00e9s a mag elt\u00e1vol\u00edt\u00e1s\u00e1nak f\u00e1radalm\u00e1t!<\/p>\n<p>\u00d6sszetev\u0151k: avok\u00e1d\u00f3 (99%), s\u00f3, antioxid\u00e1ns: E300, savany\u00fas\u00e1got szab\u00e1lyoz\u00f3 anyag: E330.<\/p>\n<p>Tipp: Felolvaszt\u00e1s z\u00e1rt csomagol\u00e1sban, h\u0171t\u0151ben (7 \u00b0C) t\u00e1rolva 8-15 \u00f3r\u00e1n kereszt\u00fcl. A felolvasztott, bontatlan, 7 \u00b0C-on tartott term\u00e9k, 72 \u00f3r\u00e1n bel\u00fcl felhaszn\u00e1land\u00f3.<\/p>\n<p>&nbsp;<\/p>\n<p>&nbsp;<\/p>\n","protected":false},"excerpt":{"rendered":"<p>Felezett, \u00e9rett avok\u00e1d\u00f3. Fagyasztott \u00e1ru. 12db\/# Fogyaszt\u00e1sra k\u00e9sz term\u00e9k, amelyet el\u0151\u00e9telk\u00e9nt, hal-, h\u00fas- vagy veg\u00e1n t\u00f6ltel\u00e9kkel t\u00e1lalhatunk. Alkalmas avok\u00e1d\u00f3 kr\u00e9m vagy guacamole k\u00e9sz\u00edt\u00e9s\u00e9re is.<\/p>\n<p>Ut\u00e1nv\u00e9t eset\u00e9n fagyasztott \u00e1rut nem \u00e1ll m\u00f3dunkban k\u00fcldeni.<\/p>\n","protected":false},"featured_media":26920,"comment_status":"open","ping_status":"closed","template":"","meta":{"ocean_post_layout":"","ocean_both_sidebars_style":"","ocean_both_sidebars_content_width":0,"ocean_both_sidebars_sidebars_width":0,"ocean_sidebar":"0","ocean_second_sidebar":"0","ocean_disable_margins":"enable","ocean_add_body_class":"","ocean_shortcode_before_top_bar":"","ocean_shortcode_after_top_bar":"","ocean_shortcode_before_header":"","ocean_shortcode_after_header":"","ocean_has_shortcode":"","ocean_shortcode_after_title":"","ocean_shortcode_before_footer_widgets":"","ocean_shortcode_after_footer_widgets":"","ocean_shortcode_before_footer_bottom":"","ocean_shortcode_after_footer_bottom":"","ocean_display_top_bar":"default","ocean_display_header":"default","ocean_header_style":"","ocean_center_header_left_menu":"0","ocean_custom_header_template":"0","ocean_custom_logo":0,"ocean_custom_retina_logo":0,"ocean_custom_logo_max_width":0,"ocean_custom_logo_tablet_max_width":0,"ocean_custom_logo_mobile_max_width":0,"ocean_custom_logo_max_height":0,"ocean_custom_logo_tablet_max_height":0,"ocean_custom_logo_mobile_max_height":0,"ocean_header_custom_menu":"0","ocean_menu_typo_font_family":"0","ocean_menu_typo_font_subset":"","ocean_menu_typo_font_size":0,"ocean_menu_typo_font_size_tablet":0,"ocean_menu_typo_font_size_mobile":0,"ocean_menu_typo_font_size_unit":"px","ocean_menu_typo_font_weight":"","ocean_menu_typo_font_weight_tablet":"","ocean_menu_typo_font_weight_mobile":"","ocean_menu_typo_transform":"","ocean_menu_typo_transform_tablet":"","ocean_menu_typo_transform_mobile":"","ocean_menu_typo_line_height":0,"ocean_menu_typo_line_height_tablet":0,"ocean_menu_typo_line_height_mobile":0,"ocean_menu_typo_line_height_unit":"","ocean_menu_typo_spacing":0,"ocean_menu_typo_spacing_tablet":0,"ocean_menu_typo_spacing_mobile":0,"ocean_menu_typo_spacing_unit":"","ocean_menu_link_color":"","ocean_menu_link_color_hover":"","ocean_menu_link_color_active":"","ocean_menu_link_background":"","ocean_menu_link_hover_background":"","ocean_menu_link_active_background":"","ocean_menu_social_links_bg":"","ocean_menu_social_hover_links_bg":"","ocean_menu_social_links_color":"","ocean_menu_social_hover_links_color":"","ocean_disable_title":"default","ocean_disable_heading":"default","ocean_post_title":"","ocean_post_subheading":"","ocean_post_title_style":"","ocean_post_title_background_color":"","ocean_post_title_background":0,"ocean_post_title_bg_image_position":"","ocean_post_title_bg_image_attachment":"","ocean_post_title_bg_image_repeat":"","ocean_post_title_bg_image_size":"","ocean_post_title_height":0,"ocean_post_title_bg_overlay":0.5,"ocean_post_title_bg_overlay_color":"","ocean_disable_breadcrumbs":"default","ocean_breadcrumbs_color":"","ocean_breadcrumbs_separator_color":"","ocean_breadcrumbs_links_color":"","ocean_breadcrumbs_links_hover_color":"","ocean_display_footer_widgets":"default","ocean_display_footer_bottom":"default","ocean_custom_footer_template":"0"},"product_brand":[],"product_cat":[147,155,166,187,188],"product_tag":[121],"class_list":{"0":"post-2814","1":"product","2":"type-product","3":"status-publish","4":"has-post-thumbnail","6":"product_cat-fagyasztott-hutott-etelek","7":"product_cat-felkeszaru","8":"product_cat-gyumolcsok-zoldsegek","9":"product_cat-fagyasztott-gyumolcsok-es-zoldsegek","10":"product_cat-egesz","11":"product_tag-salud","13":"entry","14":"has-media","16":"first","17":"instock","18":"taxable","19":"shipping-taxable","20":"purchasable","21":"product-type-simple","22":"col","23":"span_1_of_2","24":"owp-content-center","25":"owp-thumbs-layout-horizontal","26":"owp-btn-normal","27":"owp-tabs-layout-horizontal"},"_links":{"self":[{"href":"https:\/\/hot-shop.hu\/en\/wp-json\/wp\/v2\/product\/2814","targetHints":{"allow":["GET"]}}],"collection":[{"href":"https:\/\/hot-shop.hu\/en\/wp-json\/wp\/v2\/product"}],"about":[{"href":"https:\/\/hot-shop.hu\/en\/wp-json\/wp\/v2\/types\/product"}],"replies":[{"embeddable":true,"href":"https:\/\/hot-shop.hu\/en\/wp-json\/wp\/v2\/comments?post=2814"}],"wp:featuredmedia":[{"embeddable":true,"href":"https:\/\/hot-shop.hu\/en\/wp-json\/wp\/v2\/media\/26920"}],"wp:attachment":[{"href":"https:\/\/hot-shop.hu\/en\/wp-json\/wp\/v2\/media?parent=2814"}],"wp:term":[{"taxonomy":"product_brand","embeddable":true,"href":"https:\/\/hot-shop.hu\/en\/wp-json\/wp\/v2\/product_brand?post=2814"},{"taxonomy":"product_cat","embeddable":true,"href":"https:\/\/hot-shop.hu\/en\/wp-json\/wp\/v2\/product_cat?post=2814"},{"taxonomy":"product_tag","embeddable":true,"href":"https:\/\/hot-shop.hu\/en\/wp-json\/wp\/v2\/product_tag?post=2814"}],"curies":[{"name":"wp","href":"https:\/\/api.w.org\/{rel}","templated":true}]}}