{"id":2810,"date":"2020-10-02T11:27:27","date_gmt":"2020-10-02T09:27:27","guid":{"rendered":"https:\/\/hot-shop.hu\/termek\/import-placeholder-for-1308\/"},"modified":"2025-04-02T22:06:08","modified_gmt":"2025-04-02T20:06:08","slug":"zellerso-850g","status":"publish","type":"product","link":"https:\/\/hot-shop.hu\/en\/termek\/zellerso-850g\/","title":{"rendered":"Zellers\u00f3 850g"},"content":{"rendered":"<p>A zellers\u00f3 \u00edze kezdetben nagyon hasonl\u00edt a hagyom\u00e1nyos s\u00f3\u00e9ra, de a v\u00e9ge fel\u00e9 egy enyhe zelleres utal\u00e1s jelenik meg, k\u00f6sz\u00f6nhet\u0151en a belekevert z\u00fazott zellernek. A zellers\u00f3 \u00edze, nem t\u00fal hangs\u00falyos, de hat\u00e1rozottan kiemelkedik.<\/p>\n<p>\u00d6sszetev\u0151k: \u00e9tkez\u00e9si s\u00f3 80,9%, zeller, csom\u00f3sod\u00e1sg\u00e1tl\u00f3: E551. Allerg\u00e9n: zeller<\/p>\n<p>T\u00e1p\u00e9rt\u00e9k 100g-ban: energia: 299 kJ \/ 73 kcal, zs\u00edrok: 2,5 g, ebb\u0151l tel\u00edtett zs\u00edrsavak: 0,1 g, sz\u00e9nhidr\u00e1tok: 6,2 g, ebb\u0151l cukrok: 6,2 g, feh\u00e9rj\u00e9k: 5,7 g, S\u00f3: 83,0 g.<\/p>\n<p>Sz\u00e1rmaz\u00e1si hely: USA<\/p>\n<p>&nbsp;<\/p>\n<p>&nbsp;<\/p>\n","protected":false},"excerpt":{"rendered":"<p>A zellers\u00f3, z\u00fazott zellermagokb\u00f3l \u00e9s s\u00f3b\u00f3l k\u00e9sz\u00fclt \u00e9tel\u00edzes\u00edt\u0151, amely extra \u00edzvil\u00e1got k\u00f6lcs\u00f6n\u00f6z az \u00e9telnek. Aj\u00e1nlott grillezett \u00e9s s\u00fclt \u00e9telekhez, t\u00f6ltel\u00e9kekhez, sal\u00e1t\u00e1khoz, m\u00e1rt\u00e1sokhoz \u00e9s z\u00f6lds\u00e9gekhez. Kokt\u00e9lok \u00e9s \u00f6ntetek k\u00e9sz\u00edt\u00e9s\u00e9hez is kiv\u00e1l\u00f3.<\/p>\n","protected":false},"featured_media":922,"comment_status":"open","ping_status":"closed","template":"","meta":{"ocean_post_layout":"","ocean_both_sidebars_style":"","ocean_both_sidebars_content_width":0,"ocean_both_sidebars_sidebars_width":0,"ocean_sidebar":"0","ocean_second_sidebar":"0","ocean_disable_margins":"enable","ocean_add_body_class":"","ocean_shortcode_before_top_bar":"","ocean_shortcode_after_top_bar":"","ocean_shortcode_before_header":"","ocean_shortcode_after_header":"","ocean_has_shortcode":"","ocean_shortcode_after_title":"","ocean_shortcode_before_footer_widgets":"","ocean_shortcode_after_footer_widgets":"","ocean_shortcode_before_footer_bottom":"","ocean_shortcode_after_footer_bottom":"","ocean_display_top_bar":"default","ocean_display_header":"default","ocean_header_style":"","ocean_center_header_left_menu":"0","ocean_custom_header_template":"0","ocean_custom_logo":0,"ocean_custom_retina_logo":0,"ocean_custom_logo_max_width":0,"ocean_custom_logo_tablet_max_width":0,"ocean_custom_logo_mobile_max_width":0,"ocean_custom_logo_max_height":0,"ocean_custom_logo_tablet_max_height":0,"ocean_custom_logo_mobile_max_height":0,"ocean_header_custom_menu":"0","ocean_menu_typo_font_family":"0","ocean_menu_typo_font_subset":"","ocean_menu_typo_font_size":0,"ocean_menu_typo_font_size_tablet":0,"ocean_menu_typo_font_size_mobile":0,"ocean_menu_typo_font_size_unit":"px","ocean_menu_typo_font_weight":"","ocean_menu_typo_font_weight_tablet":"","ocean_menu_typo_font_weight_mobile":"","ocean_menu_typo_transform":"","ocean_menu_typo_transform_tablet":"","ocean_menu_typo_transform_mobile":"","ocean_menu_typo_line_height":0,"ocean_menu_typo_line_height_tablet":0,"ocean_menu_typo_line_height_mobile":0,"ocean_menu_typo_line_height_unit":"","ocean_menu_typo_spacing":0,"ocean_menu_typo_spacing_tablet":0,"ocean_menu_typo_spacing_mobile":0,"ocean_menu_typo_spacing_unit":"","ocean_menu_link_color":"","ocean_menu_link_color_hover":"","ocean_menu_link_color_active":"","ocean_menu_link_background":"","ocean_menu_link_hover_background":"","ocean_menu_link_active_background":"","ocean_menu_social_links_bg":"","ocean_menu_social_hover_links_bg":"","ocean_menu_social_links_color":"","ocean_menu_social_hover_links_color":"","ocean_disable_title":"default","ocean_disable_heading":"default","ocean_post_title":"","ocean_post_subheading":"","ocean_post_title_style":"","ocean_post_title_background_color":"","ocean_post_title_background":0,"ocean_post_title_bg_image_position":"","ocean_post_title_bg_image_attachment":"","ocean_post_title_bg_image_repeat":"","ocean_post_title_bg_image_size":"","ocean_post_title_height":0,"ocean_post_title_bg_overlay":0.5,"ocean_post_title_bg_overlay_color":"","ocean_disable_breadcrumbs":"default","ocean_breadcrumbs_color":"","ocean_breadcrumbs_separator_color":"","ocean_breadcrumbs_links_color":"","ocean_breadcrumbs_links_hover_color":"","ocean_display_footer_widgets":"default","ocean_display_footer_bottom":"default","ocean_custom_footer_template":"0"},"product_brand":[],"product_cat":[185],"product_tag":[54],"class_list":{"0":"post-2810","1":"product","2":"type-product","3":"status-publish","4":"has-post-thumbnail","6":"product_cat-fuszersok","7":"product_tag-nuevo-progreso","9":"entry","10":"has-media","12":"first","13":"instock","14":"taxable","15":"shipping-taxable","16":"purchasable","17":"product-type-simple","18":"col","19":"span_1_of_2","20":"owp-content-center","21":"owp-thumbs-layout-horizontal","22":"owp-btn-normal","23":"owp-tabs-layout-horizontal","24":"has-no-thumbnails"},"_links":{"self":[{"href":"https:\/\/hot-shop.hu\/en\/wp-json\/wp\/v2\/product\/2810","targetHints":{"allow":["GET"]}}],"collection":[{"href":"https:\/\/hot-shop.hu\/en\/wp-json\/wp\/v2\/product"}],"about":[{"href":"https:\/\/hot-shop.hu\/en\/wp-json\/wp\/v2\/types\/product"}],"replies":[{"embeddable":true,"href":"https:\/\/hot-shop.hu\/en\/wp-json\/wp\/v2\/comments?post=2810"}],"wp:featuredmedia":[{"embeddable":true,"href":"https:\/\/hot-shop.hu\/en\/wp-json\/wp\/v2\/media\/922"}],"wp:attachment":[{"href":"https:\/\/hot-shop.hu\/en\/wp-json\/wp\/v2\/media?parent=2810"}],"wp:term":[{"taxonomy":"product_brand","embeddable":true,"href":"https:\/\/hot-shop.hu\/en\/wp-json\/wp\/v2\/product_brand?post=2810"},{"taxonomy":"product_cat","embeddable":true,"href":"https:\/\/hot-shop.hu\/en\/wp-json\/wp\/v2\/product_cat?post=2810"},{"taxonomy":"product_tag","embeddable":true,"href":"https:\/\/hot-shop.hu\/en\/wp-json\/wp\/v2\/product_tag?post=2810"}],"curies":[{"name":"wp","href":"https:\/\/api.w.org\/{rel}","templated":true}]}}