{"id":2791,"date":"2020-10-02T11:27:15","date_gmt":"2020-10-02T09:27:15","guid":{"rendered":"https:\/\/hot-shop.hu\/termek\/import-placeholder-for-1288\/"},"modified":"2025-07-30T11:10:47","modified_gmt":"2025-07-30T09:10:47","slug":"barbacoa-30g","status":"publish","type":"product","link":"https:\/\/hot-shop.hu\/en\/termek\/barbacoa-30g\/","title":{"rendered":"Barbacoa 30g"},"content":{"rendered":"<p><strong>\u00d6sszetev\u0151k<\/strong>: s\u00f3 44,9%, fokhagyma, cukor, f\u0171szerek, chili paprika, \u00edzfokoz\u00f3: E621, h\u00fasl\u00e1gy\u00edt\u00f3: papaya \u00e9s aspergillus flavus oryzae enzimek, csom\u00f3sod\u00e1stg\u00e1tl\u00f3 anyag: E551.<\/p>\n<p>T\u00e1rol\u00e1s: sz\u00e1raz, f\u00e9nyt\u0151l v\u00e9dett helyen. Sz\u00e1rmaz\u00e1si orsz\u00e1g: USA<\/p>\n<table style=\"height: 268px;\" width=\"457\">\n<tbody>\n<tr>\n<td colspan=\"2\" width=\"349\"><strong>T\u00e1p\u00e9rt\u00e9k\u00a0100g-ban<\/strong><\/td>\n<\/tr>\n<tr>\n<td width=\"245\">Energia<\/td>\n<td width=\"103\">867 kJ \/ 207 kcal<\/td>\n<\/tr>\n<tr>\n<td width=\"245\">Zs\u00edr<\/td>\n<td width=\"103\">0 g<\/td>\n<\/tr>\n<tr>\n<td width=\"245\">\u00a0\u00a0ebb\u0151l tel\u00edtett zs\u00edrsavak<\/td>\n<td width=\"103\">0 g<\/td>\n<\/tr>\n<tr>\n<td width=\"245\">Sz\u00e9nhidr\u00e1t<\/td>\n<td width=\"103\">\u00a029 g<\/td>\n<\/tr>\n<tr>\n<td width=\"245\">\u00a0\u00a0ebb\u0151l cukrok<\/td>\n<td width=\"103\">11 g<\/td>\n<\/tr>\n<tr>\n<td width=\"245\">Feh\u00e9rje<\/td>\n<td width=\"103\">\u00a0813 g<\/td>\n<\/tr>\n<tr>\n<td width=\"245\">S\u00f3<\/td>\n<td width=\"103\">44,9 g<\/td>\n<\/tr>\n<\/tbody>\n<\/table>\n<p>&nbsp;<\/p>\n","protected":false},"excerpt":{"rendered":"<p>F\u0171szerever\u00e9k dar\u00e1lt h\u00fasokhoz, bord\u00e1ra, grillezett h\u00fasokra. 20db\/#<\/p>\n<p>&nbsp;<\/p>\n","protected":false},"featured_media":1005,"comment_status":"open","ping_status":"closed","template":"","meta":{"ocean_post_layout":"","ocean_both_sidebars_style":"","ocean_both_sidebars_content_width":0,"ocean_both_sidebars_sidebars_width":0,"ocean_sidebar":"0","ocean_second_sidebar":"0","ocean_disable_margins":"enable","ocean_add_body_class":"","ocean_shortcode_before_top_bar":"","ocean_shortcode_after_top_bar":"","ocean_shortcode_before_header":"","ocean_shortcode_after_header":"","ocean_has_shortcode":"","ocean_shortcode_after_title":"","ocean_shortcode_before_footer_widgets":"","ocean_shortcode_after_footer_widgets":"","ocean_shortcode_before_footer_bottom":"","ocean_shortcode_after_footer_bottom":"","ocean_display_top_bar":"default","ocean_display_header":"default","ocean_header_style":"","ocean_center_header_left_menu":"0","ocean_custom_header_template":"0","ocean_custom_logo":0,"ocean_custom_retina_logo":0,"ocean_custom_logo_max_width":0,"ocean_custom_logo_tablet_max_width":0,"ocean_custom_logo_mobile_max_width":0,"ocean_custom_logo_max_height":0,"ocean_custom_logo_tablet_max_height":0,"ocean_custom_logo_mobile_max_height":0,"ocean_header_custom_menu":"0","ocean_menu_typo_font_family":"0","ocean_menu_typo_font_subset":"","ocean_menu_typo_font_size":0,"ocean_menu_typo_font_size_tablet":0,"ocean_menu_typo_font_size_mobile":0,"ocean_menu_typo_font_size_unit":"px","ocean_menu_typo_font_weight":"","ocean_menu_typo_font_weight_tablet":"","ocean_menu_typo_font_weight_mobile":"","ocean_menu_typo_transform":"","ocean_menu_typo_transform_tablet":"","ocean_menu_typo_transform_mobile":"","ocean_menu_typo_line_height":0,"ocean_menu_typo_line_height_tablet":0,"ocean_menu_typo_line_height_mobile":0,"ocean_menu_typo_line_height_unit":"","ocean_menu_typo_spacing":0,"ocean_menu_typo_spacing_tablet":0,"ocean_menu_typo_spacing_mobile":0,"ocean_menu_typo_spacing_unit":"","ocean_menu_link_color":"","ocean_menu_link_color_hover":"","ocean_menu_link_color_active":"","ocean_menu_link_background":"","ocean_menu_link_hover_background":"","ocean_menu_link_active_background":"","ocean_menu_social_links_bg":"","ocean_menu_social_hover_links_bg":"","ocean_menu_social_links_color":"","ocean_menu_social_hover_links_color":"","ocean_disable_title":"default","ocean_disable_heading":"default","ocean_post_title":"","ocean_post_subheading":"","ocean_post_title_style":"","ocean_post_title_background_color":"","ocean_post_title_background":0,"ocean_post_title_bg_image_position":"","ocean_post_title_bg_image_attachment":"","ocean_post_title_bg_image_repeat":"","ocean_post_title_bg_image_size":"","ocean_post_title_height":0,"ocean_post_title_bg_overlay":0.5,"ocean_post_title_bg_overlay_color":"","ocean_disable_breadcrumbs":"default","ocean_breadcrumbs_color":"","ocean_breadcrumbs_separator_color":"","ocean_breadcrumbs_links_color":"","ocean_breadcrumbs_links_hover_color":"","ocean_display_footer_widgets":"default","ocean_display_footer_bottom":"default","ocean_custom_footer_template":"0"},"product_brand":[],"product_cat":[186],"product_tag":[54],"class_list":{"0":"post-2791","1":"product","2":"type-product","3":"status-publish","4":"has-post-thumbnail","6":"product_cat-fuszerkeverekek","7":"product_tag-nuevo-progreso","9":"entry","10":"has-media","12":"first","13":"instock","14":"taxable","15":"shipping-taxable","16":"purchasable","17":"product-type-simple","18":"col","19":"span_1_of_2","20":"owp-content-center","21":"owp-thumbs-layout-horizontal","22":"owp-btn-normal","23":"owp-tabs-layout-horizontal","24":"has-no-thumbnails"},"_links":{"self":[{"href":"https:\/\/hot-shop.hu\/en\/wp-json\/wp\/v2\/product\/2791","targetHints":{"allow":["GET"]}}],"collection":[{"href":"https:\/\/hot-shop.hu\/en\/wp-json\/wp\/v2\/product"}],"about":[{"href":"https:\/\/hot-shop.hu\/en\/wp-json\/wp\/v2\/types\/product"}],"replies":[{"embeddable":true,"href":"https:\/\/hot-shop.hu\/en\/wp-json\/wp\/v2\/comments?post=2791"}],"wp:featuredmedia":[{"embeddable":true,"href":"https:\/\/hot-shop.hu\/en\/wp-json\/wp\/v2\/media\/1005"}],"wp:attachment":[{"href":"https:\/\/hot-shop.hu\/en\/wp-json\/wp\/v2\/media?parent=2791"}],"wp:term":[{"taxonomy":"product_brand","embeddable":true,"href":"https:\/\/hot-shop.hu\/en\/wp-json\/wp\/v2\/product_brand?post=2791"},{"taxonomy":"product_cat","embeddable":true,"href":"https:\/\/hot-shop.hu\/en\/wp-json\/wp\/v2\/product_cat?post=2791"},{"taxonomy":"product_tag","embeddable":true,"href":"https:\/\/hot-shop.hu\/en\/wp-json\/wp\/v2\/product_tag?post=2791"}],"curies":[{"name":"wp","href":"https:\/\/api.w.org\/{rel}","templated":true}]}}