{"id":2760,"date":"2020-10-02T11:27:06","date_gmt":"2020-10-02T09:27:06","guid":{"rendered":"https:\/\/hot-shop.hu\/termek\/import-placeholder-for-1257\/"},"modified":"2025-04-23T16:28:07","modified_gmt":"2025-04-23T14:28:07","slug":"epazote-220g","status":"publish","type":"product","link":"https:\/\/hot-shop.hu\/en\/termek\/epazote-220g\/","title":{"rendered":"Epazote 220g"},"content":{"rendered":"<p>Hasonl\u00f3 \u00edzvil\u00e1ga miatt, az epazote-t, a mexik\u00f3i \u00e9telekben fokozatosan felv\u00e1ltja a mexik\u00f3i oreg\u00e1n\u00f3, mivel enyh\u00e9bb \u00edz\u0171, de az autentikus mexik\u00f3i konyha m\u00e9g mindig az Epazote-t haszn\u00e1lja.<\/p>\n<p>Level\u00e9b\u0151l k\u00e9sz\u00fcl a mexik\u00f3i, un. <a title=\"J\u00e9zus T\u00e1rsas\u00e1ga\" href=\"https:\/\/hu.wikipedia.org\/wiki\/J%C3%A9zus_T%C3%A1rsas%C3%A1ga\">jezsuita<\/a> tea, amely \u00e9tv\u00e1gyjav\u00edt\u00f3, vizelethajt\u00f3 hat\u00e1sa mellett f\u00e9reg\u0171z\u00e9sre ors\u00f3giliszta, horog- \u00e9s galandf\u00e9reg ellen egyar\u00e1nt hat\u00e9kony, valamint hurut \u00e9s asztma gy\u00f3gy\u00edt\u00e1s\u00e1ra is alkalmazhat\u00f3. Meg kell eml\u00edteni nyugtat\u00f3 hat\u00e1sa miatt is, ami alkalmass\u00e1 teszi lefekv\u00e9s el\u0151tti teak\u00e9nt, de hat\u00e1sos menstru\u00e1ci\u00f3s f\u00e1jdalmak eset\u00e9n is. Az epazote tea k\u00e9sz\u00edt\u00e9sekor fontos szem el\u0151tt tartani, hogy a gy\u00f3gyn\u00f6v\u00e9ny er\u0151s \u00edz\u0171, ez\u00e9rt cs\u00e9sz\u00e9nk\u00e9nt k\u00f6r\u00fclbel\u00fcl 1 te\u00e1skan\u00e1lnyit haszn\u00e1ljunk. Aj\u00e1nlott m\u00e9zzel \u00e9s citroml\u00e9vel \u00e9des\u00edtve t\u00e1lalni. T\u00e9len forr\u00f3 teak\u00e9nt, ny\u00e1ron pedig h\u0171tve, j\u00e9gkock\u00e1val finom friss\u00edt\u0151 lesz. Az epazote \u00edze enyh\u00e9n f\u00f6ldes, ez\u00e9rt b\u00e1tran keverj\u00fck \u00f6ssze ment\u00e1val, citromf\u0171vel, vagy ha reggel fogyasztjuk az italt, z\u00f6ld te\u00e1val kombin\u00e1lva is kiv\u00e1l\u00f3.<\/p>\n<p>&nbsp;<\/p>\n","protected":false},"excerpt":{"rendered":"<p>Sz\u00e1r\u00edtott \u00e9s z\u00fazott Epazote, egy rendk\u00edv\u00fcl sokoldal\u00fa f\u0171szer-gy\u00f3gyn\u00f6v\u00e9ny. Magyarul mirhaf\u0171, amit m\u00e1r a maja kult\u00fara \u00f3ta alkalmaznak. A mexik\u00f3i konyha trad\u00edcion\u00e1lis f\u0171szern\u00f6v\u00e9nye, amelyet f\u0151leg h\u00fcvelyesekkel k\u00e9sz\u00fclt \u00e9telekhez adnak puffad\u00e1sg\u00e1tl\u00f3 \u00e9s g\u00e1zk\u00e9pz\u0151d\u00e9s elleni hat\u00e1sa miatt. A quesadilla \u00e9s m\u00e1s \u00e9telek eredeti receptjeiben is szerepel, k\u00fcl\u00f6n\u00f6sen azokban, amelyek babot tartalmaznak. Er\u0151teljes \u00edze miatt \u00e9teleinkben csak m\u00e9rt\u00e9kkel haszn\u00e1ljuk. Gy\u00f3gyteak\u00e9nt is fogyaszthat\u00f3.<\/p>\n","protected":false},"featured_media":934,"comment_status":"open","ping_status":"closed","template":"","meta":{"ocean_post_layout":"","ocean_both_sidebars_style":"","ocean_both_sidebars_content_width":0,"ocean_both_sidebars_sidebars_width":0,"ocean_sidebar":"0","ocean_second_sidebar":"0","ocean_disable_margins":"enable","ocean_add_body_class":"","ocean_shortcode_before_top_bar":"","ocean_shortcode_after_top_bar":"","ocean_shortcode_before_header":"","ocean_shortcode_after_header":"","ocean_has_shortcode":"","ocean_shortcode_after_title":"","ocean_shortcode_before_footer_widgets":"","ocean_shortcode_after_footer_widgets":"","ocean_shortcode_before_footer_bottom":"","ocean_shortcode_after_footer_bottom":"","ocean_display_top_bar":"default","ocean_display_header":"default","ocean_header_style":"","ocean_center_header_left_menu":"0","ocean_custom_header_template":"0","ocean_custom_logo":0,"ocean_custom_retina_logo":0,"ocean_custom_logo_max_width":0,"ocean_custom_logo_tablet_max_width":0,"ocean_custom_logo_mobile_max_width":0,"ocean_custom_logo_max_height":0,"ocean_custom_logo_tablet_max_height":0,"ocean_custom_logo_mobile_max_height":0,"ocean_header_custom_menu":"0","ocean_menu_typo_font_family":"0","ocean_menu_typo_font_subset":"","ocean_menu_typo_font_size":0,"ocean_menu_typo_font_size_tablet":0,"ocean_menu_typo_font_size_mobile":0,"ocean_menu_typo_font_size_unit":"px","ocean_menu_typo_font_weight":"","ocean_menu_typo_font_weight_tablet":"","ocean_menu_typo_font_weight_mobile":"","ocean_menu_typo_transform":"","ocean_menu_typo_transform_tablet":"","ocean_menu_typo_transform_mobile":"","ocean_menu_typo_line_height":0,"ocean_menu_typo_line_height_tablet":0,"ocean_menu_typo_line_height_mobile":0,"ocean_menu_typo_line_height_unit":"","ocean_menu_typo_spacing":0,"ocean_menu_typo_spacing_tablet":0,"ocean_menu_typo_spacing_mobile":0,"ocean_menu_typo_spacing_unit":"","ocean_menu_link_color":"","ocean_menu_link_color_hover":"","ocean_menu_link_color_active":"","ocean_menu_link_background":"","ocean_menu_link_hover_background":"","ocean_menu_link_active_background":"","ocean_menu_social_links_bg":"","ocean_menu_social_hover_links_bg":"","ocean_menu_social_links_color":"","ocean_menu_social_hover_links_color":"","ocean_disable_title":"default","ocean_disable_heading":"default","ocean_post_title":"","ocean_post_subheading":"","ocean_post_title_style":"","ocean_post_title_background_color":"","ocean_post_title_background":0,"ocean_post_title_bg_image_position":"","ocean_post_title_bg_image_attachment":"","ocean_post_title_bg_image_repeat":"","ocean_post_title_bg_image_size":"","ocean_post_title_height":0,"ocean_post_title_bg_overlay":0.5,"ocean_post_title_bg_overlay_color":"","ocean_disable_breadcrumbs":"default","ocean_breadcrumbs_color":"","ocean_breadcrumbs_separator_color":"","ocean_breadcrumbs_links_color":"","ocean_breadcrumbs_links_hover_color":"","ocean_display_footer_widgets":"default","ocean_display_footer_bottom":"default","ocean_custom_footer_template":"0"},"product_brand":[],"product_cat":[184,236],"product_tag":[54],"class_list":{"0":"post-2760","1":"product","2":"type-product","3":"status-publish","4":"has-post-thumbnail","6":"product_cat-fuszerek","7":"product_cat-babok","8":"product_tag-nuevo-progreso","10":"entry","11":"has-media","13":"first","14":"instock","15":"taxable","16":"shipping-taxable","17":"purchasable","18":"product-type-simple","19":"col","20":"span_1_of_2","21":"owp-content-center","22":"owp-thumbs-layout-horizontal","23":"owp-btn-normal","24":"owp-tabs-layout-horizontal","25":"has-no-thumbnails"},"_links":{"self":[{"href":"https:\/\/hot-shop.hu\/en\/wp-json\/wp\/v2\/product\/2760","targetHints":{"allow":["GET"]}}],"collection":[{"href":"https:\/\/hot-shop.hu\/en\/wp-json\/wp\/v2\/product"}],"about":[{"href":"https:\/\/hot-shop.hu\/en\/wp-json\/wp\/v2\/types\/product"}],"replies":[{"embeddable":true,"href":"https:\/\/hot-shop.hu\/en\/wp-json\/wp\/v2\/comments?post=2760"}],"wp:featuredmedia":[{"embeddable":true,"href":"https:\/\/hot-shop.hu\/en\/wp-json\/wp\/v2\/media\/934"}],"wp:attachment":[{"href":"https:\/\/hot-shop.hu\/en\/wp-json\/wp\/v2\/media?parent=2760"}],"wp:term":[{"taxonomy":"product_brand","embeddable":true,"href":"https:\/\/hot-shop.hu\/en\/wp-json\/wp\/v2\/product_brand?post=2760"},{"taxonomy":"product_cat","embeddable":true,"href":"https:\/\/hot-shop.hu\/en\/wp-json\/wp\/v2\/product_cat?post=2760"},{"taxonomy":"product_tag","embeddable":true,"href":"https:\/\/hot-shop.hu\/en\/wp-json\/wp\/v2\/product_tag?post=2760"}],"curies":[{"name":"wp","href":"https:\/\/api.w.org\/{rel}","templated":true}]}}