{"id":2737,"date":"2020-10-02T11:26:58","date_gmt":"2020-10-02T09:26:58","guid":{"rendered":"https:\/\/hot-shop.hu\/termek\/import-placeholder-for-1239\/"},"modified":"2026-03-20T16:07:18","modified_gmt":"2026-03-20T14:07:18","slug":"sult-fekete-babkrem-580g","status":"publish","type":"product","link":"https:\/\/hot-shop.hu\/en\/termek\/sult-fekete-babkrem-580g\/","title":{"rendered":"S\u00fclt fekete babkr\u00e9m 580g"},"content":{"rendered":"<p>A fekete bab sz\u00e1mos mexik\u00f3i \u00e9tel alapja, ez\u00e9rt ha mexik\u00f3i \u00e9teleket szeretn\u00e9l k\u00e9sz\u00edteni, ne feledkezz meg a babr\u00f3l. Nagy mennyis\u00e9g\u0171 feh\u00e9rj\u00e9t, sz\u00e9nhidr\u00e1tot \u00e9s vitaminokat tartalmaz.<\/p>\n<p><strong>\u00d6sszetev\u0151k:<\/strong> s\u00fclt fekete bab, v\u00edz, hagyma, s\u00f3, jalapeno chilipaprika, n\u00f6v\u00e9nyi olaj, fokhagyma, n\u00e1trium-glutam\u00e1t. Allerg\u00e9n: n\u00e1trium glutam\u00e1t. B\u00faza (glut\u00e9n), toj\u00e1s, sz\u00f3ja, tej, zeller feldolgoz\u00f3 \u00fczemben k\u00e9sz\u00fclt. Felbont\u00e1s ut\u00e1n, z\u00e1rt ed\u00e9nyben, h\u0171t\u0151ben, 3 napig t\u00e1rolhat\u00f3.<\/p>\n<p>Sz\u00e1rmaz\u00e1si orsz\u00e1g: Mexik\u00f3<\/p>\n<table style=\"height: 420px;\" width=\"387\">\n<tbody>\n<tr>\n<td colspan=\"2\" width=\"349\"><strong>\u00c1tlagos t\u00e1p\u00e9rt\u00e9k 100g-ban<\/strong><\/td>\n<\/tr>\n<tr>\n<td width=\"245\">Energia\u00e9rt\u00e9k<\/td>\n<td width=\"103\">381 kJ \/91 kcal<\/td>\n<\/tr>\n<tr>\n<td width=\"245\">Zs\u00edrok<\/td>\n<td width=\"103\">4,2 g<\/td>\n<\/tr>\n<tr>\n<td width=\"245\">ebb\u0151l tel\u00edtett zs\u00edrsavak<\/td>\n<td width=\"103\">0,5 g<\/td>\n<\/tr>\n<tr>\n<td width=\"245\">Sz\u00e9nhidr\u00e1tok<\/td>\n<td width=\"103\">8,2 g<\/td>\n<\/tr>\n<tr>\n<td width=\"245\">\u00a0\u00a0ebb\u0151l cukrok<\/td>\n<td width=\"103\">0,1 g<\/td>\n<\/tr>\n<tr>\n<td width=\"245\">Feh\u00e9rje<\/td>\n<td width=\"103\">3,2 g<\/td>\n<\/tr>\n<tr>\n<td width=\"245\">S\u00f3<\/td>\n<td width=\"103\">1,0 g<\/td>\n<\/tr>\n<\/tbody>\n<\/table>\n","protected":false},"excerpt":{"rendered":"<p>F\u0171szeres, el\u0151f\u0151z\u00f6tt, fekete babkr\u00e9m. Azonnal fogyaszhat\u00f3 term\u00e9k. A mexik\u00f3i konyha kedvelt \u00e9tele. Aj\u00e1nlott k\u00f6retk\u00e9nt, kr\u00e9mleveshez, m\u00e1rt\u00e1sokhoz, tortilla wrap-ekbe, burrito-ba, quesadilla-ba, taco-ba stb. Kedvelt feh\u00e9rjeforr\u00e1s veget\u00e1ri\u00e1nus tortilla \u00e9telekbe.<\/p>\n","protected":false},"featured_media":901,"comment_status":"open","ping_status":"closed","template":"","meta":{"ocean_post_layout":"","ocean_both_sidebars_style":"","ocean_both_sidebars_content_width":0,"ocean_both_sidebars_sidebars_width":0,"ocean_sidebar":"0","ocean_second_sidebar":"0","ocean_disable_margins":"enable","ocean_add_body_class":"","ocean_shortcode_before_top_bar":"","ocean_shortcode_after_top_bar":"","ocean_shortcode_before_header":"","ocean_shortcode_after_header":"","ocean_has_shortcode":"","ocean_shortcode_after_title":"","ocean_shortcode_before_footer_widgets":"","ocean_shortcode_after_footer_widgets":"","ocean_shortcode_before_footer_bottom":"","ocean_shortcode_after_footer_bottom":"","ocean_display_top_bar":"default","ocean_display_header":"default","ocean_header_style":"","ocean_center_header_left_menu":"0","ocean_custom_header_template":"0","ocean_custom_logo":0,"ocean_custom_retina_logo":0,"ocean_custom_logo_max_width":0,"ocean_custom_logo_tablet_max_width":0,"ocean_custom_logo_mobile_max_width":0,"ocean_custom_logo_max_height":0,"ocean_custom_logo_tablet_max_height":0,"ocean_custom_logo_mobile_max_height":0,"ocean_header_custom_menu":"0","ocean_menu_typo_font_family":"0","ocean_menu_typo_font_subset":"","ocean_menu_typo_font_size":0,"ocean_menu_typo_font_size_tablet":0,"ocean_menu_typo_font_size_mobile":0,"ocean_menu_typo_font_size_unit":"px","ocean_menu_typo_font_weight":"","ocean_menu_typo_font_weight_tablet":"","ocean_menu_typo_font_weight_mobile":"","ocean_menu_typo_transform":"","ocean_menu_typo_transform_tablet":"","ocean_menu_typo_transform_mobile":"","ocean_menu_typo_line_height":0,"ocean_menu_typo_line_height_tablet":0,"ocean_menu_typo_line_height_mobile":0,"ocean_menu_typo_line_height_unit":"","ocean_menu_typo_spacing":0,"ocean_menu_typo_spacing_tablet":0,"ocean_menu_typo_spacing_mobile":0,"ocean_menu_typo_spacing_unit":"","ocean_menu_link_color":"","ocean_menu_link_color_hover":"","ocean_menu_link_color_active":"","ocean_menu_link_background":"","ocean_menu_link_hover_background":"","ocean_menu_link_active_background":"","ocean_menu_social_links_bg":"","ocean_menu_social_hover_links_bg":"","ocean_menu_social_links_color":"","ocean_menu_social_hover_links_color":"","ocean_disable_title":"default","ocean_disable_heading":"default","ocean_post_title":"","ocean_post_subheading":"","ocean_post_title_style":"","ocean_post_title_background_color":"","ocean_post_title_background":0,"ocean_post_title_bg_image_position":"","ocean_post_title_bg_image_attachment":"","ocean_post_title_bg_image_repeat":"","ocean_post_title_bg_image_size":"","ocean_post_title_height":0,"ocean_post_title_bg_overlay":0.5,"ocean_post_title_bg_overlay_color":"","ocean_disable_breadcrumbs":"default","ocean_breadcrumbs_color":"","ocean_breadcrumbs_separator_color":"","ocean_breadcrumbs_links_color":"","ocean_breadcrumbs_links_hover_color":"","ocean_display_footer_widgets":"default","ocean_display_footer_bottom":"default","ocean_custom_footer_template":"0"},"product_brand":[],"product_cat":[178,236],"product_tag":[60],"class_list":{"0":"post-2737","1":"product","2":"type-product","3":"status-publish","4":"has-post-thumbnail","6":"product_cat-konzervek-babok","7":"product_cat-babok","8":"product_tag-la-costena","10":"entry","11":"has-media","13":"first","14":"instock","15":"taxable","16":"shipping-taxable","17":"purchasable","18":"product-type-simple","19":"col","20":"span_1_of_2","21":"owp-content-center","22":"owp-thumbs-layout-horizontal","23":"owp-btn-normal","24":"owp-tabs-layout-horizontal","25":"has-no-thumbnails"},"_links":{"self":[{"href":"https:\/\/hot-shop.hu\/en\/wp-json\/wp\/v2\/product\/2737","targetHints":{"allow":["GET"]}}],"collection":[{"href":"https:\/\/hot-shop.hu\/en\/wp-json\/wp\/v2\/product"}],"about":[{"href":"https:\/\/hot-shop.hu\/en\/wp-json\/wp\/v2\/types\/product"}],"replies":[{"embeddable":true,"href":"https:\/\/hot-shop.hu\/en\/wp-json\/wp\/v2\/comments?post=2737"}],"wp:featuredmedia":[{"embeddable":true,"href":"https:\/\/hot-shop.hu\/en\/wp-json\/wp\/v2\/media\/901"}],"wp:attachment":[{"href":"https:\/\/hot-shop.hu\/en\/wp-json\/wp\/v2\/media?parent=2737"}],"wp:term":[{"taxonomy":"product_brand","embeddable":true,"href":"https:\/\/hot-shop.hu\/en\/wp-json\/wp\/v2\/product_brand?post=2737"},{"taxonomy":"product_cat","embeddable":true,"href":"https:\/\/hot-shop.hu\/en\/wp-json\/wp\/v2\/product_cat?post=2737"},{"taxonomy":"product_tag","embeddable":true,"href":"https:\/\/hot-shop.hu\/en\/wp-json\/wp\/v2\/product_tag?post=2737"}],"curies":[{"name":"wp","href":"https:\/\/api.w.org\/{rel}","templated":true}]}}