{"id":2730,"date":"2020-10-02T11:26:58","date_gmt":"2020-10-02T09:26:58","guid":{"rendered":"https:\/\/hot-shop.hu\/termek\/import-placeholder-for-1231\/"},"modified":"2026-02-23T12:15:26","modified_gmt":"2026-02-23T10:15:26","slug":"chipotle-majonez-bbq-955ml","status":"publish","type":"product","link":"https:\/\/hot-shop.hu\/en\/termek\/chipotle-majonez-bbq-955ml\/","title":{"rendered":"Chipotle BBQ majon\u00e9z 955ml"},"content":{"rendered":"<p>Hideg \u00edzes\u00edtett emulge\u00e1lt sz\u00f3sz. \u00d6sszetev\u0151k: repceolaj, iv\u00f3v\u00edz, Chipotle paprika 14% (iv\u00f3v\u00edz, cs\u00edp\u0151s paprika, hagyma, paradicsom, erjesztett alkoholos ecet, s\u00f3, sz\u00f3jaolaj, oreg\u00e1n\u00f3, bab\u00e9rlev\u00e9l, fokhagyma), barbecue sz\u00f3sz (gl\u00fck\u00f3z-frukt\u00f3z szirup, iv\u00f3v\u00edz, paradicsompaszta, erjesztett alkoholos ecet, m\u00f3dos\u00edtott kukoricakem\u00e9ny\u00edt\u0151, s\u00f3, karamell, mal\u00e1takivonat, f\u00fcstaroma, hagyma, fokhagyma, tart\u00f3s\u00edt\u00f3szer &#8211; k\u00e1lium-szorb\u00e1t, bors, paprika), must\u00e1r (iv\u00f3v\u00edz, must\u00e1rmag, erjesztett alkoholos ecet, s\u00f3, f\u0171szerkivonat), toj\u00e1ss\u00e1rg\u00e1ja, cukor, erjesztett alkoholos ecet, s\u00f3, s\u0171r\u00edt\u0151anyag (guargumi, xant\u00e1n), savany\u00fas\u00e1got szab\u00e1lyoz\u00f3 anyag (citromsav), tart\u00f3s\u00edt\u00f3szer (k\u00e1lium-szorb\u00e1t), f\u00fcstaroma, sz\u00ednez\u00e9k (b\u00e9ta-karotin). Allerg\u00e9nek: b\u00faza (glut\u00e9n), toj\u00e1s, sz\u00f3ja, must\u00e1r.<\/p>\n<p>T\u00e1rol\u00e1s: h\u0171t\u00f6tt helyen.<\/p>\n<p>Sz\u00e1rmaz\u00e1si orsz\u00e1g: Csehorsz\u00e1g<\/p>\n<p>T\u00e1p\u00e9rt\u00e9k 100g-ban: Energia: 1955 kJ\/465 kcal, Zs\u00edrok: 49.0 g, ebb\u0151l tel\u00edtett zs\u00edrsavak: 3.2 g, Sz\u00e9nhidr\u00e1t: 5.8 g, ebb\u0151l cukrok: 4.9 g, Feh\u00e9rje: 0.9 g, S\u00f3: 1.3 g.<\/p>\n","protected":false},"excerpt":{"rendered":"<p>K\u00f6zepesen cs\u00edp\u0151s, f\u0171szeres BBQ majon\u00e9z, f\u00fcst\u00f6lt Chipotle paprik\u00e1val. Egyedi \u00edzvil\u00e1g! Aj\u00e1nlott grillekhez, sal\u00e1t\u00e1ra, p\u00e1col\u00e1shoz, burgony\u00e1hoz, m\u00e1rtogat\u00f3snak. 8db\/#<\/p>\n<p>H\u0171t\u00f6tt term\u00e9ket fut\u00e1rszolg\u00e1lattal (GLS, DPD) nem \u00e1ll m\u00f3dunkban k\u00fcldeni.<\/p>\n<p>&nbsp;<\/p>\n","protected":false},"featured_media":8957,"comment_status":"open","ping_status":"closed","template":"","meta":{"ocean_post_layout":"","ocean_both_sidebars_style":"","ocean_both_sidebars_content_width":0,"ocean_both_sidebars_sidebars_width":0,"ocean_sidebar":"0","ocean_second_sidebar":"0","ocean_disable_margins":"enable","ocean_add_body_class":"","ocean_shortcode_before_top_bar":"","ocean_shortcode_after_top_bar":"","ocean_shortcode_before_header":"","ocean_shortcode_after_header":"","ocean_has_shortcode":"","ocean_shortcode_after_title":"","ocean_shortcode_before_footer_widgets":"","ocean_shortcode_after_footer_widgets":"","ocean_shortcode_before_footer_bottom":"","ocean_shortcode_after_footer_bottom":"","ocean_display_top_bar":"default","ocean_display_header":"default","ocean_header_style":"","ocean_center_header_left_menu":"0","ocean_custom_header_template":"0","ocean_custom_logo":0,"ocean_custom_retina_logo":0,"ocean_custom_logo_max_width":0,"ocean_custom_logo_tablet_max_width":0,"ocean_custom_logo_mobile_max_width":0,"ocean_custom_logo_max_height":0,"ocean_custom_logo_tablet_max_height":0,"ocean_custom_logo_mobile_max_height":0,"ocean_header_custom_menu":"0","ocean_menu_typo_font_family":"0","ocean_menu_typo_font_subset":"","ocean_menu_typo_font_size":0,"ocean_menu_typo_font_size_tablet":0,"ocean_menu_typo_font_size_mobile":0,"ocean_menu_typo_font_size_unit":"px","ocean_menu_typo_font_weight":"","ocean_menu_typo_font_weight_tablet":"","ocean_menu_typo_font_weight_mobile":"","ocean_menu_typo_transform":"","ocean_menu_typo_transform_tablet":"","ocean_menu_typo_transform_mobile":"","ocean_menu_typo_line_height":0,"ocean_menu_typo_line_height_tablet":0,"ocean_menu_typo_line_height_mobile":0,"ocean_menu_typo_line_height_unit":"","ocean_menu_typo_spacing":0,"ocean_menu_typo_spacing_tablet":0,"ocean_menu_typo_spacing_mobile":0,"ocean_menu_typo_spacing_unit":"","ocean_menu_link_color":"","ocean_menu_link_color_hover":"","ocean_menu_link_color_active":"","ocean_menu_link_background":"","ocean_menu_link_hover_background":"","ocean_menu_link_active_background":"","ocean_menu_social_links_bg":"","ocean_menu_social_hover_links_bg":"","ocean_menu_social_links_color":"","ocean_menu_social_hover_links_color":"","ocean_disable_title":"default","ocean_disable_heading":"default","ocean_post_title":"","ocean_post_subheading":"","ocean_post_title_style":"","ocean_post_title_background_color":"","ocean_post_title_background":0,"ocean_post_title_bg_image_position":"","ocean_post_title_bg_image_attachment":"","ocean_post_title_bg_image_repeat":"","ocean_post_title_bg_image_size":"","ocean_post_title_height":0,"ocean_post_title_bg_overlay":0.5,"ocean_post_title_bg_overlay_color":"","ocean_disable_breadcrumbs":"default","ocean_breadcrumbs_color":"","ocean_breadcrumbs_separator_color":"","ocean_breadcrumbs_links_color":"","ocean_breadcrumbs_links_hover_color":"","ocean_display_footer_widgets":"default","ocean_display_footer_bottom":"default","ocean_custom_footer_template":"0"},"product_brand":[],"product_cat":[161,170,175,177,180,182,193],"product_tag":[54],"class_list":{"0":"post-2730","1":"product","2":"type-product","3":"status-publish","4":"has-post-thumbnail","6":"product_cat-salsa","7":"product_cat-martogatos","8":"product_cat-chili-szoszok","9":"product_cat-dobozos","10":"product_cat-amerikai-konyha","11":"product_cat-chili-szoszok-szoszok","12":"product_cat-bbq-szoszok","13":"product_tag-nuevo-progreso","15":"entry","16":"has-media","18":"first","19":"instock","20":"taxable","21":"shipping-taxable","22":"purchasable","23":"product-type-simple","24":"col","25":"span_1_of_2","26":"owp-content-center","27":"owp-thumbs-layout-horizontal","28":"owp-btn-normal","29":"owp-tabs-layout-horizontal","30":"has-no-thumbnails"},"_links":{"self":[{"href":"https:\/\/hot-shop.hu\/en\/wp-json\/wp\/v2\/product\/2730","targetHints":{"allow":["GET"]}}],"collection":[{"href":"https:\/\/hot-shop.hu\/en\/wp-json\/wp\/v2\/product"}],"about":[{"href":"https:\/\/hot-shop.hu\/en\/wp-json\/wp\/v2\/types\/product"}],"replies":[{"embeddable":true,"href":"https:\/\/hot-shop.hu\/en\/wp-json\/wp\/v2\/comments?post=2730"}],"wp:featuredmedia":[{"embeddable":true,"href":"https:\/\/hot-shop.hu\/en\/wp-json\/wp\/v2\/media\/8957"}],"wp:attachment":[{"href":"https:\/\/hot-shop.hu\/en\/wp-json\/wp\/v2\/media?parent=2730"}],"wp:term":[{"taxonomy":"product_brand","embeddable":true,"href":"https:\/\/hot-shop.hu\/en\/wp-json\/wp\/v2\/product_brand?post=2730"},{"taxonomy":"product_cat","embeddable":true,"href":"https:\/\/hot-shop.hu\/en\/wp-json\/wp\/v2\/product_cat?post=2730"},{"taxonomy":"product_tag","embeddable":true,"href":"https:\/\/hot-shop.hu\/en\/wp-json\/wp\/v2\/product_tag?post=2730"}],"curies":[{"name":"wp","href":"https:\/\/api.w.org\/{rel}","templated":true}]}}