{"id":27207,"date":"2025-11-14T18:05:01","date_gmt":"2025-11-14T16:05:01","guid":{"rendered":"https:\/\/hot-shop.hu\/?post_type=product&#038;p=27207"},"modified":"2026-02-03T13:33:53","modified_gmt":"2026-02-03T11:33:53","slug":"tajin-mild-hot-sauce-455ml-12","status":"publish","type":"product","link":"https:\/\/hot-shop.hu\/en\/termek\/tajin-mild-hot-sauce-455ml-12\/","title":{"rendered":"Tajin Mild Hot Sauce 455ml 12\/#"},"content":{"rendered":"<p><strong>\u00d6sszetev\u0151k<\/strong>: iv\u00f3v\u00edz, chili paprika 30%, tengeri s\u00f3, savany\u00fas\u00e1got szab\u00e1lyoz\u00f3 szerek: citromsav, ecetsav; sz\u00e1r\u00edtott lime juice 0,5%, s\u0171r\u00edt\u0151anyag: xant\u00e1n; tart\u00f3s\u00edt\u00f3szerek: n\u00e1trium-benzo\u00e1t, k\u00e1lium-szorb\u00e1t. Glut\u00e9nmentes, nem tartalmaz mesters\u00e9ges vagy hozz\u00e1adott \u00edzfokoz\u00f3kat, hozz\u00e1adott cukrot. \u00c9lelmi rost tartalom: 4g. A term\u00e9k nem tartalmaz allerg\u00e9neket.<\/p>\n<p>Sz\u00e1rmaz\u00e1si orsz\u00e1g: Mexik\u00f3<\/p>\n<p>T\u00e1rol\u00e1s: sz\u00e1raz, h\u0151t\u0151l (+15 \u00b0C \u00e9s +30 \u00b0C k\u00f6z\u00f6tt) \u00e9s napf\u00e9nyt\u0151l v\u00e9dett helyen.<\/p>\n<table style=\"font-weight: 400;\">\n<tbody>\n<tr>\n<td colspan=\"2\" width=\"255\"><strong>T\u00e1p\u00e9rt\u00e9k 100 ml-ben<\/strong><\/td>\n<\/tr>\n<tr>\n<td width=\"123\">Energia<\/td>\n<td width=\"132\">307 kJ\/73 kcal<\/td>\n<\/tr>\n<tr>\n<td width=\"123\">Zs\u00edr<\/td>\n<td width=\"132\">1,0 g<\/td>\n<\/tr>\n<tr>\n<td width=\"123\">ebb\u0151l tel\u00edtett zs\u00edrsavak<\/td>\n<td width=\"132\">0,5 g<\/td>\n<\/tr>\n<tr>\n<td width=\"123\">Sz\u00e9nhidr\u00e1t<\/td>\n<td width=\"132\">13 g<\/td>\n<\/tr>\n<tr>\n<td width=\"123\">ebb\u0151l cukrok<\/td>\n<td width=\"132\">0,0 g<\/td>\n<\/tr>\n<tr>\n<td width=\"123\">Feh\u00e9rje<\/td>\n<td width=\"132\">1,0 g<\/td>\n<\/tr>\n<tr>\n<td width=\"123\">S\u00f3<\/td>\n<td width=\"132\">5,5 g<\/td>\n<\/tr>\n<\/tbody>\n<\/table>\n","protected":false},"excerpt":{"rendered":"<p>A Taj\u00edn Mild Hot Sauce egy enyh\u00e9n cs\u00edp\u0151s, \u00edzletes sz\u00f3sz, amely chili, lime \u00e9s s\u00f3 kever\u00e9k\u00e9b\u0151l k\u00e9sz\u00fcl. 12\/# Friss \u00e9s enyh\u00e9n f\u0171szeres \u00edze t\u00f6k\u00e9letesen illik gy\u00fcm\u00f6lcs\u00f6kh\u00f6z, snackekhez \u00e9s s\u00f3s \u00e9telekhez. Nincs is jobb egy friss\u00edt\u0151, l\u00e9d\u00fas gy\u00fcm\u00f6lcsny\u00e1rsn\u00e1l, Mexik\u00f3 \u00edzeivel sz\u00ednezve. Igazi friss\u00edt\u0151 o\u00e1zis!<\/p>\n","protected":false},"featured_media":27206,"comment_status":"open","ping_status":"closed","template":"","meta":{"ocean_post_layout":"","ocean_both_sidebars_style":"","ocean_both_sidebars_content_width":0,"ocean_both_sidebars_sidebars_width":0,"ocean_sidebar":"0","ocean_second_sidebar":"0","ocean_disable_margins":"enable","ocean_add_body_class":"","ocean_shortcode_before_top_bar":"","ocean_shortcode_after_top_bar":"","ocean_shortcode_before_header":"","ocean_shortcode_after_header":"","ocean_has_shortcode":"","ocean_shortcode_after_title":"","ocean_shortcode_before_footer_widgets":"","ocean_shortcode_after_footer_widgets":"","ocean_shortcode_before_footer_bottom":"","ocean_shortcode_after_footer_bottom":"","ocean_display_top_bar":"default","ocean_display_header":"default","ocean_header_style":"","ocean_center_header_left_menu":"0","ocean_custom_header_template":"0","ocean_custom_logo":0,"ocean_custom_retina_logo":0,"ocean_custom_logo_max_width":0,"ocean_custom_logo_tablet_max_width":0,"ocean_custom_logo_mobile_max_width":0,"ocean_custom_logo_max_height":0,"ocean_custom_logo_tablet_max_height":0,"ocean_custom_logo_mobile_max_height":0,"ocean_header_custom_menu":"0","ocean_menu_typo_font_family":"0","ocean_menu_typo_font_subset":"","ocean_menu_typo_font_size":0,"ocean_menu_typo_font_size_tablet":0,"ocean_menu_typo_font_size_mobile":0,"ocean_menu_typo_font_size_unit":"px","ocean_menu_typo_font_weight":"","ocean_menu_typo_font_weight_tablet":"","ocean_menu_typo_font_weight_mobile":"","ocean_menu_typo_transform":"","ocean_menu_typo_transform_tablet":"","ocean_menu_typo_transform_mobile":"","ocean_menu_typo_line_height":0,"ocean_menu_typo_line_height_tablet":0,"ocean_menu_typo_line_height_mobile":0,"ocean_menu_typo_line_height_unit":"","ocean_menu_typo_spacing":0,"ocean_menu_typo_spacing_tablet":0,"ocean_menu_typo_spacing_mobile":0,"ocean_menu_typo_spacing_unit":"","ocean_menu_link_color":"","ocean_menu_link_color_hover":"","ocean_menu_link_color_active":"","ocean_menu_link_background":"","ocean_menu_link_hover_background":"","ocean_menu_link_active_background":"","ocean_menu_social_links_bg":"","ocean_menu_social_hover_links_bg":"","ocean_menu_social_links_color":"","ocean_menu_social_hover_links_color":"","ocean_disable_title":"default","ocean_disable_heading":"default","ocean_post_title":"","ocean_post_subheading":"","ocean_post_title_style":"","ocean_post_title_background_color":"","ocean_post_title_background":0,"ocean_post_title_bg_image_position":"","ocean_post_title_bg_image_attachment":"","ocean_post_title_bg_image_repeat":"","ocean_post_title_bg_image_size":"","ocean_post_title_height":0,"ocean_post_title_bg_overlay":0.5,"ocean_post_title_bg_overlay_color":"","ocean_disable_breadcrumbs":"default","ocean_breadcrumbs_color":"","ocean_breadcrumbs_separator_color":"","ocean_breadcrumbs_links_color":"","ocean_breadcrumbs_links_hover_color":"","ocean_display_footer_widgets":"default","ocean_display_footer_bottom":"default","ocean_custom_footer_template":"0"},"product_brand":[],"product_cat":[175,181,182,238],"product_tag":[97],"class_list":{"0":"post-27207","1":"product","2":"type-product","3":"status-publish","4":"has-post-thumbnail","6":"product_cat-chili-szoszok","7":"product_cat-szoszok","8":"product_cat-chili-szoszok-szoszok","9":"product_cat-uj-termekek","10":"product_tag-tajin","12":"entry","13":"has-media","15":"first","16":"instock","17":"taxable","18":"shipping-taxable","19":"purchasable","20":"product-type-simple","21":"col","22":"span_1_of_2","23":"owp-content-center","24":"owp-thumbs-layout-horizontal","25":"owp-btn-normal","26":"owp-tabs-layout-horizontal","27":"has-no-thumbnails"},"_links":{"self":[{"href":"https:\/\/hot-shop.hu\/en\/wp-json\/wp\/v2\/product\/27207","targetHints":{"allow":["GET"]}}],"collection":[{"href":"https:\/\/hot-shop.hu\/en\/wp-json\/wp\/v2\/product"}],"about":[{"href":"https:\/\/hot-shop.hu\/en\/wp-json\/wp\/v2\/types\/product"}],"replies":[{"embeddable":true,"href":"https:\/\/hot-shop.hu\/en\/wp-json\/wp\/v2\/comments?post=27207"}],"wp:featuredmedia":[{"embeddable":true,"href":"https:\/\/hot-shop.hu\/en\/wp-json\/wp\/v2\/media\/27206"}],"wp:attachment":[{"href":"https:\/\/hot-shop.hu\/en\/wp-json\/wp\/v2\/media?parent=27207"}],"wp:term":[{"taxonomy":"product_brand","embeddable":true,"href":"https:\/\/hot-shop.hu\/en\/wp-json\/wp\/v2\/product_brand?post=27207"},{"taxonomy":"product_cat","embeddable":true,"href":"https:\/\/hot-shop.hu\/en\/wp-json\/wp\/v2\/product_cat?post=27207"},{"taxonomy":"product_tag","embeddable":true,"href":"https:\/\/hot-shop.hu\/en\/wp-json\/wp\/v2\/product_tag?post=27207"}],"curies":[{"name":"wp","href":"https:\/\/api.w.org\/{rel}","templated":true}]}}