{"id":27193,"date":"2025-11-14T16:27:14","date_gmt":"2025-11-14T14:27:14","guid":{"rendered":"https:\/\/hot-shop.hu\/?post_type=product&#038;p=27193"},"modified":"2026-02-03T13:32:06","modified_gmt":"2026-02-03T11:32:06","slug":"tajin-rimmer-poharszel-diszito-12","status":"publish","type":"product","link":"https:\/\/hot-shop.hu\/en\/termek\/tajin-rimmer-poharszel-diszito-12\/","title":{"rendered":"Tajin Rimmer &#8211; poh\u00e1rsz\u00e9l d\u00edsz\u00edt\u0151 12\/#"},"content":{"rendered":"<p>A Taj\u00edn ma m\u00e1r t\u00f6bb mint 30 orsz\u00e1gban ismert, \u00e9s vil\u00e1gszerte a legmagasabb min\u0151s\u00e9g\u0171 chilipaprika term\u00e9keket sz\u00e1ll\u00edtja. Ezeket a term\u00e9keket kokt\u00e9lokhoz \u00e9s \u00e9tel receptekhez is haszn\u00e1lj\u00e1k, k\u00fcl\u00f6nb\u00f6z\u0151 gy\u00fcm\u00f6lcs\u00f6k, z\u00f6lds\u00e9gek, tenger gy\u00fcm\u00f6lcsei \u00e9s egy\u00e9b \u00f6sszetev\u0151k kombin\u00e1ci\u00f3j\u00e1val. Ez teszi a Taj\u00edn m\u00e1rka term\u00e9keit az egyik leguniverz\u00e1lisabb f\u0171szerr\u00e9 \u00e9s \u00e9tel\u00edzes\u00edt\u0151v\u00e9.<\/p>\n<p>T\u00e1rol\u00e1s: 15-30\u00b0C-on, h\u0151t\u0151l, k\u00f6zvetlen napf\u00e9nyt\u0151l v\u00e9dett helyen.<\/p>\n<p><strong><b>\u00d6sszetev\u0151k:<\/b><\/strong> chilipaprika kever\u00e9k (42%), tengeri s\u00f3, antioxid\u00e1ns: citromsav, sz\u00e1r\u00edtott lime juice (0,5%), csom\u00f3sod\u00e1sg\u00e1tl\u00f3 anyag: E551.<\/p>\n<table style=\"height: 175px;\" width=\"416\">\n<tbody>\n<tr>\n<td colspan=\"2\" width=\"87\"><strong><b>T\u00e1p\u00e9rt\u00e9k 100g-b<\/b><\/strong><strong><b>an<\/b><\/strong><\/td>\n<\/tr>\n<tr>\n<td width=\"47\">Energia:<\/td>\n<td width=\"39\">795 kj\/ 190 kcal<\/td>\n<\/tr>\n<tr>\n<td width=\"47\">Zs\u00edr:<\/td>\n<td width=\"39\">2,5 g<\/td>\n<\/tr>\n<tr>\n<td width=\"47\">&#8211; amelyb\u0151l tel\u00edtett zs\u00edrsavak:<\/td>\n<td width=\"39\">0,5 g<\/td>\n<\/tr>\n<tr>\n<td width=\"47\">Sz\u00e9nhidr\u00e1t:<\/td>\n<td width=\"39\">38 g<\/td>\n<\/tr>\n<tr>\n<td width=\"47\">&#8211; amelyb\u0151l cukrok:<\/td>\n<td width=\"39\">0 g<\/td>\n<\/tr>\n<tr>\n<td width=\"47\">Feh\u00e9rje:<\/td>\n<td width=\"39\">4,0 g<\/td>\n<\/tr>\n<tr>\n<td width=\"47\">S\u00f3:<\/td>\n<td width=\"39\">49 g<\/td>\n<\/tr>\n<\/tbody>\n<\/table>\n","protected":false},"excerpt":{"rendered":"<p>Speci\u00e1lis kiszerel\u00e9s\u0171, kellemesen cs\u00edp\u0151s, mexik\u00f3i chili &amp; lime f\u0171szerkever\u00e9k, amely a poharak sz\u00e9l\u00e9nek d\u00edsz\u00edt\u00e9s\u00e9re szolg\u00e1l. Kiszerel\u00e9s: 120g, 12db\/# Friss\u00edt\u0151, pik\u00e1ns \u00edzt \u00e9s egyedi megjelen\u00e9st k\u00f6lcs\u00f6n\u00f6z a kokt\u00e9loknak, mocktailoknak, smoothieknak egyar\u00e1nt. Kiv\u00e1l\u00f3an illik Margarit\u00e1hoz, Micheladahoz vagy RanchWater-hez.<\/p>\n<p>&nbsp;<\/p>\n","protected":false},"featured_media":27199,"comment_status":"open","ping_status":"closed","template":"","meta":{"ocean_post_layout":"","ocean_both_sidebars_style":"","ocean_both_sidebars_content_width":0,"ocean_both_sidebars_sidebars_width":0,"ocean_sidebar":"0","ocean_second_sidebar":"0","ocean_disable_margins":"enable","ocean_add_body_class":"","ocean_shortcode_before_top_bar":"","ocean_shortcode_after_top_bar":"","ocean_shortcode_before_header":"","ocean_shortcode_after_header":"","ocean_has_shortcode":"","ocean_shortcode_after_title":"","ocean_shortcode_before_footer_widgets":"","ocean_shortcode_after_footer_widgets":"","ocean_shortcode_before_footer_bottom":"","ocean_shortcode_after_footer_bottom":"","ocean_display_top_bar":"default","ocean_display_header":"default","ocean_header_style":"","ocean_center_header_left_menu":"0","ocean_custom_header_template":"0","ocean_custom_logo":0,"ocean_custom_retina_logo":0,"ocean_custom_logo_max_width":0,"ocean_custom_logo_tablet_max_width":0,"ocean_custom_logo_mobile_max_width":0,"ocean_custom_logo_max_height":0,"ocean_custom_logo_tablet_max_height":0,"ocean_custom_logo_mobile_max_height":0,"ocean_header_custom_menu":"0","ocean_menu_typo_font_family":"0","ocean_menu_typo_font_subset":"","ocean_menu_typo_font_size":0,"ocean_menu_typo_font_size_tablet":0,"ocean_menu_typo_font_size_mobile":0,"ocean_menu_typo_font_size_unit":"px","ocean_menu_typo_font_weight":"","ocean_menu_typo_font_weight_tablet":"","ocean_menu_typo_font_weight_mobile":"","ocean_menu_typo_transform":"","ocean_menu_typo_transform_tablet":"","ocean_menu_typo_transform_mobile":"","ocean_menu_typo_line_height":0,"ocean_menu_typo_line_height_tablet":0,"ocean_menu_typo_line_height_mobile":0,"ocean_menu_typo_line_height_unit":"","ocean_menu_typo_spacing":0,"ocean_menu_typo_spacing_tablet":0,"ocean_menu_typo_spacing_mobile":0,"ocean_menu_typo_spacing_unit":"","ocean_menu_link_color":"","ocean_menu_link_color_hover":"","ocean_menu_link_color_active":"","ocean_menu_link_background":"","ocean_menu_link_hover_background":"","ocean_menu_link_active_background":"","ocean_menu_social_links_bg":"","ocean_menu_social_hover_links_bg":"","ocean_menu_social_links_color":"","ocean_menu_social_hover_links_color":"","ocean_disable_title":"default","ocean_disable_heading":"default","ocean_post_title":"","ocean_post_subheading":"","ocean_post_title_style":"","ocean_post_title_background_color":"","ocean_post_title_background":0,"ocean_post_title_bg_image_position":"","ocean_post_title_bg_image_attachment":"","ocean_post_title_bg_image_repeat":"","ocean_post_title_bg_image_size":"","ocean_post_title_height":0,"ocean_post_title_bg_overlay":0.5,"ocean_post_title_bg_overlay_color":"","ocean_disable_breadcrumbs":"default","ocean_breadcrumbs_color":"","ocean_breadcrumbs_separator_color":"","ocean_breadcrumbs_links_color":"","ocean_breadcrumbs_links_hover_color":"","ocean_display_footer_widgets":"default","ocean_display_footer_bottom":"default","ocean_custom_footer_template":"0"},"product_brand":[],"product_cat":[184,186,238],"product_tag":[97],"class_list":{"0":"post-27193","1":"product","2":"type-product","3":"status-publish","4":"has-post-thumbnail","6":"product_cat-fuszerek","7":"product_cat-fuszerkeverekek","8":"product_cat-uj-termekek","9":"product_tag-tajin","11":"entry","12":"has-media","14":"first","15":"instock","16":"taxable","17":"shipping-taxable","18":"purchasable","19":"product-type-simple","20":"col","21":"span_1_of_2","22":"owp-content-center","23":"owp-thumbs-layout-horizontal","24":"owp-btn-normal","25":"owp-tabs-layout-horizontal"},"_links":{"self":[{"href":"https:\/\/hot-shop.hu\/en\/wp-json\/wp\/v2\/product\/27193","targetHints":{"allow":["GET"]}}],"collection":[{"href":"https:\/\/hot-shop.hu\/en\/wp-json\/wp\/v2\/product"}],"about":[{"href":"https:\/\/hot-shop.hu\/en\/wp-json\/wp\/v2\/types\/product"}],"replies":[{"embeddable":true,"href":"https:\/\/hot-shop.hu\/en\/wp-json\/wp\/v2\/comments?post=27193"}],"wp:featuredmedia":[{"embeddable":true,"href":"https:\/\/hot-shop.hu\/en\/wp-json\/wp\/v2\/media\/27199"}],"wp:attachment":[{"href":"https:\/\/hot-shop.hu\/en\/wp-json\/wp\/v2\/media?parent=27193"}],"wp:term":[{"taxonomy":"product_brand","embeddable":true,"href":"https:\/\/hot-shop.hu\/en\/wp-json\/wp\/v2\/product_brand?post=27193"},{"taxonomy":"product_cat","embeddable":true,"href":"https:\/\/hot-shop.hu\/en\/wp-json\/wp\/v2\/product_cat?post=27193"},{"taxonomy":"product_tag","embeddable":true,"href":"https:\/\/hot-shop.hu\/en\/wp-json\/wp\/v2\/product_tag?post=27193"}],"curies":[{"name":"wp","href":"https:\/\/api.w.org\/{rel}","templated":true}]}}