{"id":2715,"date":"2020-10-02T11:26:56","date_gmt":"2020-10-02T09:26:56","guid":{"rendered":"https:\/\/hot-shop.hu\/termek\/import-placeholder-for-1212\/"},"modified":"2026-04-08T13:43:49","modified_gmt":"2026-04-08T11:43:49","slug":"guacamole-dip-1kg","status":"publish","type":"product","link":"https:\/\/hot-shop.hu\/en\/termek\/guacamole-dip-1kg\/","title":{"rendered":"Guacamole Dip 1kg"},"content":{"rendered":"<p><strong>\u00d6sszetev\u0151k:<\/strong> v\u00edz, avok\u00e1d\u00f3 (15%), hagyma, paradicsom, z\u00f6ldpaprika, repceolaj, sajtk\u00e9sz\u00edtm\u00e9ny (sajt (tej) emulge\u00e1l\u00f3 s\u00f3 E331, E339, E450, E451, E452), m\u00f3dos\u00edtott kukoricakem\u00e9ny\u00edt\u0151, cukor, z\u00f6ld chilipaprika, k\u00f3kuszolaj, piros paprika, tejfeh\u00e9rje, s\u00f3, jalapeno paprika, antioxid\u00e1ns: E300, citroml\u00e9 koncentr\u00e1tum, citromsav E330, stabiliz\u00e1torok: E415, E412, sz\u00ednez\u00e9kek: E160a, E141, f\u0171szerek. Allerg\u00e9n: tejet tartalmaz.<\/p>\n<p>T\u00e1rol\u00e1s: szobah\u0151m\u00e9rs\u00e9kleten, felbont\u00e1s ut\u00e1n h\u0171t\u0151ben t\u00e1roland\u00f3, 3 napon bel\u00fcl aj\u00e1nlott felhaszn\u00e1lni.<\/p>\n<table style=\"height: 268px;\" width=\"294\">\n<tbody>\n<tr>\n<td colspan=\"2\" width=\"349\"><strong>T\u00e1p\u00e9rt\u00e9k\u00a0100g-ban<\/strong><\/td>\n<\/tr>\n<tr>\n<td width=\"245\">Energia<\/td>\n<td width=\"103\">477 kJ \/ 115 kcal<\/td>\n<\/tr>\n<tr>\n<td width=\"245\">Zs\u00edr<\/td>\n<td width=\"103\">8,5 g<\/td>\n<\/tr>\n<tr>\n<td width=\"245\">\u00a0\u00a0ebb\u0151l tel\u00edtett zs\u00edrsavak<\/td>\n<td width=\"103\">2,5 g<\/td>\n<\/tr>\n<tr>\n<td width=\"245\">Sz\u00e9nhidr\u00e1t<\/td>\n<td width=\"103\">\u00a07,5 g<\/td>\n<\/tr>\n<tr>\n<td width=\"245\">\u00a0\u00a0ebb\u0151l cukrok<\/td>\n<td width=\"103\">3,0 g<\/td>\n<\/tr>\n<tr>\n<td width=\"245\">Feh\u00e9rje<\/td>\n<td width=\"103\">\u00a01,5 g<\/td>\n<\/tr>\n<tr>\n<td width=\"245\">S\u00f3<\/td>\n<td width=\"103\">1,3 g<\/td>\n<\/tr>\n<\/tbody>\n<\/table>\n","protected":false},"excerpt":{"rendered":"<p>Guacamole dip, m\u00e1rtogat\u00f3s salsa tortilla chips-hez vagy b\u00e1rmilyen snack-hez. Avok\u00e1d\u00f3, hagyma, paradicsom, fokhagyma \u00e9s citroml\u00e9 hagyom\u00e1nyos kombin\u00e1ci\u00f3ja. 6db\/#<\/p>\n","protected":false},"featured_media":25142,"comment_status":"closed","ping_status":"closed","template":"","meta":{"ocean_post_layout":"","ocean_both_sidebars_style":"","ocean_both_sidebars_content_width":0,"ocean_both_sidebars_sidebars_width":0,"ocean_sidebar":"0","ocean_second_sidebar":"0","ocean_disable_margins":"enable","ocean_add_body_class":"","ocean_shortcode_before_top_bar":"","ocean_shortcode_after_top_bar":"","ocean_shortcode_before_header":"","ocean_shortcode_after_header":"","ocean_has_shortcode":"","ocean_shortcode_after_title":"","ocean_shortcode_before_footer_widgets":"","ocean_shortcode_after_footer_widgets":"","ocean_shortcode_before_footer_bottom":"","ocean_shortcode_after_footer_bottom":"","ocean_display_top_bar":"default","ocean_display_header":"default","ocean_header_style":"","ocean_center_header_left_menu":"0","ocean_custom_header_template":"0","ocean_custom_logo":0,"ocean_custom_retina_logo":0,"ocean_custom_logo_max_width":0,"ocean_custom_logo_tablet_max_width":0,"ocean_custom_logo_mobile_max_width":0,"ocean_custom_logo_max_height":0,"ocean_custom_logo_tablet_max_height":0,"ocean_custom_logo_mobile_max_height":0,"ocean_header_custom_menu":"0","ocean_menu_typo_font_family":"0","ocean_menu_typo_font_subset":"","ocean_menu_typo_font_size":0,"ocean_menu_typo_font_size_tablet":0,"ocean_menu_typo_font_size_mobile":0,"ocean_menu_typo_font_size_unit":"px","ocean_menu_typo_font_weight":"","ocean_menu_typo_font_weight_tablet":"","ocean_menu_typo_font_weight_mobile":"","ocean_menu_typo_transform":"","ocean_menu_typo_transform_tablet":"","ocean_menu_typo_transform_mobile":"","ocean_menu_typo_line_height":0,"ocean_menu_typo_line_height_tablet":0,"ocean_menu_typo_line_height_mobile":0,"ocean_menu_typo_line_height_unit":"","ocean_menu_typo_spacing":0,"ocean_menu_typo_spacing_tablet":0,"ocean_menu_typo_spacing_mobile":0,"ocean_menu_typo_spacing_unit":"","ocean_menu_link_color":"","ocean_menu_link_color_hover":"","ocean_menu_link_color_active":"","ocean_menu_link_background":"","ocean_menu_link_hover_background":"","ocean_menu_link_active_background":"","ocean_menu_social_links_bg":"","ocean_menu_social_hover_links_bg":"","ocean_menu_social_links_color":"","ocean_menu_social_hover_links_color":"","ocean_disable_title":"default","ocean_disable_heading":"default","ocean_post_title":"","ocean_post_subheading":"","ocean_post_title_style":"","ocean_post_title_background_color":"","ocean_post_title_background":0,"ocean_post_title_bg_image_position":"","ocean_post_title_bg_image_attachment":"","ocean_post_title_bg_image_repeat":"","ocean_post_title_bg_image_size":"","ocean_post_title_height":0,"ocean_post_title_bg_overlay":0.5,"ocean_post_title_bg_overlay_color":"","ocean_disable_breadcrumbs":"default","ocean_breadcrumbs_color":"","ocean_breadcrumbs_separator_color":"","ocean_breadcrumbs_links_color":"","ocean_breadcrumbs_links_hover_color":"","ocean_display_footer_widgets":"default","ocean_display_footer_bottom":"default","ocean_custom_footer_template":"0"},"product_brand":[],"product_cat":[161,170,172],"product_tag":[254],"class_list":{"0":"post-2715","1":"product","2":"type-product","3":"status-publish","4":"has-post-thumbnail","6":"product_cat-salsa","7":"product_cat-martogatos","8":"product_cat-uveges-konzervek-martogatos","9":"product_tag-palapa","11":"entry","12":"has-media","14":"first","15":"instock","16":"taxable","17":"shipping-taxable","18":"purchasable","19":"product-type-simple","20":"col","21":"span_1_of_2","22":"owp-content-center","23":"owp-thumbs-layout-horizontal","24":"owp-btn-normal","25":"owp-tabs-layout-horizontal","26":"has-no-thumbnails"},"_links":{"self":[{"href":"https:\/\/hot-shop.hu\/en\/wp-json\/wp\/v2\/product\/2715","targetHints":{"allow":["GET"]}}],"collection":[{"href":"https:\/\/hot-shop.hu\/en\/wp-json\/wp\/v2\/product"}],"about":[{"href":"https:\/\/hot-shop.hu\/en\/wp-json\/wp\/v2\/types\/product"}],"replies":[{"embeddable":true,"href":"https:\/\/hot-shop.hu\/en\/wp-json\/wp\/v2\/comments?post=2715"}],"wp:featuredmedia":[{"embeddable":true,"href":"https:\/\/hot-shop.hu\/en\/wp-json\/wp\/v2\/media\/25142"}],"wp:attachment":[{"href":"https:\/\/hot-shop.hu\/en\/wp-json\/wp\/v2\/media?parent=2715"}],"wp:term":[{"taxonomy":"product_brand","embeddable":true,"href":"https:\/\/hot-shop.hu\/en\/wp-json\/wp\/v2\/product_brand?post=2715"},{"taxonomy":"product_cat","embeddable":true,"href":"https:\/\/hot-shop.hu\/en\/wp-json\/wp\/v2\/product_cat?post=2715"},{"taxonomy":"product_tag","embeddable":true,"href":"https:\/\/hot-shop.hu\/en\/wp-json\/wp\/v2\/product_tag?post=2715"}],"curies":[{"name":"wp","href":"https:\/\/api.w.org\/{rel}","templated":true}]}}