{"id":2709,"date":"2020-10-02T11:26:50","date_gmt":"2020-10-02T09:26:50","guid":{"rendered":"https:\/\/hot-shop.hu\/termek\/import-placeholder-for-1210\/"},"modified":"2026-02-26T13:31:35","modified_gmt":"2026-02-26T11:31:35","slug":"cheddar-sajtszosz-470g","status":"publish","type":"product","link":"https:\/\/hot-shop.hu\/en\/termek\/cheddar-sajtszosz-470g\/","title":{"rendered":"Cheddar Sajtsz\u00f3sz 470g &#8211; Palapa Salsa Cheese Dip"},"content":{"rendered":"<p>A sajtsz\u00f3sz, csak\u00fagy, mint a paradicsomos salsa, a Tex-Mex konyh\u00e1nak szerves r\u00e9sze, sz\u00ednt \u00e9s \u00e9letet visz az \u00e9telekbe.<\/p>\n<p>\u00d6sszetev\u0151k: Iv\u00f3v\u00edz, repceolaj, z\u00f6lds\u00e9gek 8% (paprika, hagyma), feldolgozott sajt 6,7% (Cheddar sajt, iv\u00f3v\u00edz, vaj, sov\u00e1ny tejpor, sav\u00f3por, s\u00f3k (E450, E452, E339), s\u00f3), egy\u00e9b sajt 3%, m\u00f3dos\u00edtott kem\u00e9ny\u00edt\u0151, s\u0171r\u00edt\u0151anyagok (guargumi, xant\u00e1n), paradicsoms\u0171r\u00edtm\u00e9ny, s\u00f3, sajtaroma (tejet tartalmaz), paprikaaroma, savany\u00fas\u00e1got szab\u00e1lyoz\u00f3 anyagok (citromsav, tejsav), hidroliz\u00e1lt sz\u00f3jafeh\u00e9rje, hidroliz\u00e1lt b\u00fazafeh\u00e9rje, f\u0171szerek (chili, fekete bors), tart\u00f3s\u00edt\u00f3szer (k\u00e1lium-szorb\u00e1t), sz\u00ednez\u00e9k (karotinok).<\/p>\n","protected":false},"excerpt":{"rendered":"<p>F\u0171szeres Cheddar sajtm\u00e1rt\u00e1s, \u00fcveges kiszerel\u00e9sben. Aj\u00e1nlott m\u00e1rtogat\u00f3sk\u00e9nt tortilla chips-hez, friss z\u00f6lds\u00e9gekhez, egy\u00e9b snack-hez, de kit\u0171n\u0151 hamburgerbe, tortill\u00e1ba vagy b\u00e1rmilyen sajtos \u00e9telbe v. d\u00edsz\u00edt\u0151k\u00e9nt.<\/p>\n","protected":false},"featured_media":4077,"comment_status":"open","ping_status":"closed","template":"","meta":{"ocean_post_layout":"","ocean_both_sidebars_style":"","ocean_both_sidebars_content_width":0,"ocean_both_sidebars_sidebars_width":0,"ocean_sidebar":"0","ocean_second_sidebar":"0","ocean_disable_margins":"enable","ocean_add_body_class":"","ocean_shortcode_before_top_bar":"","ocean_shortcode_after_top_bar":"","ocean_shortcode_before_header":"","ocean_shortcode_after_header":"","ocean_has_shortcode":"","ocean_shortcode_after_title":"","ocean_shortcode_before_footer_widgets":"","ocean_shortcode_after_footer_widgets":"","ocean_shortcode_before_footer_bottom":"","ocean_shortcode_after_footer_bottom":"","ocean_display_top_bar":"default","ocean_display_header":"default","ocean_header_style":"","ocean_center_header_left_menu":"0","ocean_custom_header_template":"0","ocean_custom_logo":0,"ocean_custom_retina_logo":0,"ocean_custom_logo_max_width":0,"ocean_custom_logo_tablet_max_width":0,"ocean_custom_logo_mobile_max_width":0,"ocean_custom_logo_max_height":0,"ocean_custom_logo_tablet_max_height":0,"ocean_custom_logo_mobile_max_height":0,"ocean_header_custom_menu":"0","ocean_menu_typo_font_family":"0","ocean_menu_typo_font_subset":"","ocean_menu_typo_font_size":0,"ocean_menu_typo_font_size_tablet":0,"ocean_menu_typo_font_size_mobile":0,"ocean_menu_typo_font_size_unit":"px","ocean_menu_typo_font_weight":"","ocean_menu_typo_font_weight_tablet":"","ocean_menu_typo_font_weight_mobile":"","ocean_menu_typo_transform":"","ocean_menu_typo_transform_tablet":"","ocean_menu_typo_transform_mobile":"","ocean_menu_typo_line_height":0,"ocean_menu_typo_line_height_tablet":0,"ocean_menu_typo_line_height_mobile":0,"ocean_menu_typo_line_height_unit":"","ocean_menu_typo_spacing":0,"ocean_menu_typo_spacing_tablet":0,"ocean_menu_typo_spacing_mobile":0,"ocean_menu_typo_spacing_unit":"","ocean_menu_link_color":"","ocean_menu_link_color_hover":"","ocean_menu_link_color_active":"","ocean_menu_link_background":"","ocean_menu_link_hover_background":"","ocean_menu_link_active_background":"","ocean_menu_social_links_bg":"","ocean_menu_social_hover_links_bg":"","ocean_menu_social_links_color":"","ocean_menu_social_hover_links_color":"","ocean_disable_title":"default","ocean_disable_heading":"default","ocean_post_title":"","ocean_post_subheading":"","ocean_post_title_style":"","ocean_post_title_background_color":"","ocean_post_title_background":0,"ocean_post_title_bg_image_position":"","ocean_post_title_bg_image_attachment":"","ocean_post_title_bg_image_repeat":"","ocean_post_title_bg_image_size":"","ocean_post_title_height":0,"ocean_post_title_bg_overlay":0.5,"ocean_post_title_bg_overlay_color":"","ocean_disable_breadcrumbs":"default","ocean_breadcrumbs_color":"","ocean_breadcrumbs_separator_color":"","ocean_breadcrumbs_links_color":"","ocean_breadcrumbs_links_hover_color":"","ocean_display_footer_widgets":"default","ocean_display_footer_bottom":"default","ocean_custom_footer_template":"0"},"product_brand":[],"product_cat":[237,190,161,172,170],"product_tag":[254],"class_list":{"0":"post-2709","1":"product","2":"type-product","3":"status-publish","4":"has-post-thumbnail","6":"product_cat-sajtok-2","7":"product_cat-sajtszoszok","8":"product_cat-salsa","9":"product_cat-uveges-konzervek-martogatos","10":"product_cat-martogatos","11":"product_tag-palapa","13":"entry","14":"has-media","16":"first","17":"instock","18":"taxable","19":"shipping-taxable","20":"purchasable","21":"product-type-simple","22":"col","23":"span_1_of_2","24":"owp-content-center","25":"owp-thumbs-layout-horizontal","26":"owp-btn-normal","27":"owp-tabs-layout-horizontal","28":"has-no-thumbnails"},"_links":{"self":[{"href":"https:\/\/hot-shop.hu\/en\/wp-json\/wp\/v2\/product\/2709","targetHints":{"allow":["GET"]}}],"collection":[{"href":"https:\/\/hot-shop.hu\/en\/wp-json\/wp\/v2\/product"}],"about":[{"href":"https:\/\/hot-shop.hu\/en\/wp-json\/wp\/v2\/types\/product"}],"replies":[{"embeddable":true,"href":"https:\/\/hot-shop.hu\/en\/wp-json\/wp\/v2\/comments?post=2709"}],"wp:featuredmedia":[{"embeddable":true,"href":"https:\/\/hot-shop.hu\/en\/wp-json\/wp\/v2\/media\/4077"}],"wp:attachment":[{"href":"https:\/\/hot-shop.hu\/en\/wp-json\/wp\/v2\/media?parent=2709"}],"wp:term":[{"taxonomy":"product_brand","embeddable":true,"href":"https:\/\/hot-shop.hu\/en\/wp-json\/wp\/v2\/product_brand?post=2709"},{"taxonomy":"product_cat","embeddable":true,"href":"https:\/\/hot-shop.hu\/en\/wp-json\/wp\/v2\/product_cat?post=2709"},{"taxonomy":"product_tag","embeddable":true,"href":"https:\/\/hot-shop.hu\/en\/wp-json\/wp\/v2\/product_tag?post=2709"}],"curies":[{"name":"wp","href":"https:\/\/api.w.org\/{rel}","templated":true}]}}