{"id":2704,"date":"2020-10-02T11:26:49","date_gmt":"2020-10-02T09:26:49","guid":{"rendered":"https:\/\/hot-shop.hu\/termek\/import-placeholder-for-1204\/"},"modified":"2026-01-06T14:22:50","modified_gmt":"2026-01-06T12:22:50","slug":"salsa-dip-medium-453g","status":"publish","type":"product","link":"https:\/\/hot-shop.hu\/en\/termek\/salsa-dip-medium-453g\/","title":{"rendered":"Salsa Dip Medium 453g 12\/# &#8211; La Costena"},"content":{"rendered":"<p><strong>\u00d6sszetev\u0151k:<\/strong> felkock\u00e1zott paradicsom 74%, paradicsomp\u00fcr\u00e9 14%, hagyma 5,5%, Jalape\u00f1o paprika 2,5%, z\u00f6ldpaprika 1.5%, s\u00f3, ecet, cukor, sz\u00f3jaolaj, sz\u00e1r\u00edtott koriander, fokhagyma, term\u00e9szetes koriander aroma, bors. Tart\u00f3s\u00edt\u00f3szer mentes. A m\u00e1rt\u00e1s gazdag C-vitaminban, A-vitaminban \u00e9s antioxid\u00e1nsokban, amelyek seg\u00edtenek er\u0151s\u00edteni az immunrendszert.<\/p>\n<table style=\"height: 428px;\" width=\"389\">\n<tbody>\n<tr>\n<td colspan=\"2\" width=\"349\"><strong>T\u00e1p\u00e9rt\u00e9k\u00a0100g-ban<\/strong><\/td>\n<\/tr>\n<tr>\n<td width=\"245\">Energia\u00e9rt\u00e9k<\/td>\n<td width=\"103\">130 kJ \/ 31kcal<\/td>\n<\/tr>\n<tr>\n<td width=\"245\">Zs\u00edrok<\/td>\n<td width=\"103\">0,2 g<\/td>\n<\/tr>\n<tr>\n<td width=\"245\">\u00a0\u00a0ebb\u0151l tel\u00edtett zs\u00edrsavak<\/td>\n<td width=\"103\">0,0 g<\/td>\n<\/tr>\n<tr>\n<td width=\"245\">Sz\u00e9nhidr\u00e1tok<\/td>\n<td width=\"103\">4,9 g<\/td>\n<\/tr>\n<tr>\n<td width=\"245\">\u00a0\u00a0ebb\u0151l cukrok<\/td>\n<td width=\"103\">3,0 g<\/td>\n<\/tr>\n<tr>\n<td width=\"245\">Feh\u00e9rje<\/td>\n<td width=\"103\">1,4 g<\/td>\n<\/tr>\n<tr>\n<td width=\"245\">S\u00f3<\/td>\n<td width=\"103\">1,4 g<\/td>\n<\/tr>\n<\/tbody>\n<\/table>\n","protected":false},"excerpt":{"rendered":"<p>K\u00f6zepesen cs\u00edp\u0151s, m\u00e1rtogat\u00f3s salsa (paradicsomos, chili paprik\u00e1s) chipshez, tortill\u00e1ba, egy\u00e9b z\u00f6lds\u00e9ges \u00e9s h\u00fas\u00e9telhez. 12db\/karton. Aj\u00e1nlott, a visszafogottan cs\u00edp\u0151s, de f\u0171szeres \u00edz kedvel\u0151inek. Vil\u00e1gszerte n\u00e9pszer\u0171 egyedi \u00edze \u00e9s a sokoldal\u00fa felhaszn\u00e1lhat\u00f3s\u00e1ga miatt. Minden \u00e9telt gazdag\u00edt a paradicsom kellemes \u00edz\u00e9vel \u00e9s a chilipaprika f\u0171szeress\u00e9g\u00e9vel. Tart\u00f3s\u00edt\u00f3szer mentes term\u00e9k.<\/p>\n","protected":false},"featured_media":18486,"comment_status":"open","ping_status":"closed","template":"","meta":{"ocean_post_layout":"","ocean_both_sidebars_style":"","ocean_both_sidebars_content_width":0,"ocean_both_sidebars_sidebars_width":0,"ocean_sidebar":"0","ocean_second_sidebar":"0","ocean_disable_margins":"enable","ocean_add_body_class":"","ocean_shortcode_before_top_bar":"","ocean_shortcode_after_top_bar":"","ocean_shortcode_before_header":"","ocean_shortcode_after_header":"","ocean_has_shortcode":"","ocean_shortcode_after_title":"","ocean_shortcode_before_footer_widgets":"","ocean_shortcode_after_footer_widgets":"","ocean_shortcode_before_footer_bottom":"","ocean_shortcode_after_footer_bottom":"","ocean_display_top_bar":"default","ocean_display_header":"default","ocean_header_style":"","ocean_center_header_left_menu":"0","ocean_custom_header_template":"0","ocean_custom_logo":0,"ocean_custom_retina_logo":0,"ocean_custom_logo_max_width":0,"ocean_custom_logo_tablet_max_width":0,"ocean_custom_logo_mobile_max_width":0,"ocean_custom_logo_max_height":0,"ocean_custom_logo_tablet_max_height":0,"ocean_custom_logo_mobile_max_height":0,"ocean_header_custom_menu":"0","ocean_menu_typo_font_family":"0","ocean_menu_typo_font_subset":"","ocean_menu_typo_font_size":0,"ocean_menu_typo_font_size_tablet":0,"ocean_menu_typo_font_size_mobile":0,"ocean_menu_typo_font_size_unit":"px","ocean_menu_typo_font_weight":"","ocean_menu_typo_font_weight_tablet":"","ocean_menu_typo_font_weight_mobile":"","ocean_menu_typo_transform":"","ocean_menu_typo_transform_tablet":"","ocean_menu_typo_transform_mobile":"","ocean_menu_typo_line_height":0,"ocean_menu_typo_line_height_tablet":0,"ocean_menu_typo_line_height_mobile":0,"ocean_menu_typo_line_height_unit":"","ocean_menu_typo_spacing":0,"ocean_menu_typo_spacing_tablet":0,"ocean_menu_typo_spacing_mobile":0,"ocean_menu_typo_spacing_unit":"","ocean_menu_link_color":"","ocean_menu_link_color_hover":"","ocean_menu_link_color_active":"","ocean_menu_link_background":"","ocean_menu_link_hover_background":"","ocean_menu_link_active_background":"","ocean_menu_social_links_bg":"","ocean_menu_social_hover_links_bg":"","ocean_menu_social_links_color":"","ocean_menu_social_hover_links_color":"","ocean_disable_title":"default","ocean_disable_heading":"default","ocean_post_title":"","ocean_post_subheading":"","ocean_post_title_style":"","ocean_post_title_background_color":"","ocean_post_title_background":0,"ocean_post_title_bg_image_position":"","ocean_post_title_bg_image_attachment":"","ocean_post_title_bg_image_repeat":"","ocean_post_title_bg_image_size":"","ocean_post_title_height":0,"ocean_post_title_bg_overlay":0.5,"ocean_post_title_bg_overlay_color":"","ocean_disable_breadcrumbs":"default","ocean_breadcrumbs_color":"","ocean_breadcrumbs_separator_color":"","ocean_breadcrumbs_links_color":"","ocean_breadcrumbs_links_hover_color":"","ocean_display_footer_widgets":"default","ocean_display_footer_bottom":"default","ocean_custom_footer_template":"0"},"product_brand":[],"product_cat":[161,170,172,238],"product_tag":[60],"class_list":{"0":"post-2704","1":"product","2":"type-product","3":"status-publish","4":"has-post-thumbnail","6":"product_cat-salsa","7":"product_cat-martogatos","8":"product_cat-uveges-konzervek-martogatos","9":"product_cat-uj-termekek","10":"product_tag-la-costena","12":"entry","13":"has-media","15":"first","16":"instock","17":"taxable","18":"shipping-taxable","19":"purchasable","20":"product-type-simple","21":"col","22":"span_1_of_2","23":"owp-content-center","24":"owp-thumbs-layout-horizontal","25":"owp-btn-normal","26":"owp-tabs-layout-horizontal","27":"has-no-thumbnails"},"_links":{"self":[{"href":"https:\/\/hot-shop.hu\/en\/wp-json\/wp\/v2\/product\/2704","targetHints":{"allow":["GET"]}}],"collection":[{"href":"https:\/\/hot-shop.hu\/en\/wp-json\/wp\/v2\/product"}],"about":[{"href":"https:\/\/hot-shop.hu\/en\/wp-json\/wp\/v2\/types\/product"}],"replies":[{"embeddable":true,"href":"https:\/\/hot-shop.hu\/en\/wp-json\/wp\/v2\/comments?post=2704"}],"wp:featuredmedia":[{"embeddable":true,"href":"https:\/\/hot-shop.hu\/en\/wp-json\/wp\/v2\/media\/18486"}],"wp:attachment":[{"href":"https:\/\/hot-shop.hu\/en\/wp-json\/wp\/v2\/media?parent=2704"}],"wp:term":[{"taxonomy":"product_brand","embeddable":true,"href":"https:\/\/hot-shop.hu\/en\/wp-json\/wp\/v2\/product_brand?post=2704"},{"taxonomy":"product_cat","embeddable":true,"href":"https:\/\/hot-shop.hu\/en\/wp-json\/wp\/v2\/product_cat?post=2704"},{"taxonomy":"product_tag","embeddable":true,"href":"https:\/\/hot-shop.hu\/en\/wp-json\/wp\/v2\/product_tag?post=2704"}],"curies":[{"name":"wp","href":"https:\/\/api.w.org\/{rel}","templated":true}]}}