{"id":2698,"date":"2020-10-02T11:26:48","date_gmt":"2020-10-02T09:26:48","guid":{"rendered":"https:\/\/hot-shop.hu\/termek\/import-placeholder-for-1195\/"},"modified":"2026-03-06T17:03:28","modified_gmt":"2026-03-06T15:03:28","slug":"kaktusz-csikok-440g","status":"publish","type":"product","link":"https:\/\/hot-shop.hu\/en\/termek\/kaktusz-csikok-440g\/","title":{"rendered":"F\u00fcgekaktusz cs\u00edkok 440g &#8211; La Costena"},"content":{"rendered":"<p>A f\u00fcgekaktusz, spanyolul nopales, medvetalpkaktusz (Opuntia) n\u00e9ven is ismert, nagyon eg\u00e9szs\u00e9ges mexik\u00f3i z\u00f6lds\u00e9g. Level\u00e9t, sz\u00e1r\u00e1t is fogyasztj\u00e1k. Feh\u00e9rj\u00e9t, k\u00fcl\u00f6nb\u00f6z\u0151 vitaminokat \u00e9s sok-sok rostot tartalmaz.<\/p>\n<p><strong><b>\u00d6sszetev\u0151k:<\/b><\/strong>\u00a0zsenge f\u00fcgekaktusz levelek, v\u00edz, s\u00f3, ecet, hagyma, serrano chilipaprika, koriander.<\/p>\n<p><strong>Tipp<\/strong>: fogyaszt\u00e1s el\u0151tt sz\u0171rj\u00fck le a levet \u00e9s csak a kaktuszleveleket haszn\u00e1ljuk fel.<\/p>\n<table>\n<tbody>\n<tr>\n<td colspan=\"2\" width=\"363\"><strong>\u00c1ltal\u00e1nos t\u00e1p\u00e9rt\u00e9k\u00a0100g-ban<\/strong><\/td>\n<\/tr>\n<tr>\n<td width=\"245\">Energia\u00e9rt\u00e9k<\/td>\n<td width=\"117\">99kJ \/ 24kcal<\/td>\n<\/tr>\n<tr>\n<td width=\"245\">Zs\u00edrok<\/td>\n<td width=\"117\">0\u00a0g<\/td>\n<\/tr>\n<tr>\n<td width=\"245\">\u00a0\u00a0ebb\u0151l tel\u00edtett zs\u00edrsavak<\/td>\n<td width=\"117\">0 g<\/td>\n<\/tr>\n<tr>\n<td width=\"245\">Sz\u00e9nhidr\u00e1tok<\/td>\n<td width=\"117\">3,4 g<\/td>\n<\/tr>\n<tr>\n<td width=\"245\">\u00a0\u00a0ebb\u0151l cukrok<\/td>\n<td width=\"117\">3,0\u00a0g<\/td>\n<\/tr>\n<tr>\n<td width=\"245\">Rost<\/td>\n<td width=\"117\">3,6\u00a0g<\/td>\n<\/tr>\n<tr>\n<td width=\"245\">Feh\u00e9rje<\/td>\n<td width=\"117\">0,7 g<\/td>\n<\/tr>\n<tr>\n<td width=\"245\">S\u00f3<\/td>\n<td width=\"117\">2,3 g<\/td>\n<\/tr>\n<\/tbody>\n<\/table>\n<p>&nbsp;<\/p>\n","protected":false},"excerpt":{"rendered":"<p>Szeletelt Opuncie f\u00fcgekaktusz enyh\u00e9n s\u00f3s-savany\u00fa l\u00e9ben. 12db\/# A f\u00fcgekaktusz \u00edze friss, \u00e9des, l\u00e9d\u00fas \u00e9s enyh\u00e9n savanyk\u00e1s.\u00a0 A La Costena nopalitos felszeletelt kaktuszhajt\u00e1sok, amelyeket hagym\u00e1val, korianderrel, s\u00f3val \u00e9s ecettel f\u0151znek, majd serrano paprik\u00e1val \u00edzes\u00edtenek, t\u00fckr\u00f6zve ez\u00e1ltal a hagyom\u00e1nyos mexik\u00f3i \u00edzvil\u00e1got. Fogyaszt\u00e1sra k\u00e9sz, pl. sal\u00e1t\u00e1nak, k\u00f6retnek, taco-ba, de f\u0151zve, s\u00fctve, grillezve h\u00fasok mell\u00e9, levesbe \u00e9s egyt\u00e1l\u00e9telk\u00e9nt is kit\u0171n\u0151.<\/p>\n","protected":false},"featured_media":836,"comment_status":"open","ping_status":"closed","template":"","meta":{"ocean_post_layout":"","ocean_both_sidebars_style":"","ocean_both_sidebars_content_width":0,"ocean_both_sidebars_sidebars_width":0,"ocean_sidebar":"0","ocean_second_sidebar":"0","ocean_disable_margins":"enable","ocean_add_body_class":"","ocean_shortcode_before_top_bar":"","ocean_shortcode_after_top_bar":"","ocean_shortcode_before_header":"","ocean_shortcode_after_header":"","ocean_has_shortcode":"","ocean_shortcode_after_title":"","ocean_shortcode_before_footer_widgets":"","ocean_shortcode_after_footer_widgets":"","ocean_shortcode_before_footer_bottom":"","ocean_shortcode_after_footer_bottom":"","ocean_display_top_bar":"default","ocean_display_header":"default","ocean_header_style":"","ocean_center_header_left_menu":"0","ocean_custom_header_template":"0","ocean_custom_logo":0,"ocean_custom_retina_logo":0,"ocean_custom_logo_max_width":0,"ocean_custom_logo_tablet_max_width":0,"ocean_custom_logo_mobile_max_width":0,"ocean_custom_logo_max_height":0,"ocean_custom_logo_tablet_max_height":0,"ocean_custom_logo_mobile_max_height":0,"ocean_header_custom_menu":"0","ocean_menu_typo_font_family":"0","ocean_menu_typo_font_subset":"","ocean_menu_typo_font_size":0,"ocean_menu_typo_font_size_tablet":0,"ocean_menu_typo_font_size_mobile":0,"ocean_menu_typo_font_size_unit":"px","ocean_menu_typo_font_weight":"","ocean_menu_typo_font_weight_tablet":"","ocean_menu_typo_font_weight_mobile":"","ocean_menu_typo_transform":"","ocean_menu_typo_transform_tablet":"","ocean_menu_typo_transform_mobile":"","ocean_menu_typo_line_height":0,"ocean_menu_typo_line_height_tablet":0,"ocean_menu_typo_line_height_mobile":0,"ocean_menu_typo_line_height_unit":"","ocean_menu_typo_spacing":0,"ocean_menu_typo_spacing_tablet":0,"ocean_menu_typo_spacing_mobile":0,"ocean_menu_typo_spacing_unit":"","ocean_menu_link_color":"","ocean_menu_link_color_hover":"","ocean_menu_link_color_active":"","ocean_menu_link_background":"","ocean_menu_link_hover_background":"","ocean_menu_link_active_background":"","ocean_menu_social_links_bg":"","ocean_menu_social_hover_links_bg":"","ocean_menu_social_links_color":"","ocean_menu_social_hover_links_color":"","ocean_disable_title":"default","ocean_disable_heading":"default","ocean_post_title":"","ocean_post_subheading":"","ocean_post_title_style":"","ocean_post_title_background_color":"","ocean_post_title_background":0,"ocean_post_title_bg_image_position":"","ocean_post_title_bg_image_attachment":"","ocean_post_title_bg_image_repeat":"","ocean_post_title_bg_image_size":"","ocean_post_title_height":0,"ocean_post_title_bg_overlay":0.5,"ocean_post_title_bg_overlay_color":"","ocean_disable_breadcrumbs":"default","ocean_breadcrumbs_color":"","ocean_breadcrumbs_separator_color":"","ocean_breadcrumbs_links_color":"","ocean_breadcrumbs_links_hover_color":"","ocean_display_footer_widgets":"default","ocean_display_footer_bottom":"default","ocean_custom_footer_template":"0"},"product_brand":[],"product_cat":[166,168],"product_tag":[60],"class_list":{"0":"post-2698","1":"product","2":"type-product","3":"status-publish","4":"has-post-thumbnail","6":"product_cat-gyumolcsok-zoldsegek","7":"product_cat-uveges-konzervek-gyumolcsok-es-zoldsegek","8":"product_tag-la-costena","10":"entry","11":"has-media","13":"first","14":"instock","15":"taxable","16":"shipping-taxable","17":"purchasable","18":"product-type-simple","19":"col","20":"span_1_of_2","21":"owp-content-center","22":"owp-thumbs-layout-horizontal","23":"owp-btn-normal","24":"owp-tabs-layout-horizontal","25":"has-no-thumbnails"},"_links":{"self":[{"href":"https:\/\/hot-shop.hu\/en\/wp-json\/wp\/v2\/product\/2698","targetHints":{"allow":["GET"]}}],"collection":[{"href":"https:\/\/hot-shop.hu\/en\/wp-json\/wp\/v2\/product"}],"about":[{"href":"https:\/\/hot-shop.hu\/en\/wp-json\/wp\/v2\/types\/product"}],"replies":[{"embeddable":true,"href":"https:\/\/hot-shop.hu\/en\/wp-json\/wp\/v2\/comments?post=2698"}],"wp:featuredmedia":[{"embeddable":true,"href":"https:\/\/hot-shop.hu\/en\/wp-json\/wp\/v2\/media\/836"}],"wp:attachment":[{"href":"https:\/\/hot-shop.hu\/en\/wp-json\/wp\/v2\/media?parent=2698"}],"wp:term":[{"taxonomy":"product_brand","embeddable":true,"href":"https:\/\/hot-shop.hu\/en\/wp-json\/wp\/v2\/product_brand?post=2698"},{"taxonomy":"product_cat","embeddable":true,"href":"https:\/\/hot-shop.hu\/en\/wp-json\/wp\/v2\/product_cat?post=2698"},{"taxonomy":"product_tag","embeddable":true,"href":"https:\/\/hot-shop.hu\/en\/wp-json\/wp\/v2\/product_tag?post=2698"}],"curies":[{"name":"wp","href":"https:\/\/api.w.org\/{rel}","templated":true}]}}