{"id":2695,"date":"2020-10-02T11:26:48","date_gmt":"2020-10-02T09:26:48","guid":{"rendered":"https:\/\/hot-shop.hu\/termek\/import-placeholder-for-1189\/"},"modified":"2026-04-09T17:42:48","modified_gmt":"2026-04-09T15:42:48","slug":"del-sol-tomatillos-2-8kg-egesz","status":"publish","type":"product","link":"https:\/\/hot-shop.hu\/en\/termek\/del-sol-tomatillos-2-8kg-egesz\/","title":{"rendered":"Del Sol Tomatillos eg\u00e9sz 2,8kg &#8211; 6db\/#"},"content":{"rendered":"<p>A tomatillo-t egy z\u00f6ld h\u00e1rtya bor\u00edtja, melynek elt\u00e1vol\u00edt\u00e1sa ut\u00e1n a gy\u00fcm\u00f6lcs a paradicsomra eml\u00e9keztet, ez\u00e9rt is h\u00edvj\u00e1k mexik\u00f3i z\u00f6ld paradicsomnak. Kiss\u00e9 savanyk\u00e1s \u00edz\u0171. A teljesen \u00e9rett gy\u00fcm\u00f6lcs\u00f6k s\u00e1rg\u00e1s sz\u00edn\u0171ek \u00e9s \u00e9desebbek. A bel\u0151le k\u00e9sz\u00edtett z\u00f6ld sz\u00f3sz, a salsa verde, melyet gyakran haszn\u00e1lnak a mexik\u00f3i konyh\u00e1ban tortilla chips m\u00e1rtogat\u00f3sk\u00e9nt, vagy taco (t\u00f6lt\u00f6tt tortilla) \u00e9s grillezett (\u00e1ltal\u00e1ban sert\u00e9sh\u00fas) h\u00fas vagy hal mell\u00e9. Gazdag C-vitaminban, magas az antioxid\u00e1ns tartalma, \u00e9s fontos foszfor-, kalcium-, vas- \u00e9s egy\u00e9b \u00e1sv\u00e1nyi anyag forr\u00e1s.<\/p>\n<p>\u00d6sszetev\u0151k: tomatillos z\u00f6ld paradicsom, v\u00edz, s\u00f3, citromsav.<\/p>\n<p>Sz\u00e1rmaz\u00e1si hely: Mexik\u00f3<\/p>\n","protected":false},"excerpt":{"rendered":"<p>Tomatillos, mexik\u00f3i z\u00f6ld paradicsom. A salsa verde f\u0151 alapanyaga, de grillezve, s\u00fctve, p\u00e1rolva, valamint p\u00f6rk\u00f6ltekhez, levesekhez \u00e9s sal\u00e1t\u00e1kba is kiv\u00e1l\u00f3. A guacamole alapanyagak\u00e9nt is aj\u00e1nljuk. 6db\/#<\/p>\n<p>&nbsp;<\/p>\n","protected":false},"featured_media":834,"comment_status":"open","ping_status":"closed","template":"","meta":{"ocean_post_layout":"","ocean_both_sidebars_style":"","ocean_both_sidebars_content_width":0,"ocean_both_sidebars_sidebars_width":0,"ocean_sidebar":"0","ocean_second_sidebar":"0","ocean_disable_margins":"enable","ocean_add_body_class":"","ocean_shortcode_before_top_bar":"","ocean_shortcode_after_top_bar":"","ocean_shortcode_before_header":"","ocean_shortcode_after_header":"","ocean_has_shortcode":"","ocean_shortcode_after_title":"","ocean_shortcode_before_footer_widgets":"","ocean_shortcode_after_footer_widgets":"","ocean_shortcode_before_footer_bottom":"","ocean_shortcode_after_footer_bottom":"","ocean_display_top_bar":"default","ocean_display_header":"default","ocean_header_style":"","ocean_center_header_left_menu":"0","ocean_custom_header_template":"0","ocean_custom_logo":0,"ocean_custom_retina_logo":0,"ocean_custom_logo_max_width":0,"ocean_custom_logo_tablet_max_width":0,"ocean_custom_logo_mobile_max_width":0,"ocean_custom_logo_max_height":0,"ocean_custom_logo_tablet_max_height":0,"ocean_custom_logo_mobile_max_height":0,"ocean_header_custom_menu":"0","ocean_menu_typo_font_family":"0","ocean_menu_typo_font_subset":"","ocean_menu_typo_font_size":0,"ocean_menu_typo_font_size_tablet":0,"ocean_menu_typo_font_size_mobile":0,"ocean_menu_typo_font_size_unit":"px","ocean_menu_typo_font_weight":"","ocean_menu_typo_font_weight_tablet":"","ocean_menu_typo_font_weight_mobile":"","ocean_menu_typo_transform":"","ocean_menu_typo_transform_tablet":"","ocean_menu_typo_transform_mobile":"","ocean_menu_typo_line_height":0,"ocean_menu_typo_line_height_tablet":0,"ocean_menu_typo_line_height_mobile":0,"ocean_menu_typo_line_height_unit":"","ocean_menu_typo_spacing":0,"ocean_menu_typo_spacing_tablet":0,"ocean_menu_typo_spacing_mobile":0,"ocean_menu_typo_spacing_unit":"","ocean_menu_link_color":"","ocean_menu_link_color_hover":"","ocean_menu_link_color_active":"","ocean_menu_link_background":"","ocean_menu_link_hover_background":"","ocean_menu_link_active_background":"","ocean_menu_social_links_bg":"","ocean_menu_social_hover_links_bg":"","ocean_menu_social_links_color":"","ocean_menu_social_hover_links_color":"","ocean_disable_title":"default","ocean_disable_heading":"default","ocean_post_title":"","ocean_post_subheading":"","ocean_post_title_style":"","ocean_post_title_background_color":"","ocean_post_title_background":0,"ocean_post_title_bg_image_position":"","ocean_post_title_bg_image_attachment":"","ocean_post_title_bg_image_repeat":"","ocean_post_title_bg_image_size":"","ocean_post_title_height":0,"ocean_post_title_bg_overlay":0.5,"ocean_post_title_bg_overlay_color":"","ocean_disable_breadcrumbs":"default","ocean_breadcrumbs_color":"","ocean_breadcrumbs_separator_color":"","ocean_breadcrumbs_links_color":"","ocean_breadcrumbs_links_hover_color":"","ocean_display_footer_widgets":"default","ocean_display_footer_bottom":"default","ocean_custom_footer_template":"0"},"product_brand":[],"product_cat":[166,167],"product_tag":[70],"class_list":{"0":"post-2695","1":"product","2":"type-product","3":"status-publish","4":"has-post-thumbnail","6":"product_cat-gyumolcsok-zoldsegek","7":"product_cat-konzervek-gyumolcsok-es-zoldsegek","8":"product_tag-del-sol","10":"entry","11":"has-media","13":"first","14":"outofstock","15":"taxable","16":"shipping-taxable","17":"purchasable","18":"product-type-simple","19":"col","20":"span_1_of_2","21":"owp-content-center","22":"owp-thumbs-layout-horizontal","23":"owp-btn-normal","24":"owp-tabs-layout-horizontal","25":"has-no-thumbnails"},"_links":{"self":[{"href":"https:\/\/hot-shop.hu\/en\/wp-json\/wp\/v2\/product\/2695","targetHints":{"allow":["GET"]}}],"collection":[{"href":"https:\/\/hot-shop.hu\/en\/wp-json\/wp\/v2\/product"}],"about":[{"href":"https:\/\/hot-shop.hu\/en\/wp-json\/wp\/v2\/types\/product"}],"replies":[{"embeddable":true,"href":"https:\/\/hot-shop.hu\/en\/wp-json\/wp\/v2\/comments?post=2695"}],"wp:featuredmedia":[{"embeddable":true,"href":"https:\/\/hot-shop.hu\/en\/wp-json\/wp\/v2\/media\/834"}],"wp:attachment":[{"href":"https:\/\/hot-shop.hu\/en\/wp-json\/wp\/v2\/media?parent=2695"}],"wp:term":[{"taxonomy":"product_brand","embeddable":true,"href":"https:\/\/hot-shop.hu\/en\/wp-json\/wp\/v2\/product_brand?post=2695"},{"taxonomy":"product_cat","embeddable":true,"href":"https:\/\/hot-shop.hu\/en\/wp-json\/wp\/v2\/product_cat?post=2695"},{"taxonomy":"product_tag","embeddable":true,"href":"https:\/\/hot-shop.hu\/en\/wp-json\/wp\/v2\/product_tag?post=2695"}],"curies":[{"name":"wp","href":"https:\/\/api.w.org\/{rel}","templated":true}]}}