{"id":2682,"date":"2020-10-02T11:26:42","date_gmt":"2020-10-02T09:26:42","guid":{"rendered":"https:\/\/hot-shop.hu\/termek\/chipotle-chili-szaritott-1kg\/"},"modified":"2025-08-20T12:32:31","modified_gmt":"2025-08-20T10:32:31","slug":"chipotle-chili-szaritott-1kg","status":"publish","type":"product","link":"https:\/\/hot-shop.hu\/en\/termek\/chipotle-chili-szaritott-1kg\/","title":{"rendered":"Chipotle Morita Chili sz\u00e1r\u00edtott 1kg"},"content":{"rendered":"<p>A chipotle paprika l\u00e9nyeg\u00e9ben f\u00fcst\u00f6lt, sz\u00e1r\u00edtott jalapeno paprika. A legt\u00f6bb jalapeno paprik\u00e1t z\u00f6ld sz\u00ednben \u00e1rulj\u00e1k. A jalapeno paprik\u00e1k azonban a teljes \u00e9r\u00e9s sor\u00e1n a t\u0151k\u00e9n pirosra sz\u00ednez\u0151dnek, \u00e9s v\u00e9g\u00fcl elkezdenek kisz\u00e1radni. Ezeket a piros jalapeno paprik\u00e1kat leszedik, \u00e9s t\u00f6bb napon \u00e1t \u00e1ztatott fa felett f\u00fcst\u00f6lik vagy grills\u00fct\u0151ben t\u00f6bb napon \u00e1t, am\u00edg teljesen kisz\u00e1radnak, \u00edgy lesz bel\u0151l\u00fck chipotle paprika.<\/p>\n<p>A chipotle-paprik\u00e1nak val\u00f3j\u00e1ban k\u00e9t fajt\u00e1ja l\u00e9tezik, att\u00f3l f\u00fcgg\u0151en, hogy mennyi ideig sz\u00e1r\u00edtj\u00e1k. A Morita paprika piros, \u00e9rett jalapeno paprika, amelyet fele annyi ideig f\u00fcst\u00f6lnek \u00e9s sz\u00e1r\u00edtanak, mint a s\u00f6t\u00e9tebb chipotle paprik\u00e1kat, ami m\u00e9lyv\u00f6r\u00f6s sz\u00ednt, l\u00e1gyabb \u00edzt \u00e9s gy\u00fcm\u00f6lcs\u00f6sebb text\u00far\u00e1t eredm\u00e9nyez.<\/p>\n<p>Scoville-sk\u00e1la: 2500 &#8211; 8000 SHU<\/p>\n","protected":false},"excerpt":{"rendered":"<p>Sz\u00e1r\u00edtott chipotle paprika. A sz\u00e1r\u00edtott Jalapeno chili paprika f\u00fcst\u00f6lt v\u00e1ltozata.<\/p>\n","protected":false},"featured_media":2597,"comment_status":"open","ping_status":"closed","template":"","meta":{"ocean_post_layout":"","ocean_both_sidebars_style":"","ocean_both_sidebars_content_width":0,"ocean_both_sidebars_sidebars_width":0,"ocean_sidebar":"0","ocean_second_sidebar":"0","ocean_disable_margins":"enable","ocean_add_body_class":"","ocean_shortcode_before_top_bar":"","ocean_shortcode_after_top_bar":"","ocean_shortcode_before_header":"","ocean_shortcode_after_header":"","ocean_has_shortcode":"","ocean_shortcode_after_title":"","ocean_shortcode_before_footer_widgets":"","ocean_shortcode_after_footer_widgets":"","ocean_shortcode_before_footer_bottom":"","ocean_shortcode_after_footer_bottom":"","ocean_display_top_bar":"default","ocean_display_header":"default","ocean_header_style":"","ocean_center_header_left_menu":"0","ocean_custom_header_template":"0","ocean_custom_logo":0,"ocean_custom_retina_logo":0,"ocean_custom_logo_max_width":0,"ocean_custom_logo_tablet_max_width":0,"ocean_custom_logo_mobile_max_width":0,"ocean_custom_logo_max_height":0,"ocean_custom_logo_tablet_max_height":0,"ocean_custom_logo_mobile_max_height":0,"ocean_header_custom_menu":"0","ocean_menu_typo_font_family":"0","ocean_menu_typo_font_subset":"","ocean_menu_typo_font_size":0,"ocean_menu_typo_font_size_tablet":0,"ocean_menu_typo_font_size_mobile":0,"ocean_menu_typo_font_size_unit":"px","ocean_menu_typo_font_weight":"","ocean_menu_typo_font_weight_tablet":"","ocean_menu_typo_font_weight_mobile":"","ocean_menu_typo_transform":"","ocean_menu_typo_transform_tablet":"","ocean_menu_typo_transform_mobile":"","ocean_menu_typo_line_height":0,"ocean_menu_typo_line_height_tablet":0,"ocean_menu_typo_line_height_mobile":0,"ocean_menu_typo_line_height_unit":"","ocean_menu_typo_spacing":0,"ocean_menu_typo_spacing_tablet":0,"ocean_menu_typo_spacing_mobile":0,"ocean_menu_typo_spacing_unit":"","ocean_menu_link_color":"","ocean_menu_link_color_hover":"","ocean_menu_link_color_active":"","ocean_menu_link_background":"","ocean_menu_link_hover_background":"","ocean_menu_link_active_background":"","ocean_menu_social_links_bg":"","ocean_menu_social_hover_links_bg":"","ocean_menu_social_links_color":"","ocean_menu_social_hover_links_color":"","ocean_disable_title":"default","ocean_disable_heading":"default","ocean_post_title":"","ocean_post_subheading":"","ocean_post_title_style":"","ocean_post_title_background_color":"","ocean_post_title_background":0,"ocean_post_title_bg_image_position":"","ocean_post_title_bg_image_attachment":"","ocean_post_title_bg_image_repeat":"","ocean_post_title_bg_image_size":"","ocean_post_title_height":0,"ocean_post_title_bg_overlay":0.5,"ocean_post_title_bg_overlay_color":"","ocean_disable_breadcrumbs":"default","ocean_breadcrumbs_color":"","ocean_breadcrumbs_separator_color":"","ocean_breadcrumbs_links_color":"","ocean_breadcrumbs_links_hover_color":"","ocean_display_footer_widgets":"default","ocean_display_footer_bottom":"default","ocean_custom_footer_template":"0"},"product_brand":[],"product_cat":[160],"product_tag":[54],"class_list":{"0":"post-2682","1":"product","2":"type-product","3":"status-publish","4":"has-post-thumbnail","6":"product_cat-szaritott","7":"product_tag-nuevo-progreso","9":"entry","10":"has-media","12":"first","13":"instock","14":"taxable","15":"shipping-taxable","16":"purchasable","17":"product-type-simple","18":"col","19":"span_1_of_2","20":"owp-content-center","21":"owp-thumbs-layout-horizontal","22":"owp-btn-normal","23":"owp-tabs-layout-horizontal","24":"has-no-thumbnails"},"_links":{"self":[{"href":"https:\/\/hot-shop.hu\/en\/wp-json\/wp\/v2\/product\/2682","targetHints":{"allow":["GET"]}}],"collection":[{"href":"https:\/\/hot-shop.hu\/en\/wp-json\/wp\/v2\/product"}],"about":[{"href":"https:\/\/hot-shop.hu\/en\/wp-json\/wp\/v2\/types\/product"}],"replies":[{"embeddable":true,"href":"https:\/\/hot-shop.hu\/en\/wp-json\/wp\/v2\/comments?post=2682"}],"wp:featuredmedia":[{"embeddable":true,"href":"https:\/\/hot-shop.hu\/en\/wp-json\/wp\/v2\/media\/2597"}],"wp:attachment":[{"href":"https:\/\/hot-shop.hu\/en\/wp-json\/wp\/v2\/media?parent=2682"}],"wp:term":[{"taxonomy":"product_brand","embeddable":true,"href":"https:\/\/hot-shop.hu\/en\/wp-json\/wp\/v2\/product_brand?post=2682"},{"taxonomy":"product_cat","embeddable":true,"href":"https:\/\/hot-shop.hu\/en\/wp-json\/wp\/v2\/product_cat?post=2682"},{"taxonomy":"product_tag","embeddable":true,"href":"https:\/\/hot-shop.hu\/en\/wp-json\/wp\/v2\/product_tag?post=2682"}],"curies":[{"name":"wp","href":"https:\/\/api.w.org\/{rel}","templated":true}]}}