{"id":26798,"date":"2025-10-20T12:01:57","date_gmt":"2025-10-20T10:01:57","guid":{"rendered":"https:\/\/hot-shop.hu\/?post_type=product&#038;p=26798"},"modified":"2026-02-23T16:06:19","modified_gmt":"2026-02-23T14:06:19","slug":"jarritos-lime-370ml-karton-24db","status":"publish","type":"product","link":"https:\/\/hot-shop.hu\/en\/termek\/jarritos-lime-370ml-karton-24db\/","title":{"rendered":"Jarritos Lime 370ml &#8211; karton (24db\/#)"},"content":{"rendered":"<p>Mindenki szereti a limon\u00e1d\u00e9t. A Jarritos megtal\u00e1lta a m\u00f3dj\u00e1t, hogy a citrusf\u00e9l\u00e9k \u00e9s az \u00e9des \u00edzvil\u00e1g ellen\u00e1llhatatlan kever\u00e9k\u00e9t egy friss\u00edt\u0151 palackba csomagolja.<\/p>\n<p>Kokt\u00e9l receptjeinket itt megtal\u00e1lod: https:\/\/hot-shop.hu\/jarritos-koktelok\/<\/p>\n","protected":false},"excerpt":{"rendered":"<p><strong>KARTON \u00c1R! A felt\u00fcntetett \u00e1r 24db term\u00e9ket tartalmaz.<\/strong><\/p>\n<p>Lime \u00edz\u0171, term\u00e9szetes sz\u00e9nsavas ital, eleg\u00e1ns \u00fcveges kiszerel\u00e9sben.\u00a0Mexik\u00f3 d\u00e9li r\u00e9sz\u00e9n tal\u00e1lhat\u00f3 \u00fcltetv\u00e9nyeken termesztett gy\u00fcm\u00f6lcs\u00f6kb\u0151l k\u00e9sz\u00fcl; 100%-ban term\u00e9szetes cukrot, term\u00e9szetes sz\u00ednez\u00e9ket tartalmaz. H\u0171tve fogyasztand\u00f3, kit\u0171n\u0151 kokt\u00e9lok elk\u00e9sz\u00edt\u00e9s\u00e9hez is.<\/p>\n<p>Az \u00fcd\u00edt\u0151ket t\u00f6r\u00e9kenys\u00e9g\u00fck \u00e9s sz\u00e9nsav-tartalmuk miatt, sajnos nem \u00e1ll m\u00f3dunkban post\u00e1zni.<\/p>\n","protected":false},"featured_media":28689,"comment_status":"open","ping_status":"closed","template":"","meta":{"ocean_post_layout":"","ocean_both_sidebars_style":"","ocean_both_sidebars_content_width":0,"ocean_both_sidebars_sidebars_width":0,"ocean_sidebar":"0","ocean_second_sidebar":"0","ocean_disable_margins":"enable","ocean_add_body_class":"","ocean_shortcode_before_top_bar":"","ocean_shortcode_after_top_bar":"","ocean_shortcode_before_header":"","ocean_shortcode_after_header":"","ocean_has_shortcode":"","ocean_shortcode_after_title":"","ocean_shortcode_before_footer_widgets":"","ocean_shortcode_after_footer_widgets":"","ocean_shortcode_before_footer_bottom":"","ocean_shortcode_after_footer_bottom":"","ocean_display_top_bar":"default","ocean_display_header":"default","ocean_header_style":"","ocean_center_header_left_menu":"0","ocean_custom_header_template":"0","ocean_custom_logo":0,"ocean_custom_retina_logo":0,"ocean_custom_logo_max_width":0,"ocean_custom_logo_tablet_max_width":0,"ocean_custom_logo_mobile_max_width":0,"ocean_custom_logo_max_height":0,"ocean_custom_logo_tablet_max_height":0,"ocean_custom_logo_mobile_max_height":0,"ocean_header_custom_menu":"0","ocean_menu_typo_font_family":"0","ocean_menu_typo_font_subset":"","ocean_menu_typo_font_size":0,"ocean_menu_typo_font_size_tablet":0,"ocean_menu_typo_font_size_mobile":0,"ocean_menu_typo_font_size_unit":"px","ocean_menu_typo_font_weight":"","ocean_menu_typo_font_weight_tablet":"","ocean_menu_typo_font_weight_mobile":"","ocean_menu_typo_transform":"","ocean_menu_typo_transform_tablet":"","ocean_menu_typo_transform_mobile":"","ocean_menu_typo_line_height":0,"ocean_menu_typo_line_height_tablet":0,"ocean_menu_typo_line_height_mobile":0,"ocean_menu_typo_line_height_unit":"","ocean_menu_typo_spacing":0,"ocean_menu_typo_spacing_tablet":0,"ocean_menu_typo_spacing_mobile":0,"ocean_menu_typo_spacing_unit":"","ocean_menu_link_color":"","ocean_menu_link_color_hover":"","ocean_menu_link_color_active":"","ocean_menu_link_background":"","ocean_menu_link_hover_background":"","ocean_menu_link_active_background":"","ocean_menu_social_links_bg":"","ocean_menu_social_hover_links_bg":"","ocean_menu_social_links_color":"","ocean_menu_social_hover_links_color":"","ocean_disable_title":"default","ocean_disable_heading":"default","ocean_post_title":"","ocean_post_subheading":"","ocean_post_title_style":"","ocean_post_title_background_color":"","ocean_post_title_background":0,"ocean_post_title_bg_image_position":"","ocean_post_title_bg_image_attachment":"","ocean_post_title_bg_image_repeat":"","ocean_post_title_bg_image_size":"","ocean_post_title_height":0,"ocean_post_title_bg_overlay":0.5,"ocean_post_title_bg_overlay_color":"","ocean_disable_breadcrumbs":"default","ocean_breadcrumbs_color":"","ocean_breadcrumbs_separator_color":"","ocean_breadcrumbs_links_color":"","ocean_breadcrumbs_links_hover_color":"","ocean_display_footer_widgets":"default","ocean_display_footer_bottom":"default","ocean_custom_footer_template":"0"},"product_brand":[],"product_cat":[224,230],"product_tag":[66],"class_list":{"0":"post-26798","1":"product","2":"type-product","3":"status-publish","4":"has-post-thumbnail","6":"product_cat-italok","7":"product_cat-uditok","8":"product_tag-jarritos","10":"entry","11":"has-media","13":"first","14":"instock","15":"taxable","16":"shipping-taxable","17":"purchasable","18":"product-type-simple","19":"col","20":"span_1_of_2","21":"owp-content-center","22":"owp-thumbs-layout-horizontal","23":"owp-btn-normal","24":"owp-tabs-layout-horizontal","25":"has-no-thumbnails"},"_links":{"self":[{"href":"https:\/\/hot-shop.hu\/en\/wp-json\/wp\/v2\/product\/26798","targetHints":{"allow":["GET"]}}],"collection":[{"href":"https:\/\/hot-shop.hu\/en\/wp-json\/wp\/v2\/product"}],"about":[{"href":"https:\/\/hot-shop.hu\/en\/wp-json\/wp\/v2\/types\/product"}],"replies":[{"embeddable":true,"href":"https:\/\/hot-shop.hu\/en\/wp-json\/wp\/v2\/comments?post=26798"}],"wp:featuredmedia":[{"embeddable":true,"href":"https:\/\/hot-shop.hu\/en\/wp-json\/wp\/v2\/media\/28689"}],"wp:attachment":[{"href":"https:\/\/hot-shop.hu\/en\/wp-json\/wp\/v2\/media?parent=26798"}],"wp:term":[{"taxonomy":"product_brand","embeddable":true,"href":"https:\/\/hot-shop.hu\/en\/wp-json\/wp\/v2\/product_brand?post=26798"},{"taxonomy":"product_cat","embeddable":true,"href":"https:\/\/hot-shop.hu\/en\/wp-json\/wp\/v2\/product_cat?post=26798"},{"taxonomy":"product_tag","embeddable":true,"href":"https:\/\/hot-shop.hu\/en\/wp-json\/wp\/v2\/product_tag?post=26798"}],"curies":[{"name":"wp","href":"https:\/\/api.w.org\/{rel}","templated":true}]}}