{"id":2678,"date":"2020-10-02T11:26:42","date_gmt":"2020-10-02T09:26:42","guid":{"rendered":"https:\/\/hot-shop.hu\/termek\/guajillo-chili-szaritott-100g\/"},"modified":"2025-09-29T12:40:29","modified_gmt":"2025-09-29T10:40:29","slug":"guajillo-chili-szaritott-100g","status":"publish","type":"product","link":"https:\/\/hot-shop.hu\/en\/termek\/guajillo-chili-szaritott-100g\/","title":{"rendered":"Guajillo Chili Sz\u00e1r\u00edtott 100g"},"content":{"rendered":"<p>Enyh\u00e9n cs\u00edp\u0151s, f\u00fcst\u00f6sen \u00e9desk\u00e9s arom\u00e1j\u00fa chili paprika. A Mirasol chili Mexik\u00f3 \u00e9szaki \u00e9s k\u00f6z\u00e9ps\u0151 r\u00e9sz\u00e9n \u0151shonos, \u00e9s jelenleg f\u0151k\u00e9nt Zacatecas, Durango, San Luis Potosi \u00e9s Aguascalientes mexik\u00f3i \u00e1llamokban termesztik.<\/p>\n<p>Scoville-sk\u00e1la: 2500 &#8211; 5000 SHU<\/p>\n<p>A Guajillo chilit \u00e1ltal\u00e1ban Ancho \u00e9s Pasilla chilivel kombin\u00e1lj\u00e1k, hogy mexik\u00f3i sz\u00f3szt k\u00e9sz\u00edtsenek bel\u0151le. Gyakran haszn\u00e1lj\u00e1k paszt\u00e1kban vagy mindenf\u00e9le h\u00fas f\u0171szerez\u00e9s\u00e9re, p\u00e1col\u00e1s\u00e1ra. A mexik\u00f3i mole mellett ezt a chilit enchilada-hoz, salsa-hoz, sz\u00f3szokhoz, levesekhez, p\u00f6rk\u00f6ltekhez \u00e9s tamale-hoz haszn\u00e1lj\u00e1k. A guajillo chilib\u0151l k\u00e9sz\u00fcl a Harissa, az \u00e9szak-afrikai konyh\u00e1ban haszn\u00e1lt cs\u00edp\u0151s chilikever\u00e9k is. A perui konyh\u00e1ban is elterjedt.<\/p>\n","protected":false},"excerpt":{"rendered":"<p>A Guajillo, a Mirasol chili paprika sz\u00e1r\u00edtott v\u00e1ltozata. Enyh\u00e9n cs\u00edp\u0151s chili, amelyet s\u00f6t\u00e9tv\u00f6r\u00f6s sz\u00edne \u00e9s finom \u00e9des \u00edze jellemez, gy\u00fcm\u00f6lcs\u00f6s \u00e9s f\u00fcst\u00f6s karakterrel.<\/p>\n<p>Nev\u00e9t arr\u00f3l a jellegzetes hangr\u00f3l kapta, amelyet sz\u00e1r\u00edtott \u00e1llapotban, r\u00e1zogat\u00e1skor ad. Aj\u00e1nlott a mexik\u00f3i Tamale, salsa sz\u00f3szok, h\u00fasos \u00e9telek, p\u00f6rk\u00f6ltek k\u00e9sz\u00edt\u00e9s\u00e9hez.<\/p>\n","protected":false},"featured_media":2579,"comment_status":"open","ping_status":"closed","template":"","meta":{"ocean_post_layout":"","ocean_both_sidebars_style":"","ocean_both_sidebars_content_width":0,"ocean_both_sidebars_sidebars_width":0,"ocean_sidebar":"0","ocean_second_sidebar":"0","ocean_disable_margins":"enable","ocean_add_body_class":"","ocean_shortcode_before_top_bar":"","ocean_shortcode_after_top_bar":"","ocean_shortcode_before_header":"","ocean_shortcode_after_header":"","ocean_has_shortcode":"","ocean_shortcode_after_title":"","ocean_shortcode_before_footer_widgets":"","ocean_shortcode_after_footer_widgets":"","ocean_shortcode_before_footer_bottom":"","ocean_shortcode_after_footer_bottom":"","ocean_display_top_bar":"default","ocean_display_header":"default","ocean_header_style":"","ocean_center_header_left_menu":"0","ocean_custom_header_template":"0","ocean_custom_logo":0,"ocean_custom_retina_logo":0,"ocean_custom_logo_max_width":0,"ocean_custom_logo_tablet_max_width":0,"ocean_custom_logo_mobile_max_width":0,"ocean_custom_logo_max_height":0,"ocean_custom_logo_tablet_max_height":0,"ocean_custom_logo_mobile_max_height":0,"ocean_header_custom_menu":"0","ocean_menu_typo_font_family":"0","ocean_menu_typo_font_subset":"","ocean_menu_typo_font_size":0,"ocean_menu_typo_font_size_tablet":0,"ocean_menu_typo_font_size_mobile":0,"ocean_menu_typo_font_size_unit":"px","ocean_menu_typo_font_weight":"","ocean_menu_typo_font_weight_tablet":"","ocean_menu_typo_font_weight_mobile":"","ocean_menu_typo_transform":"","ocean_menu_typo_transform_tablet":"","ocean_menu_typo_transform_mobile":"","ocean_menu_typo_line_height":0,"ocean_menu_typo_line_height_tablet":0,"ocean_menu_typo_line_height_mobile":0,"ocean_menu_typo_line_height_unit":"","ocean_menu_typo_spacing":0,"ocean_menu_typo_spacing_tablet":0,"ocean_menu_typo_spacing_mobile":0,"ocean_menu_typo_spacing_unit":"","ocean_menu_link_color":"","ocean_menu_link_color_hover":"","ocean_menu_link_color_active":"","ocean_menu_link_background":"","ocean_menu_link_hover_background":"","ocean_menu_link_active_background":"","ocean_menu_social_links_bg":"","ocean_menu_social_hover_links_bg":"","ocean_menu_social_links_color":"","ocean_menu_social_hover_links_color":"","ocean_disable_title":"default","ocean_disable_heading":"default","ocean_post_title":"","ocean_post_subheading":"","ocean_post_title_style":"","ocean_post_title_background_color":"","ocean_post_title_background":0,"ocean_post_title_bg_image_position":"","ocean_post_title_bg_image_attachment":"","ocean_post_title_bg_image_repeat":"","ocean_post_title_bg_image_size":"","ocean_post_title_height":0,"ocean_post_title_bg_overlay":0.5,"ocean_post_title_bg_overlay_color":"","ocean_disable_breadcrumbs":"default","ocean_breadcrumbs_color":"","ocean_breadcrumbs_separator_color":"","ocean_breadcrumbs_links_color":"","ocean_breadcrumbs_links_hover_color":"","ocean_display_footer_widgets":"default","ocean_display_footer_bottom":"default","ocean_custom_footer_template":"0"},"product_brand":[],"product_cat":[160],"product_tag":[54],"class_list":{"0":"post-2678","1":"product","2":"type-product","3":"status-publish","4":"has-post-thumbnail","6":"product_cat-szaritott","7":"product_tag-nuevo-progreso","9":"entry","10":"has-media","12":"first","13":"instock","14":"taxable","15":"shipping-taxable","16":"purchasable","17":"product-type-simple","18":"col","19":"span_1_of_2","20":"owp-content-center","21":"owp-thumbs-layout-horizontal","22":"owp-btn-normal","23":"owp-tabs-layout-horizontal","24":"has-no-thumbnails"},"_links":{"self":[{"href":"https:\/\/hot-shop.hu\/en\/wp-json\/wp\/v2\/product\/2678","targetHints":{"allow":["GET"]}}],"collection":[{"href":"https:\/\/hot-shop.hu\/en\/wp-json\/wp\/v2\/product"}],"about":[{"href":"https:\/\/hot-shop.hu\/en\/wp-json\/wp\/v2\/types\/product"}],"replies":[{"embeddable":true,"href":"https:\/\/hot-shop.hu\/en\/wp-json\/wp\/v2\/comments?post=2678"}],"wp:featuredmedia":[{"embeddable":true,"href":"https:\/\/hot-shop.hu\/en\/wp-json\/wp\/v2\/media\/2579"}],"wp:attachment":[{"href":"https:\/\/hot-shop.hu\/en\/wp-json\/wp\/v2\/media?parent=2678"}],"wp:term":[{"taxonomy":"product_brand","embeddable":true,"href":"https:\/\/hot-shop.hu\/en\/wp-json\/wp\/v2\/product_brand?post=2678"},{"taxonomy":"product_cat","embeddable":true,"href":"https:\/\/hot-shop.hu\/en\/wp-json\/wp\/v2\/product_cat?post=2678"},{"taxonomy":"product_tag","embeddable":true,"href":"https:\/\/hot-shop.hu\/en\/wp-json\/wp\/v2\/product_tag?post=2678"}],"curies":[{"name":"wp","href":"https:\/\/api.w.org\/{rel}","templated":true}]}}