{"id":26616,"date":"2025-10-08T16:17:23","date_gmt":"2025-10-08T14:17:23","guid":{"rendered":"https:\/\/hot-shop.hu\/?post_type=product&#038;p=26616"},"modified":"2026-02-23T17:12:12","modified_gmt":"2026-02-23T15:12:12","slug":"jarritos-mineragua-sparkling-water-370ml-karton-24db","status":"publish","type":"product","link":"https:\/\/hot-shop.hu\/en\/termek\/jarritos-mineragua-sparkling-water-370ml-karton-24db\/","title":{"rendered":"Jarritos Mineragua sparkling water 370ml &#8211; karton (24db\/#)"},"content":{"rendered":"<p><strong><b>\u00d6sszetev\u0151k:<\/b><\/strong> sz\u00e9nsavas v\u00edz, sz\u00f3dabikarb\u00f3na, s\u00f3, k\u00e1lium-klorid. T\u00e1rol\u00e1s: sz\u00e1raz, h\u0171v\u00f6s helyen. Kinyit\u00e1s el\u0151tt enyh\u00e9n d\u00f6ntse meg az \u00fcveget. H\u0171tve fogyasztand\u00f3!<\/p>\n<p>N\u00e9h\u00e1ny kokt\u00e9l recept: https:\/\/mineragua.com\/recipes\/<\/p>\n<table style=\"height: 296px;\" width=\"245\">\n<tbody>\n<tr>\n<td colspan=\"2\" width=\"87\"><strong><b>T\u00e1p\u00e9rt\u00e9k<\/b><\/strong><strong><b>\u00a0100<\/b><\/strong><strong><b>ml<\/b><\/strong><strong><b>-b<\/b><\/strong><strong><b>e<\/b><\/strong><strong><b>n<\/b><\/strong><\/td>\n<\/tr>\n<tr>\n<td width=\"47\">Energia:<\/td>\n<td width=\"39\">0kj\/0kcal<\/td>\n<\/tr>\n<tr>\n<td width=\"47\">Zs\u00edr:<\/td>\n<td width=\"39\">0g<\/td>\n<\/tr>\n<tr>\n<td width=\"47\">&#8211; amelyb\u0151l tel\u00edtett zs\u00edrsavak:<\/td>\n<td width=\"39\">0g<\/td>\n<\/tr>\n<tr>\n<td width=\"47\">Sz\u00e9nhidr\u00e1t:0<\/td>\n<td width=\"39\">0g<\/td>\n<\/tr>\n<tr>\n<td width=\"47\">&#8211; amelyb\u0151l cukrok:<\/td>\n<td width=\"39\">0g<\/td>\n<\/tr>\n<tr>\n<td width=\"47\">Feh\u00e9rje:<\/td>\n<td width=\"39\">0g<\/td>\n<\/tr>\n<tr>\n<td width=\"47\">S\u00f3:<\/td>\n<td width=\"39\">23,7mg<\/td>\n<\/tr>\n<\/tbody>\n<\/table>\n","protected":false},"excerpt":{"rendered":"<p>Eredeti mexik\u00f3i sz\u00e9nsavas v\u00edz, amely kit\u0171n\u0151 kokt\u00e9lokhoz. A felt\u00fcntetett \u00e1r, karton\u00e1r. 24db\/karton. K\u00fcl\u00f6nlegess\u00e9ge, hogy felbont\u00e1s ut\u00e1n is sok\u00e1ig sz\u00e9nsavas marad. Minden palack tiszta, kiv\u00e1l\u00f3 min\u0151s\u00e9g\u0171 v\u00edzzel van t\u00f6ltve, kellemesen sz\u00e9nsavas, \u00edgy friss\u00edt\u0151 \u00e9s szomjolt\u00f3 ital. Mineragua s\u00f3t, valamint sz\u00f3dabikarb\u00f3n\u00e1t is tartalmaz, amelyek hozz\u00e1j\u00e1rulnak egyedi \u00edz\u00e9hez. Mindemellett egy kal\u00f3riamentes ital, amely kellemes pezsg\u0151 \u00e9rz\u00e9st kelt.<\/p>\n","protected":false},"featured_media":28697,"comment_status":"open","ping_status":"closed","template":"","meta":{"ocean_post_layout":"","ocean_both_sidebars_style":"","ocean_both_sidebars_content_width":0,"ocean_both_sidebars_sidebars_width":0,"ocean_sidebar":"0","ocean_second_sidebar":"0","ocean_disable_margins":"enable","ocean_add_body_class":"","ocean_shortcode_before_top_bar":"","ocean_shortcode_after_top_bar":"","ocean_shortcode_before_header":"","ocean_shortcode_after_header":"","ocean_has_shortcode":"","ocean_shortcode_after_title":"","ocean_shortcode_before_footer_widgets":"","ocean_shortcode_after_footer_widgets":"","ocean_shortcode_before_footer_bottom":"","ocean_shortcode_after_footer_bottom":"","ocean_display_top_bar":"default","ocean_display_header":"default","ocean_header_style":"","ocean_center_header_left_menu":"0","ocean_custom_header_template":"0","ocean_custom_logo":0,"ocean_custom_retina_logo":0,"ocean_custom_logo_max_width":0,"ocean_custom_logo_tablet_max_width":0,"ocean_custom_logo_mobile_max_width":0,"ocean_custom_logo_max_height":0,"ocean_custom_logo_tablet_max_height":0,"ocean_custom_logo_mobile_max_height":0,"ocean_header_custom_menu":"0","ocean_menu_typo_font_family":"0","ocean_menu_typo_font_subset":"","ocean_menu_typo_font_size":0,"ocean_menu_typo_font_size_tablet":0,"ocean_menu_typo_font_size_mobile":0,"ocean_menu_typo_font_size_unit":"px","ocean_menu_typo_font_weight":"","ocean_menu_typo_font_weight_tablet":"","ocean_menu_typo_font_weight_mobile":"","ocean_menu_typo_transform":"","ocean_menu_typo_transform_tablet":"","ocean_menu_typo_transform_mobile":"","ocean_menu_typo_line_height":0,"ocean_menu_typo_line_height_tablet":0,"ocean_menu_typo_line_height_mobile":0,"ocean_menu_typo_line_height_unit":"","ocean_menu_typo_spacing":0,"ocean_menu_typo_spacing_tablet":0,"ocean_menu_typo_spacing_mobile":0,"ocean_menu_typo_spacing_unit":"","ocean_menu_link_color":"","ocean_menu_link_color_hover":"","ocean_menu_link_color_active":"","ocean_menu_link_background":"","ocean_menu_link_hover_background":"","ocean_menu_link_active_background":"","ocean_menu_social_links_bg":"","ocean_menu_social_hover_links_bg":"","ocean_menu_social_links_color":"","ocean_menu_social_hover_links_color":"","ocean_disable_title":"default","ocean_disable_heading":"default","ocean_post_title":"","ocean_post_subheading":"","ocean_post_title_style":"","ocean_post_title_background_color":"","ocean_post_title_background":0,"ocean_post_title_bg_image_position":"","ocean_post_title_bg_image_attachment":"","ocean_post_title_bg_image_repeat":"","ocean_post_title_bg_image_size":"","ocean_post_title_height":0,"ocean_post_title_bg_overlay":0.5,"ocean_post_title_bg_overlay_color":"","ocean_disable_breadcrumbs":"default","ocean_breadcrumbs_color":"","ocean_breadcrumbs_separator_color":"","ocean_breadcrumbs_links_color":"","ocean_breadcrumbs_links_hover_color":"","ocean_display_footer_widgets":"default","ocean_display_footer_bottom":"default","ocean_custom_footer_template":"0"},"product_brand":[],"product_cat":[224,238,255],"product_tag":[66],"class_list":{"0":"post-26616","1":"product","2":"type-product","3":"status-publish","4":"has-post-thumbnail","6":"product_cat-italok","7":"product_cat-uj-termekek","8":"product_cat-viz","9":"product_tag-jarritos","11":"entry","12":"has-media","14":"first","15":"instock","16":"taxable","17":"shipping-taxable","18":"purchasable","19":"product-type-simple","20":"col","21":"span_1_of_2","22":"owp-content-center","23":"owp-thumbs-layout-horizontal","24":"owp-btn-normal","25":"owp-tabs-layout-horizontal","26":"has-no-thumbnails"},"_links":{"self":[{"href":"https:\/\/hot-shop.hu\/en\/wp-json\/wp\/v2\/product\/26616","targetHints":{"allow":["GET"]}}],"collection":[{"href":"https:\/\/hot-shop.hu\/en\/wp-json\/wp\/v2\/product"}],"about":[{"href":"https:\/\/hot-shop.hu\/en\/wp-json\/wp\/v2\/types\/product"}],"replies":[{"embeddable":true,"href":"https:\/\/hot-shop.hu\/en\/wp-json\/wp\/v2\/comments?post=26616"}],"wp:featuredmedia":[{"embeddable":true,"href":"https:\/\/hot-shop.hu\/en\/wp-json\/wp\/v2\/media\/28697"}],"wp:attachment":[{"href":"https:\/\/hot-shop.hu\/en\/wp-json\/wp\/v2\/media?parent=26616"}],"wp:term":[{"taxonomy":"product_brand","embeddable":true,"href":"https:\/\/hot-shop.hu\/en\/wp-json\/wp\/v2\/product_brand?post=26616"},{"taxonomy":"product_cat","embeddable":true,"href":"https:\/\/hot-shop.hu\/en\/wp-json\/wp\/v2\/product_cat?post=26616"},{"taxonomy":"product_tag","embeddable":true,"href":"https:\/\/hot-shop.hu\/en\/wp-json\/wp\/v2\/product_tag?post=26616"}],"curies":[{"name":"wp","href":"https:\/\/api.w.org\/{rel}","templated":true}]}}