{"id":2655,"date":"2020-10-02T11:26:37","date_gmt":"2020-10-02T09:26:37","guid":{"rendered":"https:\/\/hot-shop.hu\/termek\/import-placeholder-for-1145\/"},"modified":"2025-04-02T16:53:43","modified_gmt":"2025-04-02T14:53:43","slug":"ancho-chili-szaritott-1kg","status":"publish","type":"product","link":"https:\/\/hot-shop.hu\/en\/termek\/ancho-chili-szaritott-1kg\/","title":{"rendered":"Ancho Chili Sz\u00e1r\u00edtott 1kg"},"content":{"rendered":"<p>A Chili Ancho a mexik\u00f3i konyh\u00e1ban egyik leggyakrabban haszn\u00e1lt sz\u00e1r\u00edtott chilipaprika. A Pasilla \u00e9s a Guajillo chilipaprik\u00e1val egy\u00fctt\u00a0 Mexik\u00f3ban a h\u00edres &#8220;szenth\u00e1roms\u00e1g\u00e1hoz&#8221; tartozik. Ez a sz\u00e1r\u00edtott paprika sz\u00edv alak\u00fa, k\u00f6r\u00fclbel\u00fcl 3&#8243; sz\u00e9les \u00e9s 4&#8243; hossz\u00fa, \u00e9s hegyesre sz\u0171k\u00fcl. Sz\u00edn\u00fck a s\u00f6t\u00e9tv\u00f6r\u00f6ses-barn\u00e1t\u00f3l a feket\u00e9ig terjed, text\u00far\u00e1juk r\u00e1ncos. Az ide\u00e1lis Ancho paprik\u00e1knak hajl\u00e9konynak, t\u00f6r\u00e9smentesnek \u00e9s arom\u00e1snak kell lennie, \u00edz\u00e9nek kiss\u00e9 aszalt szilv\u00e1ra kell eml\u00e9keztetnie.<\/p>\n<p>Scoville sk\u00e1la: 1000 &#8211; 2500 SHU<\/p>\n<p>Az Ancho paprika az autentikus mexik\u00f3i konyha egyik alap chilije. Fontos \u00f6sszetev\u0151je a v\u00f6r\u00f6s chilis \u00e9teleknek, a tamalesnek, sz\u00e1mos mole-nak, enchilada-nak, sals\u00e1nak, leveseknek \u00e9s minden olyan sz\u00f3sznak, amelynek enyhe f\u0171szeress\u00e9gre van sz\u00fcks\u00e9ge. K\u00f6zvetlen\u00fcl hozz\u00e1adhatod \u0151ket a receptekhez &#8211; szeletelve, kock\u00e1ra v\u00e1gva vagy p\u00fcr\u00e9s\u00edtve. Az eg\u00e9sz sz\u00e1r\u00edtott h\u00fcvelyeket ledar\u00e1lhatod egy turmixg\u00e9pben (magokkal vagy an\u00e9lk\u00fcl, \u00edzl\u00e9st\u0151l \u00e9s f\u0171szeress\u00e9gt\u0151l f\u00fcgg\u0151en), vagy helyette haszn\u00e1lhatod a n\u00e9pszer\u0171 z\u00fazott Ancho Chili vagy 250g chili kr\u00e9me\u00fcnket. Ha autentikus mexik\u00f3i \u00edzt szeretn\u00e9l adni az \u00e9telnek, haszn\u00e1lj eg\u00e9sz Ancho chilit az optim\u00e1lis \u00edz \u00e9rdek\u00e9ben.<\/p>\n","protected":false},"excerpt":{"rendered":"<p>Enyh\u00e9n cs\u00edp\u0151s, \u00e9desk\u00e9s chili paprika. A friss Poblano paprika sz\u00e1r\u00edtott v\u00e1ltozata, amelyet egyszer\u0171en csak Ancho-nak h\u00edvnak. \u00cdze kellemesen eml\u00e9keztet az aszalt gy\u00fcm\u00f6lcs\u00f6kre (mazsola, szilva). Aj\u00e1nlott chili con carne k\u00e9sz\u00edt\u00e9s\u00e9hez. Gyakran haszn\u00e1lj\u00e1k mole-hoz \u00e9s \u00e9des desszertekben.<\/p>\n<p>&nbsp;<\/p>\n","protected":false},"featured_media":757,"comment_status":"open","ping_status":"closed","template":"","meta":{"ocean_post_layout":"","ocean_both_sidebars_style":"","ocean_both_sidebars_content_width":0,"ocean_both_sidebars_sidebars_width":0,"ocean_sidebar":"0","ocean_second_sidebar":"0","ocean_disable_margins":"enable","ocean_add_body_class":"","ocean_shortcode_before_top_bar":"","ocean_shortcode_after_top_bar":"","ocean_shortcode_before_header":"","ocean_shortcode_after_header":"","ocean_has_shortcode":"","ocean_shortcode_after_title":"","ocean_shortcode_before_footer_widgets":"","ocean_shortcode_after_footer_widgets":"","ocean_shortcode_before_footer_bottom":"","ocean_shortcode_after_footer_bottom":"","ocean_display_top_bar":"default","ocean_display_header":"default","ocean_header_style":"","ocean_center_header_left_menu":"0","ocean_custom_header_template":"0","ocean_custom_logo":0,"ocean_custom_retina_logo":0,"ocean_custom_logo_max_width":0,"ocean_custom_logo_tablet_max_width":0,"ocean_custom_logo_mobile_max_width":0,"ocean_custom_logo_max_height":0,"ocean_custom_logo_tablet_max_height":0,"ocean_custom_logo_mobile_max_height":0,"ocean_header_custom_menu":"0","ocean_menu_typo_font_family":"0","ocean_menu_typo_font_subset":"","ocean_menu_typo_font_size":0,"ocean_menu_typo_font_size_tablet":0,"ocean_menu_typo_font_size_mobile":0,"ocean_menu_typo_font_size_unit":"px","ocean_menu_typo_font_weight":"","ocean_menu_typo_font_weight_tablet":"","ocean_menu_typo_font_weight_mobile":"","ocean_menu_typo_transform":"","ocean_menu_typo_transform_tablet":"","ocean_menu_typo_transform_mobile":"","ocean_menu_typo_line_height":0,"ocean_menu_typo_line_height_tablet":0,"ocean_menu_typo_line_height_mobile":0,"ocean_menu_typo_line_height_unit":"","ocean_menu_typo_spacing":0,"ocean_menu_typo_spacing_tablet":0,"ocean_menu_typo_spacing_mobile":0,"ocean_menu_typo_spacing_unit":"","ocean_menu_link_color":"","ocean_menu_link_color_hover":"","ocean_menu_link_color_active":"","ocean_menu_link_background":"","ocean_menu_link_hover_background":"","ocean_menu_link_active_background":"","ocean_menu_social_links_bg":"","ocean_menu_social_hover_links_bg":"","ocean_menu_social_links_color":"","ocean_menu_social_hover_links_color":"","ocean_disable_title":"default","ocean_disable_heading":"default","ocean_post_title":"","ocean_post_subheading":"","ocean_post_title_style":"","ocean_post_title_background_color":"","ocean_post_title_background":0,"ocean_post_title_bg_image_position":"","ocean_post_title_bg_image_attachment":"","ocean_post_title_bg_image_repeat":"","ocean_post_title_bg_image_size":"","ocean_post_title_height":0,"ocean_post_title_bg_overlay":0.5,"ocean_post_title_bg_overlay_color":"","ocean_disable_breadcrumbs":"default","ocean_breadcrumbs_color":"","ocean_breadcrumbs_separator_color":"","ocean_breadcrumbs_links_color":"","ocean_breadcrumbs_links_hover_color":"","ocean_display_footer_widgets":"default","ocean_display_footer_bottom":"default","ocean_custom_footer_template":"0"},"product_brand":[],"product_cat":[160],"product_tag":[54],"class_list":{"0":"post-2655","1":"product","2":"type-product","3":"status-publish","4":"has-post-thumbnail","6":"product_cat-szaritott","7":"product_tag-nuevo-progreso","9":"entry","10":"has-media","12":"first","13":"instock","14":"taxable","15":"shipping-taxable","16":"purchasable","17":"product-type-simple","18":"col","19":"span_1_of_2","20":"owp-content-center","21":"owp-thumbs-layout-horizontal","22":"owp-btn-normal","23":"owp-tabs-layout-horizontal","24":"has-no-thumbnails"},"_links":{"self":[{"href":"https:\/\/hot-shop.hu\/en\/wp-json\/wp\/v2\/product\/2655","targetHints":{"allow":["GET"]}}],"collection":[{"href":"https:\/\/hot-shop.hu\/en\/wp-json\/wp\/v2\/product"}],"about":[{"href":"https:\/\/hot-shop.hu\/en\/wp-json\/wp\/v2\/types\/product"}],"replies":[{"embeddable":true,"href":"https:\/\/hot-shop.hu\/en\/wp-json\/wp\/v2\/comments?post=2655"}],"wp:featuredmedia":[{"embeddable":true,"href":"https:\/\/hot-shop.hu\/en\/wp-json\/wp\/v2\/media\/757"}],"wp:attachment":[{"href":"https:\/\/hot-shop.hu\/en\/wp-json\/wp\/v2\/media?parent=2655"}],"wp:term":[{"taxonomy":"product_brand","embeddable":true,"href":"https:\/\/hot-shop.hu\/en\/wp-json\/wp\/v2\/product_brand?post=2655"},{"taxonomy":"product_cat","embeddable":true,"href":"https:\/\/hot-shop.hu\/en\/wp-json\/wp\/v2\/product_cat?post=2655"},{"taxonomy":"product_tag","embeddable":true,"href":"https:\/\/hot-shop.hu\/en\/wp-json\/wp\/v2\/product_tag?post=2655"}],"curies":[{"name":"wp","href":"https:\/\/api.w.org\/{rel}","templated":true}]}}