{"id":2644,"date":"2020-10-02T11:26:30","date_gmt":"2020-10-02T09:26:30","guid":{"rendered":"https:\/\/hot-shop.hu\/termek\/import-placeholder-for-1141\/"},"modified":"2026-01-09T17:27:17","modified_gmt":"2026-01-09T15:27:17","slug":"poblano-egesz-del-sol-28kg","status":"publish","type":"product","link":"https:\/\/hot-shop.hu\/en\/termek\/poblano-egesz-del-sol-28kg\/","title":{"rendered":"Poblano Eg\u00e9sz 2,8kg &#8211; Del Sol"},"content":{"rendered":"<p>A Poblano Del Sol eg\u00e9sz chilipaprika ide\u00e1lis alapanyaga a tipikus mexik\u00f3i \u00e9teleknek. Gondosan szedik \u00e9s csomagolj\u00e1k, \u00edgy a lehet\u0151 legjobb min\u0151s\u00e9get \u00e9s frissess\u00e9get biztos\u00edtj\u00e1k. R\u00e1ad\u00e1sul, mivel felhaszn\u00e1l\u00e1sra, t\u00e1lal\u00e1sra k\u00e9szek, \u00e9rt\u00e9kes id\u0151t takar\u00edthatunk meg a konyh\u00e1ban, \u00e9s gyorsan, hat\u00e9konyan szolg\u00e1lhatjuk ki vend\u00e9geinket.<\/p>\n<p>A Poblano paprika enyhe cs\u00edp\u0151ss\u00e9ge lehet\u0151v\u00e9 teszi az \u00e9telek feljav\u00edt\u00e1s\u00e1t, an\u00e9lk\u00fcl, hogy a cs\u00edp\u0151s \u00edz domin\u00e1lna. Eg\u00e9szben, szeletelve, kock\u00e1ra v\u00e1gva vagy m\u00e1s \u00f6sszetev\u0151kkel keverve t\u00e1lalhatjuk, k\u00e9sz\u00edthet\u00fcnk bel\u0151le sz\u00f3szokat, guacamole-t \u00e9s salsa-t. Tart\u00f3s\u00edt\u00f3szer mentes, Kosher jelz\u00e9ssel ell\u00e1tott term\u00e9k.<\/p>\n<p>\u00d6sszetev\u0151k: Poblano paprika, v\u00edz, s\u00f3 \u00e9s citromsav.<\/p>\n","protected":false},"excerpt":{"rendered":"<p>Enyh\u00e9n cs\u00edp\u0151s, eg\u00e9sz Poblano paprika s\u00f3s l\u00e9ben. A Poblano paprika rizzsel, sajttal vagy h\u00fassal t\u00f6ltve t\u00f6k\u00e9letes \u00e9tel. Aj\u00e1nljuk tov\u00e1bb\u00e1 taco-hoz, s\u00fclt chili relleno-hoz, levesekhez vagy ak\u00e1r sajtos makar\u00f3nihoz.<\/p>\n","protected":false},"featured_media":712,"comment_status":"open","ping_status":"closed","template":"","meta":{"ocean_post_layout":"","ocean_both_sidebars_style":"","ocean_both_sidebars_content_width":0,"ocean_both_sidebars_sidebars_width":0,"ocean_sidebar":"0","ocean_second_sidebar":"0","ocean_disable_margins":"enable","ocean_add_body_class":"","ocean_shortcode_before_top_bar":"","ocean_shortcode_after_top_bar":"","ocean_shortcode_before_header":"","ocean_shortcode_after_header":"","ocean_has_shortcode":"","ocean_shortcode_after_title":"","ocean_shortcode_before_footer_widgets":"","ocean_shortcode_after_footer_widgets":"","ocean_shortcode_before_footer_bottom":"","ocean_shortcode_after_footer_bottom":"","ocean_display_top_bar":"default","ocean_display_header":"default","ocean_header_style":"","ocean_center_header_left_menu":"0","ocean_custom_header_template":"0","ocean_custom_logo":0,"ocean_custom_retina_logo":0,"ocean_custom_logo_max_width":0,"ocean_custom_logo_tablet_max_width":0,"ocean_custom_logo_mobile_max_width":0,"ocean_custom_logo_max_height":0,"ocean_custom_logo_tablet_max_height":0,"ocean_custom_logo_mobile_max_height":0,"ocean_header_custom_menu":"0","ocean_menu_typo_font_family":"0","ocean_menu_typo_font_subset":"","ocean_menu_typo_font_size":0,"ocean_menu_typo_font_size_tablet":0,"ocean_menu_typo_font_size_mobile":0,"ocean_menu_typo_font_size_unit":"px","ocean_menu_typo_font_weight":"","ocean_menu_typo_font_weight_tablet":"","ocean_menu_typo_font_weight_mobile":"","ocean_menu_typo_transform":"","ocean_menu_typo_transform_tablet":"","ocean_menu_typo_transform_mobile":"","ocean_menu_typo_line_height":0,"ocean_menu_typo_line_height_tablet":0,"ocean_menu_typo_line_height_mobile":0,"ocean_menu_typo_line_height_unit":"","ocean_menu_typo_spacing":0,"ocean_menu_typo_spacing_tablet":0,"ocean_menu_typo_spacing_mobile":0,"ocean_menu_typo_spacing_unit":"","ocean_menu_link_color":"","ocean_menu_link_color_hover":"","ocean_menu_link_color_active":"","ocean_menu_link_background":"","ocean_menu_link_hover_background":"","ocean_menu_link_active_background":"","ocean_menu_social_links_bg":"","ocean_menu_social_hover_links_bg":"","ocean_menu_social_links_color":"","ocean_menu_social_hover_links_color":"","ocean_disable_title":"default","ocean_disable_heading":"default","ocean_post_title":"","ocean_post_subheading":"","ocean_post_title_style":"","ocean_post_title_background_color":"","ocean_post_title_background":0,"ocean_post_title_bg_image_position":"","ocean_post_title_bg_image_attachment":"","ocean_post_title_bg_image_repeat":"","ocean_post_title_bg_image_size":"","ocean_post_title_height":0,"ocean_post_title_bg_overlay":0.5,"ocean_post_title_bg_overlay_color":"","ocean_disable_breadcrumbs":"default","ocean_breadcrumbs_color":"","ocean_breadcrumbs_separator_color":"","ocean_breadcrumbs_links_color":"","ocean_breadcrumbs_links_hover_color":"","ocean_display_footer_widgets":"default","ocean_display_footer_bottom":"default","ocean_custom_footer_template":"0"},"product_brand":[],"product_cat":[157,158],"product_tag":[70],"class_list":{"0":"post-2644","1":"product","2":"type-product","3":"status-publish","4":"has-post-thumbnail","6":"product_cat-chilik","7":"product_cat-konzervek","8":"product_tag-del-sol","10":"entry","11":"has-media","13":"first","14":"instock","15":"taxable","16":"shipping-taxable","17":"purchasable","18":"product-type-simple","19":"col","20":"span_1_of_2","21":"owp-content-center","22":"owp-thumbs-layout-horizontal","23":"owp-btn-normal","24":"owp-tabs-layout-horizontal"},"_links":{"self":[{"href":"https:\/\/hot-shop.hu\/en\/wp-json\/wp\/v2\/product\/2644","targetHints":{"allow":["GET"]}}],"collection":[{"href":"https:\/\/hot-shop.hu\/en\/wp-json\/wp\/v2\/product"}],"about":[{"href":"https:\/\/hot-shop.hu\/en\/wp-json\/wp\/v2\/types\/product"}],"replies":[{"embeddable":true,"href":"https:\/\/hot-shop.hu\/en\/wp-json\/wp\/v2\/comments?post=2644"}],"wp:featuredmedia":[{"embeddable":true,"href":"https:\/\/hot-shop.hu\/en\/wp-json\/wp\/v2\/media\/712"}],"wp:attachment":[{"href":"https:\/\/hot-shop.hu\/en\/wp-json\/wp\/v2\/media?parent=2644"}],"wp:term":[{"taxonomy":"product_brand","embeddable":true,"href":"https:\/\/hot-shop.hu\/en\/wp-json\/wp\/v2\/product_brand?post=2644"},{"taxonomy":"product_cat","embeddable":true,"href":"https:\/\/hot-shop.hu\/en\/wp-json\/wp\/v2\/product_cat?post=2644"},{"taxonomy":"product_tag","embeddable":true,"href":"https:\/\/hot-shop.hu\/en\/wp-json\/wp\/v2\/product_tag?post=2644"}],"curies":[{"name":"wp","href":"https:\/\/api.w.org\/{rel}","templated":true}]}}