{"id":2639,"date":"2020-10-02T11:26:29","date_gmt":"2020-10-02T09:26:29","guid":{"rendered":"https:\/\/hot-shop.hu\/termek\/import-placeholder-for-1128\/"},"modified":"2026-03-24T18:34:54","modified_gmt":"2026-03-24T16:34:54","slug":"jalapeno-nacho-szeletelt-piros-28kg","status":"publish","type":"product","link":"https:\/\/hot-shop.hu\/en\/termek\/jalapeno-nacho-szeletelt-piros-28kg\/","title":{"rendered":"Jalapeno Nacho Szeletelt piros 2,8kg &#8211; Del Sol"},"content":{"rendered":"<p>A jalapeno egy kism\u00e9ret\u0171, k\u00f6zepesen cs\u00edp\u0151s mexik\u00f3i chili paprika, amely nev\u00e9t a mexik\u00f3i Veracruz \u00e1llam f\u0151v\u00e1ros\u00e1r\u00f3l, Jalapa-r\u00f3l kapta, b\u00e1r a sz\u00f3 eredete az azt\u00e9k Xalapa-t\u00f3l sz\u00e1rmazik. Enyhe f\u0171szeress\u00e9g\u00e9nek, jellegzetes \u00edz\u00e9nek \u00e9s illat\u00e1nak k\u00f6sz\u00f6nhet\u0151en az amerikai kontinens egyik legn\u00e9pszer\u0171bb paprik\u00e1ja. Tart\u00f3s\u00edt\u00f3szer mentes, Kosher term\u00e9k.<\/p>\n<p>\u00d6sszetev\u0151k: szeletelt piros jalapeno paprika, v\u00edz, ecet, s\u00f3, sz\u00f3jaolaj \u00e9s f\u0171szerek.<\/p>\n","protected":false},"excerpt":{"rendered":"<p>\u00c9rett, piros Jalape\u00f1o karik\u00e1k ecetes, s\u00f3s l\u00e9ben. Ide\u00e1lis k\u00f6zepesen cs\u00edp\u0151s \u00e9telek \u00edzes\u00edt\u00e9s\u00e9re. T\u00f6k\u00e9letes k\u00eds\u00e9r\u0151 sal\u00e1t\u00e1hoz, nacho chips-hez, taco-hoz \u00e9s m\u00e1s mexik\u00f3i specialit\u00e1sokhoz.<\/p>\n","protected":false},"featured_media":714,"comment_status":"open","ping_status":"closed","template":"","meta":{"ocean_post_layout":"","ocean_both_sidebars_style":"","ocean_both_sidebars_content_width":0,"ocean_both_sidebars_sidebars_width":0,"ocean_sidebar":"0","ocean_second_sidebar":"0","ocean_disable_margins":"enable","ocean_add_body_class":"","ocean_shortcode_before_top_bar":"","ocean_shortcode_after_top_bar":"","ocean_shortcode_before_header":"","ocean_shortcode_after_header":"","ocean_has_shortcode":"","ocean_shortcode_after_title":"","ocean_shortcode_before_footer_widgets":"","ocean_shortcode_after_footer_widgets":"","ocean_shortcode_before_footer_bottom":"","ocean_shortcode_after_footer_bottom":"","ocean_display_top_bar":"default","ocean_display_header":"default","ocean_header_style":"","ocean_center_header_left_menu":"0","ocean_custom_header_template":"0","ocean_custom_logo":0,"ocean_custom_retina_logo":0,"ocean_custom_logo_max_width":0,"ocean_custom_logo_tablet_max_width":0,"ocean_custom_logo_mobile_max_width":0,"ocean_custom_logo_max_height":0,"ocean_custom_logo_tablet_max_height":0,"ocean_custom_logo_mobile_max_height":0,"ocean_header_custom_menu":"0","ocean_menu_typo_font_family":"0","ocean_menu_typo_font_subset":"","ocean_menu_typo_font_size":0,"ocean_menu_typo_font_size_tablet":0,"ocean_menu_typo_font_size_mobile":0,"ocean_menu_typo_font_size_unit":"px","ocean_menu_typo_font_weight":"","ocean_menu_typo_font_weight_tablet":"","ocean_menu_typo_font_weight_mobile":"","ocean_menu_typo_transform":"","ocean_menu_typo_transform_tablet":"","ocean_menu_typo_transform_mobile":"","ocean_menu_typo_line_height":0,"ocean_menu_typo_line_height_tablet":0,"ocean_menu_typo_line_height_mobile":0,"ocean_menu_typo_line_height_unit":"","ocean_menu_typo_spacing":0,"ocean_menu_typo_spacing_tablet":0,"ocean_menu_typo_spacing_mobile":0,"ocean_menu_typo_spacing_unit":"","ocean_menu_link_color":"","ocean_menu_link_color_hover":"","ocean_menu_link_color_active":"","ocean_menu_link_background":"","ocean_menu_link_hover_background":"","ocean_menu_link_active_background":"","ocean_menu_social_links_bg":"","ocean_menu_social_hover_links_bg":"","ocean_menu_social_links_color":"","ocean_menu_social_hover_links_color":"","ocean_disable_title":"default","ocean_disable_heading":"default","ocean_post_title":"","ocean_post_subheading":"","ocean_post_title_style":"","ocean_post_title_background_color":"","ocean_post_title_background":0,"ocean_post_title_bg_image_position":"","ocean_post_title_bg_image_attachment":"","ocean_post_title_bg_image_repeat":"","ocean_post_title_bg_image_size":"","ocean_post_title_height":0,"ocean_post_title_bg_overlay":0.5,"ocean_post_title_bg_overlay_color":"","ocean_disable_breadcrumbs":"default","ocean_breadcrumbs_color":"","ocean_breadcrumbs_separator_color":"","ocean_breadcrumbs_links_color":"","ocean_breadcrumbs_links_hover_color":"","ocean_display_footer_widgets":"default","ocean_display_footer_bottom":"default","ocean_custom_footer_template":"0"},"product_brand":[],"product_cat":[157,158],"product_tag":[70],"class_list":{"0":"post-2639","1":"product","2":"type-product","3":"status-publish","4":"has-post-thumbnail","6":"product_cat-chilik","7":"product_cat-konzervek","8":"product_tag-del-sol","10":"entry","11":"has-media","13":"first","14":"instock","15":"taxable","16":"shipping-taxable","17":"purchasable","18":"product-type-simple","19":"col","20":"span_1_of_2","21":"owp-content-center","22":"owp-thumbs-layout-horizontal","23":"owp-btn-normal","24":"owp-tabs-layout-horizontal"},"_links":{"self":[{"href":"https:\/\/hot-shop.hu\/en\/wp-json\/wp\/v2\/product\/2639","targetHints":{"allow":["GET"]}}],"collection":[{"href":"https:\/\/hot-shop.hu\/en\/wp-json\/wp\/v2\/product"}],"about":[{"href":"https:\/\/hot-shop.hu\/en\/wp-json\/wp\/v2\/types\/product"}],"replies":[{"embeddable":true,"href":"https:\/\/hot-shop.hu\/en\/wp-json\/wp\/v2\/comments?post=2639"}],"wp:featuredmedia":[{"embeddable":true,"href":"https:\/\/hot-shop.hu\/en\/wp-json\/wp\/v2\/media\/714"}],"wp:attachment":[{"href":"https:\/\/hot-shop.hu\/en\/wp-json\/wp\/v2\/media?parent=2639"}],"wp:term":[{"taxonomy":"product_brand","embeddable":true,"href":"https:\/\/hot-shop.hu\/en\/wp-json\/wp\/v2\/product_brand?post=2639"},{"taxonomy":"product_cat","embeddable":true,"href":"https:\/\/hot-shop.hu\/en\/wp-json\/wp\/v2\/product_cat?post=2639"},{"taxonomy":"product_tag","embeddable":true,"href":"https:\/\/hot-shop.hu\/en\/wp-json\/wp\/v2\/product_tag?post=2639"}],"curies":[{"name":"wp","href":"https:\/\/api.w.org\/{rel}","templated":true}]}}