{"id":26154,"date":"2025-09-09T17:16:09","date_gmt":"2025-09-09T15:16:09","guid":{"rendered":"https:\/\/hot-shop.hu\/?post_type=product&#038;p=26154"},"modified":"2025-10-21T17:08:25","modified_gmt":"2025-10-21T15:08:25","slug":"salsa-marisquera-black-hot-150ml-el-yucateco","status":"publish","type":"product","link":"https:\/\/hot-shop.hu\/en\/termek\/salsa-marisquera-black-hot-150ml-el-yucateco\/","title":{"rendered":"Salsa Marisquera Black Hot 150ml &#8211; El Yucateco"},"content":{"rendered":"<p>Az El Yucateco Habanero Marisquera Black cs\u00edp\u0151s sz\u00f3sz karakteres, f\u00fcst\u00f6s \u00edz\u00e9vel \u00faj dimenzi\u00f3ba emeli tengeri \u00e9teleid.<\/p>\n<p>Tipp: egy csipetnyit adj hozz\u00e1 a tenger gy\u00fcm\u00f6lcseivel k\u00e9sz\u00fclt t\u00e9szt\u00e1dhoz, vagy a grillezett halat p\u00e1cold vele, vagy ak\u00e1r friss tenger gy\u00fcm\u00f6lcsei t\u00e1lra csepegtetve, egyedi \u00edzt k\u00f6lcs\u00f6n\u00f6z minden falatnak.<\/p>\n<p><strong><b>\u00d6sszetev\u0151k:<\/b><\/strong>\u00a0v\u00edz, Habanero chilipaprika, paradicsomp\u00fcr\u00e9, s\u00f3, hidroliz\u00e1lt sz\u00f3jafeh\u00e9rje, savany\u00fas\u00e1got szab\u00e1lyoz\u00f3 szer: ecetsav, stabiliz\u00e1tor: xant\u00e1ngumi, f\u0171szerek, tart\u00f3s\u00edt\u00f3szer: E211.<\/p>\n<table style=\"height: 175px;\" width=\"416\">\n<tbody>\n<tr>\n<td colspan=\"2\" width=\"87\"><strong><b>T\u00e1p\u00e9rt\u00e9k 100g-b<\/b><\/strong><strong><b>an<\/b><\/strong><\/td>\n<\/tr>\n<tr>\n<td width=\"47\">Energia:<\/td>\n<td width=\"39\">85 kj\/ 20\u00a0kcal<\/td>\n<\/tr>\n<tr>\n<td width=\"47\">Zs\u00edr:<\/td>\n<td width=\"39\">0g<\/td>\n<\/tr>\n<tr>\n<td width=\"47\">&#8211; amelyb\u0151l tel\u00edtett zs\u00edrsavak:<\/td>\n<td width=\"39\">0g<\/td>\n<\/tr>\n<tr>\n<td width=\"47\">Sz\u00e9nhidr\u00e1t:<\/td>\n<td width=\"39\">4g<\/td>\n<\/tr>\n<tr>\n<td width=\"47\">&#8211; amelyb\u0151l cukrok:<\/td>\n<td width=\"39\">0g<\/td>\n<\/tr>\n<tr>\n<td width=\"47\">Feh\u00e9rje:<\/td>\n<td width=\"39\">1g<\/td>\n<\/tr>\n<tr>\n<td width=\"47\">S\u00f3:<\/td>\n<td width=\"39\">5,6g<\/td>\n<\/tr>\n<\/tbody>\n<\/table>\n<p>&nbsp;<\/p>\n","protected":false},"excerpt":{"rendered":"<p>K\u00f6zepesen cs\u00edp\u0151s, sz\u00f3j\u00e1s, paradicsomos, mexik\u00f3i habanero chili sz\u00f3sz halas \u00e9telekhez, tenger gy\u00fcm\u00f6lcseihez, grillekhez, rizshez. 12\/# Az umami, valamint az \u00e9des, savany\u00fa, keser\u0171 \u00e9s s\u00f3s jegyek kever\u00e9ke, cs\u00edp\u0151s-f\u00fcst\u00f6s \u00edzvil\u00e1ggal sz\u00ednes\u00edtve, teszi ezt a sz\u00f3szt egyediv\u00e9. A f\u00fcst\u00f6s cs\u00edp\u0151ss\u00e9get \u00e9s a gazdag f\u0171szereket egyens\u00falyba hoz\u00f3, jellegzetes jegyeivel, elengedhetetlen hozz\u00e1val\u00f3ja a kulin\u00e1ris rajong\u00f3k \u00e9s a tengeri \u00e9telek kedvel\u0151inek egyar\u00e1nt. T\u00f6k\u00e9letes egyens\u00falyt teremt a sz\u00f3ja \u00e9s a k\u00fcl\u00f6nf\u00e9le f\u0171szerek k\u00f6z\u00f6tt. \u00d6tv\u00f6zi a feket\u00e9re s\u00fclt habanero paprika intenz\u00edv cs\u00edp\u0151ss\u00e9g\u00e9t egy \u00edzletes f\u0171szerkever\u00e9kkel, l\u00e9trehozva egy olyan sz\u00f3szt, amely mer\u00e9sz \u00e9s komplex \u00edzprofilj\u00e1val kiemeli a garn\u00e9lar\u00e1k, a hal, a kagyl\u00f3 \u00e9s m\u00e1s tengeri \u00e9telek \u00edz\u00e9t.\u00a0 Hagyom\u00e1nyosan ugyan tenger gy\u00fcm\u00f6lcseihez haszn\u00e1lj\u00e1k, de sokoldal\u00fa \u00edze sokf\u00e9le \u00e9telbe illeszthet\u0151; az \u00e1zsiai, mexik\u00f3i \u00e9telekt\u0151l kezdve az\u00a0 amerikain \u00e1t, a lehet\u0151s\u00e9gek t\u00e1rh\u00e1za v\u00e9gtelen! T\u00f6k\u00e9letes k\u00eds\u00e9r\u0151je p\u00e9ld\u00e1ul olyan jap\u00e1n \u00e9teleknek, mint a Sushi, Yakimeshi vagy b\u00e1rmilyen rizs.<\/p>\n","protected":false},"featured_media":26155,"comment_status":"open","ping_status":"closed","template":"","meta":{"ocean_post_layout":"","ocean_both_sidebars_style":"","ocean_both_sidebars_content_width":0,"ocean_both_sidebars_sidebars_width":0,"ocean_sidebar":"0","ocean_second_sidebar":"0","ocean_disable_margins":"enable","ocean_add_body_class":"","ocean_shortcode_before_top_bar":"","ocean_shortcode_after_top_bar":"","ocean_shortcode_before_header":"","ocean_shortcode_after_header":"","ocean_has_shortcode":"","ocean_shortcode_after_title":"","ocean_shortcode_before_footer_widgets":"","ocean_shortcode_after_footer_widgets":"","ocean_shortcode_before_footer_bottom":"","ocean_shortcode_after_footer_bottom":"","ocean_display_top_bar":"default","ocean_display_header":"default","ocean_header_style":"","ocean_center_header_left_menu":"0","ocean_custom_header_template":"0","ocean_custom_logo":0,"ocean_custom_retina_logo":0,"ocean_custom_logo_max_width":0,"ocean_custom_logo_tablet_max_width":0,"ocean_custom_logo_mobile_max_width":0,"ocean_custom_logo_max_height":0,"ocean_custom_logo_tablet_max_height":0,"ocean_custom_logo_mobile_max_height":0,"ocean_header_custom_menu":"0","ocean_menu_typo_font_family":"0","ocean_menu_typo_font_subset":"","ocean_menu_typo_font_size":0,"ocean_menu_typo_font_size_tablet":0,"ocean_menu_typo_font_size_mobile":0,"ocean_menu_typo_font_size_unit":"px","ocean_menu_typo_font_weight":"","ocean_menu_typo_font_weight_tablet":"","ocean_menu_typo_font_weight_mobile":"","ocean_menu_typo_transform":"","ocean_menu_typo_transform_tablet":"","ocean_menu_typo_transform_mobile":"","ocean_menu_typo_line_height":0,"ocean_menu_typo_line_height_tablet":0,"ocean_menu_typo_line_height_mobile":0,"ocean_menu_typo_line_height_unit":"","ocean_menu_typo_spacing":0,"ocean_menu_typo_spacing_tablet":0,"ocean_menu_typo_spacing_mobile":0,"ocean_menu_typo_spacing_unit":"","ocean_menu_link_color":"","ocean_menu_link_color_hover":"","ocean_menu_link_color_active":"","ocean_menu_link_background":"","ocean_menu_link_hover_background":"","ocean_menu_link_active_background":"","ocean_menu_social_links_bg":"","ocean_menu_social_hover_links_bg":"","ocean_menu_social_links_color":"","ocean_menu_social_hover_links_color":"","ocean_disable_title":"default","ocean_disable_heading":"default","ocean_post_title":"","ocean_post_subheading":"","ocean_post_title_style":"","ocean_post_title_background_color":"","ocean_post_title_background":0,"ocean_post_title_bg_image_position":"","ocean_post_title_bg_image_attachment":"","ocean_post_title_bg_image_repeat":"","ocean_post_title_bg_image_size":"","ocean_post_title_height":0,"ocean_post_title_bg_overlay":0.5,"ocean_post_title_bg_overlay_color":"","ocean_disable_breadcrumbs":"default","ocean_breadcrumbs_color":"","ocean_breadcrumbs_separator_color":"","ocean_breadcrumbs_links_color":"","ocean_breadcrumbs_links_hover_color":"","ocean_display_footer_widgets":"default","ocean_display_footer_bottom":"default","ocean_custom_footer_template":"0"},"product_brand":[],"product_cat":[175,176,238],"product_tag":[61],"class_list":{"0":"post-26154","1":"product","2":"type-product","3":"status-publish","4":"has-post-thumbnail","6":"product_cat-chili-szoszok","7":"product_cat-uveges-chili-szoszok","8":"product_cat-uj-termekek","9":"product_tag-el-yucateco","11":"entry","12":"has-media","14":"first","15":"instock","16":"taxable","17":"shipping-taxable","18":"purchasable","19":"product-type-simple","20":"col","21":"span_1_of_2","22":"owp-content-center","23":"owp-thumbs-layout-horizontal","24":"owp-btn-normal","25":"owp-tabs-layout-horizontal","26":"has-no-thumbnails"},"_links":{"self":[{"href":"https:\/\/hot-shop.hu\/en\/wp-json\/wp\/v2\/product\/26154","targetHints":{"allow":["GET"]}}],"collection":[{"href":"https:\/\/hot-shop.hu\/en\/wp-json\/wp\/v2\/product"}],"about":[{"href":"https:\/\/hot-shop.hu\/en\/wp-json\/wp\/v2\/types\/product"}],"replies":[{"embeddable":true,"href":"https:\/\/hot-shop.hu\/en\/wp-json\/wp\/v2\/comments?post=26154"}],"wp:featuredmedia":[{"embeddable":true,"href":"https:\/\/hot-shop.hu\/en\/wp-json\/wp\/v2\/media\/26155"}],"wp:attachment":[{"href":"https:\/\/hot-shop.hu\/en\/wp-json\/wp\/v2\/media?parent=26154"}],"wp:term":[{"taxonomy":"product_brand","embeddable":true,"href":"https:\/\/hot-shop.hu\/en\/wp-json\/wp\/v2\/product_brand?post=26154"},{"taxonomy":"product_cat","embeddable":true,"href":"https:\/\/hot-shop.hu\/en\/wp-json\/wp\/v2\/product_cat?post=26154"},{"taxonomy":"product_tag","embeddable":true,"href":"https:\/\/hot-shop.hu\/en\/wp-json\/wp\/v2\/product_tag?post=26154"}],"curies":[{"name":"wp","href":"https:\/\/api.w.org\/{rel}","templated":true}]}}