{"id":26149,"date":"2025-09-09T16:06:00","date_gmt":"2025-09-09T14:06:00","guid":{"rendered":"https:\/\/hot-shop.hu\/?post_type=product&#038;p=26149"},"modified":"2025-09-10T10:39:02","modified_gmt":"2025-09-10T08:39:02","slug":"salsa-habanero-coffee-120ml-el-yucateco","status":"publish","type":"product","link":"https:\/\/hot-shop.hu\/en\/termek\/salsa-habanero-coffee-120ml-el-yucateco\/","title":{"rendered":"Salsa Habanero &#038; Coffee 120ml &#8211; El Yucateco"},"content":{"rendered":"<p>\u00c9breszd fel \u00edzlel\u0151bimb\u00f3id az El Yucateco Habanero &amp; Coffee chili sz\u00f3sz mer\u00e9sz \u00e9s egyedi kever\u00e9k\u00e9vel.<\/p>\n<p><strong><b>\u00d6sszetev\u0151k:<\/b><\/strong> v\u00edz, cukor, Habanero chilipaprika (5%), k\u00e1v\u00e9 (2%), Chipotle chilipaprika, j\u00f3dozott s\u00f3, f\u0171szerek, savany\u00fas\u00e1got szab\u00e1lyoz\u00f3 szer: ecetsav, stabiliz\u00e1tor: E415, E418, tart\u00f3s\u00edt\u00f3szer: E211.<\/p>\n<p>H\u0151t\u0151l, k\u00f6zvetlen napf\u00e9nyt\u0151l v\u00e9dett, sz\u00e1raz helyen t\u00e1roland\u00f3.<\/p>\n<table style=\"height: 436px;\" width=\"286\">\n<tbody>\n<tr>\n<td colspan=\"2\" width=\"87\"><strong><b>T\u00e1p\u00e9rt\u00e9k 100g-b<\/b><\/strong><strong><b>an<\/b><\/strong><\/td>\n<\/tr>\n<tr>\n<td width=\"47\">Energia:<\/td>\n<td width=\"39\">238 kj\/<\/p>\n<p>56 kcal<\/td>\n<\/tr>\n<tr>\n<td width=\"47\">Zs\u00edr:<\/td>\n<td width=\"39\">0g<\/td>\n<\/tr>\n<tr>\n<td width=\"47\">&#8211; amelyb\u0151l tel\u00edtett zs\u00edrsavak:<\/td>\n<td width=\"39\">0g<\/td>\n<\/tr>\n<tr>\n<td width=\"47\">Sz\u00e9nhidr\u00e1t:<\/td>\n<td width=\"39\">14g<\/td>\n<\/tr>\n<tr>\n<td width=\"47\">&#8211; amelyb\u0151l cukrok:<\/td>\n<td width=\"39\">13g<\/td>\n<\/tr>\n<tr>\n<td width=\"47\">Feh\u00e9rje:<\/td>\n<td width=\"39\">0g<\/td>\n<\/tr>\n<tr>\n<td width=\"47\">S\u00f3:<\/td>\n<td width=\"39\">0,6g<\/td>\n<\/tr>\n<\/tbody>\n<\/table>\n","protected":false},"excerpt":{"rendered":"<p>Ez a kiv\u00e9teles chili sz\u00f3sz a habanero paprika t\u00fczes cs\u00edp\u0151ss\u00e9g\u00e9t \u00f6tv\u00f6zi a k\u00e1v\u00e9 gazdag, arom\u00e1s \u00edz\u00e9vel, \u00edgy egy igaz\u00e1n izgalmas \u00e9lm\u00e9nyt ny\u00fajt. 12\/# A habanero paprika intenz\u00edv cs\u00edp\u0151ss\u00e9g\u00e9t a frissen f\u0151z\u00f6tt k\u00e1v\u00e9 f\u00f6ldes \u00edzjegyei mesteri m\u00f3don l\u00e1gy\u00edtj\u00e1k, \u00edgy kellemes kontrasztot teremtve, amely kiemeli kedvenc \u00e9teleink \u00edz\u00e9t. T\u00f6k\u00e9letes egyens\u00falyt biztos\u00edt a f\u0171szeress\u00e9g \u00e9s az egyedi aroma k\u00f6z\u00f6tt, \u00edgy elengedhetetlen kieg\u00e9sz\u00edt\u0151je minden kulin\u00e1ris kalandnak. Minden cseppje a legjobb min\u0151s\u00e9g\u0171 alapanyagokat tartalmazza. Ak\u00e1r a reggeli toj\u00e1s\u00e9teled \u00edzes\u00edti, eb\u00e9d-szendvicsed f\u0171szerezi, vagy esti barbecue-d teszi m\u00e9g finomabb\u00e1, ez a cs\u00edp\u0151s sz\u00f3sz felejthetetlen \u00edz\u00e9lm\u00e9nyt ad.<\/p>\n<p>&nbsp;<\/p>\n<p>&nbsp;<\/p>\n","protected":false},"featured_media":26147,"comment_status":"open","ping_status":"closed","template":"","meta":{"ocean_post_layout":"","ocean_both_sidebars_style":"","ocean_both_sidebars_content_width":0,"ocean_both_sidebars_sidebars_width":0,"ocean_sidebar":"0","ocean_second_sidebar":"0","ocean_disable_margins":"enable","ocean_add_body_class":"","ocean_shortcode_before_top_bar":"","ocean_shortcode_after_top_bar":"","ocean_shortcode_before_header":"","ocean_shortcode_after_header":"","ocean_has_shortcode":"","ocean_shortcode_after_title":"","ocean_shortcode_before_footer_widgets":"","ocean_shortcode_after_footer_widgets":"","ocean_shortcode_before_footer_bottom":"","ocean_shortcode_after_footer_bottom":"","ocean_display_top_bar":"default","ocean_display_header":"default","ocean_header_style":"","ocean_center_header_left_menu":"0","ocean_custom_header_template":"0","ocean_custom_logo":0,"ocean_custom_retina_logo":0,"ocean_custom_logo_max_width":0,"ocean_custom_logo_tablet_max_width":0,"ocean_custom_logo_mobile_max_width":0,"ocean_custom_logo_max_height":0,"ocean_custom_logo_tablet_max_height":0,"ocean_custom_logo_mobile_max_height":0,"ocean_header_custom_menu":"0","ocean_menu_typo_font_family":"0","ocean_menu_typo_font_subset":"","ocean_menu_typo_font_size":0,"ocean_menu_typo_font_size_tablet":0,"ocean_menu_typo_font_size_mobile":0,"ocean_menu_typo_font_size_unit":"px","ocean_menu_typo_font_weight":"","ocean_menu_typo_font_weight_tablet":"","ocean_menu_typo_font_weight_mobile":"","ocean_menu_typo_transform":"","ocean_menu_typo_transform_tablet":"","ocean_menu_typo_transform_mobile":"","ocean_menu_typo_line_height":0,"ocean_menu_typo_line_height_tablet":0,"ocean_menu_typo_line_height_mobile":0,"ocean_menu_typo_line_height_unit":"","ocean_menu_typo_spacing":0,"ocean_menu_typo_spacing_tablet":0,"ocean_menu_typo_spacing_mobile":0,"ocean_menu_typo_spacing_unit":"","ocean_menu_link_color":"","ocean_menu_link_color_hover":"","ocean_menu_link_color_active":"","ocean_menu_link_background":"","ocean_menu_link_hover_background":"","ocean_menu_link_active_background":"","ocean_menu_social_links_bg":"","ocean_menu_social_hover_links_bg":"","ocean_menu_social_links_color":"","ocean_menu_social_hover_links_color":"","ocean_disable_title":"default","ocean_disable_heading":"default","ocean_post_title":"","ocean_post_subheading":"","ocean_post_title_style":"","ocean_post_title_background_color":"","ocean_post_title_background":0,"ocean_post_title_bg_image_position":"","ocean_post_title_bg_image_attachment":"","ocean_post_title_bg_image_repeat":"","ocean_post_title_bg_image_size":"","ocean_post_title_height":0,"ocean_post_title_bg_overlay":0.5,"ocean_post_title_bg_overlay_color":"","ocean_disable_breadcrumbs":"default","ocean_breadcrumbs_color":"","ocean_breadcrumbs_separator_color":"","ocean_breadcrumbs_links_color":"","ocean_breadcrumbs_links_hover_color":"","ocean_display_footer_widgets":"default","ocean_display_footer_bottom":"default","ocean_custom_footer_template":"0"},"product_brand":[],"product_cat":[175,176,238],"product_tag":[61],"class_list":{"0":"post-26149","1":"product","2":"type-product","3":"status-publish","4":"has-post-thumbnail","6":"product_cat-chili-szoszok","7":"product_cat-uveges-chili-szoszok","8":"product_cat-uj-termekek","9":"product_tag-el-yucateco","11":"entry","12":"has-media","14":"first","15":"instock","16":"taxable","17":"shipping-taxable","18":"purchasable","19":"product-type-simple","20":"col","21":"span_1_of_2","22":"owp-content-center","23":"owp-thumbs-layout-horizontal","24":"owp-btn-normal","25":"owp-tabs-layout-horizontal","26":"has-no-thumbnails"},"_links":{"self":[{"href":"https:\/\/hot-shop.hu\/en\/wp-json\/wp\/v2\/product\/26149","targetHints":{"allow":["GET"]}}],"collection":[{"href":"https:\/\/hot-shop.hu\/en\/wp-json\/wp\/v2\/product"}],"about":[{"href":"https:\/\/hot-shop.hu\/en\/wp-json\/wp\/v2\/types\/product"}],"replies":[{"embeddable":true,"href":"https:\/\/hot-shop.hu\/en\/wp-json\/wp\/v2\/comments?post=26149"}],"wp:featuredmedia":[{"embeddable":true,"href":"https:\/\/hot-shop.hu\/en\/wp-json\/wp\/v2\/media\/26147"}],"wp:attachment":[{"href":"https:\/\/hot-shop.hu\/en\/wp-json\/wp\/v2\/media?parent=26149"}],"wp:term":[{"taxonomy":"product_brand","embeddable":true,"href":"https:\/\/hot-shop.hu\/en\/wp-json\/wp\/v2\/product_brand?post=26149"},{"taxonomy":"product_cat","embeddable":true,"href":"https:\/\/hot-shop.hu\/en\/wp-json\/wp\/v2\/product_cat?post=26149"},{"taxonomy":"product_tag","embeddable":true,"href":"https:\/\/hot-shop.hu\/en\/wp-json\/wp\/v2\/product_tag?post=26149"}],"curies":[{"name":"wp","href":"https:\/\/api.w.org\/{rel}","templated":true}]}}