{"id":25523,"date":"2025-08-05T10:31:16","date_gmt":"2025-08-05T08:31:16","guid":{"rendered":"https:\/\/hot-shop.hu\/?post_type=product&#038;p=25523"},"modified":"2026-01-09T13:11:11","modified_gmt":"2026-01-09T11:11:11","slug":"tortilla-10-buza-ceklas-25-cm-10db-ambient","status":"publish","type":"product","link":"https:\/\/hot-shop.hu\/en\/termek\/tortilla-10-buza-ceklas-25-cm-10db-ambient\/","title":{"rendered":"Tortilla 10\u201d b\u00faza c\u00e9kl\u00e1s (25 cm) 10db &#8211; AMBIENT"},"content":{"rendered":"<p>\u00d6sszetev\u0151k: <strong><b>B<\/b><\/strong><strong><b>\u00faza<\/b><\/strong>liszt 59%, v\u00edz, p\u00e1lmazs\u00edr, sz\u00e1r\u00edtott c\u00e9kla 2,7%, sz\u00e1r\u00edtott bors\u00f3 1,6%, j\u00f3dozott konyhas\u00f3\u00a0(konyhas\u00f3, k\u00e1lium-jodid, csom\u00f3sod\u00e1sg\u00e1tl\u00f3: E535), s\u00fct\u0151por (keleszt\u0151anyagok: E450i, E500ii, <strong><b>b\u00faza<\/b><\/strong>liszt, <strong><b>b\u00faza<\/b><\/strong>kem\u00e9ny\u00edt\u0151\u00a09%, repceolaj), margarin (n\u00f6v\u00e9nyi olajok: p\u00e1lma, repce, iv\u00f3v\u00edz, emulge\u00e1l\u00f3szerek: E471, E475, E322, asztali konyhas\u00f3, savany\u00fas\u00e1got szab\u00e1lyoz\u00f3\u00a0anyag: E330, tart\u00f3s\u00edt\u00f3szer: E202, aroma, sz\u00ednez\u00e9k: E160b(i)), repceolaj, nedves\u00edt\u0151szer: E422, s\u0171r\u00edt\u0151anyag: E412, jav\u00edt\u00f3szer (<strong><b>b\u00faza<\/b><\/strong>liszt, emulge\u00e1l\u00f3szer: E471, dextr\u00f3z, keleszt\u0151anyag: E450, E500, stabiliz\u00e1tor: E412, tart\u00f3s\u00edt\u00f3szerek: E282, E202, savany\u00fas\u00e1got szab\u00e1lyoz\u00f3\u00a0anyag: E296, repceolaj, teljes\u00a0m\u00e9rt\u00e9kben\u00a0hidrog\u00e9nezett napraforg\u00f3olaj), tart\u00f3s\u00edt\u00f3szerek: E282, E202, savany\u00fas\u00e1got szab\u00e1lyoz\u00f3: E 296, antioxid\u00e1ns: aszkorbinsav.<\/p>\n<p>Veg\u00e1nok\u00a0\u00e9s\u00a0veget\u00e1ri\u00e1nusok sz\u00e1m\u00e1ra alkalmas. Allerg\u00e9n: glut\u00e9n.<\/p>\n<table>\n<tbody>\n<tr>\n<td colspan=\"2\" width=\"254\">T\u00e1p\u00e9rt\u00e9k 100g-ban<\/td>\n<\/tr>\n<tr>\n<td width=\"122\">Energia<\/td>\n<td width=\"132\">\u00a01140kJ\/ 273kcal<\/td>\n<\/tr>\n<tr>\n<td width=\"122\">Zs\u00edrok<\/td>\n<td width=\"132\">4,7g<\/td>\n<\/tr>\n<tr>\n<td width=\"122\">amelyb\u0151l tel\u00edtett zs\u00edrsavak<\/td>\n<td width=\"132\">2,6g<\/td>\n<\/tr>\n<tr>\n<td width=\"122\">Sz\u00e9nhidr\u00e1t<\/td>\n<td width=\"132\">47g<\/td>\n<\/tr>\n<tr>\n<td width=\"122\">amelyb\u0151l cukrok<\/td>\n<td width=\"132\">3,4g<\/td>\n<\/tr>\n<tr>\n<td width=\"122\">Feh\u00e9rje<\/td>\n<td width=\"132\">8,6g<\/td>\n<\/tr>\n<tr>\n<td width=\"122\">S\u00f3<\/td>\n<td width=\"132\">2,5g<\/td>\n<\/tr>\n<tr>\n<td width=\"122\">Rost<\/td>\n<td width=\"132\">3,7g<\/td>\n<\/tr>\n<\/tbody>\n<\/table>\n","protected":false},"excerpt":{"rendered":"<p>30% \u00c1RENGEDM\u00c9NY a k\u00e9szlet erej\u00e9ig! B\u00faza tortilla v\u00f6r\u00f6s c\u00e9kl\u00e1val. Feh\u00e9rje \u00e9s rostforr\u00e1s. Limit\u00e1lt, szezon\u00e1lis kiad\u00e1s. Veg\u00e1n \u00e9s lakt\u00f3zmentes term\u00e9k. Az \u00edzek \u00e9s sz\u00ednek egyed\u00fcl\u00e1ll\u00f3 kombin\u00e1ci\u00f3j\u00e1nak \u00e9lm\u00e9nye, t\u00e1pl\u00e1l\u00f3 \u00f6sszet\u00e9tellel. H\u00fassal, z\u00f6lds\u00e9ggel, sajttal megt\u00f6ltve t\u00f6k\u00e9letes wrap, burrito vagy taco k\u00e9sz\u00edthet\u0151.<\/p>\n","protected":false},"featured_media":26179,"comment_status":"open","ping_status":"closed","template":"","meta":{"ocean_post_layout":"","ocean_both_sidebars_style":"","ocean_both_sidebars_content_width":0,"ocean_both_sidebars_sidebars_width":0,"ocean_sidebar":"0","ocean_second_sidebar":"0","ocean_disable_margins":"enable","ocean_add_body_class":"","ocean_shortcode_before_top_bar":"","ocean_shortcode_after_top_bar":"","ocean_shortcode_before_header":"","ocean_shortcode_after_header":"","ocean_has_shortcode":"","ocean_shortcode_after_title":"","ocean_shortcode_before_footer_widgets":"","ocean_shortcode_after_footer_widgets":"","ocean_shortcode_before_footer_bottom":"","ocean_shortcode_after_footer_bottom":"","ocean_display_top_bar":"default","ocean_display_header":"default","ocean_header_style":"","ocean_center_header_left_menu":"0","ocean_custom_header_template":"0","ocean_custom_logo":0,"ocean_custom_retina_logo":0,"ocean_custom_logo_max_width":0,"ocean_custom_logo_tablet_max_width":0,"ocean_custom_logo_mobile_max_width":0,"ocean_custom_logo_max_height":0,"ocean_custom_logo_tablet_max_height":0,"ocean_custom_logo_mobile_max_height":0,"ocean_header_custom_menu":"0","ocean_menu_typo_font_family":"0","ocean_menu_typo_font_subset":"","ocean_menu_typo_font_size":0,"ocean_menu_typo_font_size_tablet":0,"ocean_menu_typo_font_size_mobile":0,"ocean_menu_typo_font_size_unit":"px","ocean_menu_typo_font_weight":"","ocean_menu_typo_font_weight_tablet":"","ocean_menu_typo_font_weight_mobile":"","ocean_menu_typo_transform":"","ocean_menu_typo_transform_tablet":"","ocean_menu_typo_transform_mobile":"","ocean_menu_typo_line_height":0,"ocean_menu_typo_line_height_tablet":0,"ocean_menu_typo_line_height_mobile":0,"ocean_menu_typo_line_height_unit":"","ocean_menu_typo_spacing":0,"ocean_menu_typo_spacing_tablet":0,"ocean_menu_typo_spacing_mobile":0,"ocean_menu_typo_spacing_unit":"","ocean_menu_link_color":"","ocean_menu_link_color_hover":"","ocean_menu_link_color_active":"","ocean_menu_link_background":"","ocean_menu_link_hover_background":"","ocean_menu_link_active_background":"","ocean_menu_social_links_bg":"","ocean_menu_social_hover_links_bg":"","ocean_menu_social_links_color":"","ocean_menu_social_hover_links_color":"","ocean_disable_title":"default","ocean_disable_heading":"default","ocean_post_title":"","ocean_post_subheading":"","ocean_post_title_style":"","ocean_post_title_background_color":"","ocean_post_title_background":0,"ocean_post_title_bg_image_position":"","ocean_post_title_bg_image_attachment":"","ocean_post_title_bg_image_repeat":"","ocean_post_title_bg_image_size":"","ocean_post_title_height":0,"ocean_post_title_bg_overlay":0.5,"ocean_post_title_bg_overlay_color":"","ocean_disable_breadcrumbs":"default","ocean_breadcrumbs_color":"","ocean_breadcrumbs_separator_color":"","ocean_breadcrumbs_links_color":"","ocean_breadcrumbs_links_hover_color":"","ocean_display_footer_widgets":"default","ocean_display_footer_bottom":"default","ocean_custom_footer_template":"0"},"product_brand":[],"product_cat":[145,149,238],"product_tag":[54],"class_list":{"0":"post-25523","1":"product","2":"type-product","3":"status-publish","4":"has-post-thumbnail","6":"product_cat-tortilla","7":"product_cat-hosszu-ideig-eltarthato-buza-tortillak","8":"product_cat-uj-termekek","9":"product_tag-nuevo-progreso","11":"entry","12":"has-media","14":"first","15":"outofstock","16":"sale","17":"taxable","18":"shipping-taxable","19":"purchasable","20":"product-type-simple","21":"col","22":"span_1_of_2","23":"owp-content-center","24":"owp-thumbs-layout-horizontal","25":"owp-btn-normal","26":"owp-tabs-layout-horizontal"},"_links":{"self":[{"href":"https:\/\/hot-shop.hu\/en\/wp-json\/wp\/v2\/product\/25523","targetHints":{"allow":["GET"]}}],"collection":[{"href":"https:\/\/hot-shop.hu\/en\/wp-json\/wp\/v2\/product"}],"about":[{"href":"https:\/\/hot-shop.hu\/en\/wp-json\/wp\/v2\/types\/product"}],"replies":[{"embeddable":true,"href":"https:\/\/hot-shop.hu\/en\/wp-json\/wp\/v2\/comments?post=25523"}],"wp:featuredmedia":[{"embeddable":true,"href":"https:\/\/hot-shop.hu\/en\/wp-json\/wp\/v2\/media\/26179"}],"wp:attachment":[{"href":"https:\/\/hot-shop.hu\/en\/wp-json\/wp\/v2\/media?parent=25523"}],"wp:term":[{"taxonomy":"product_brand","embeddable":true,"href":"https:\/\/hot-shop.hu\/en\/wp-json\/wp\/v2\/product_brand?post=25523"},{"taxonomy":"product_cat","embeddable":true,"href":"https:\/\/hot-shop.hu\/en\/wp-json\/wp\/v2\/product_cat?post=25523"},{"taxonomy":"product_tag","embeddable":true,"href":"https:\/\/hot-shop.hu\/en\/wp-json\/wp\/v2\/product_tag?post=25523"}],"curies":[{"name":"wp","href":"https:\/\/api.w.org\/{rel}","templated":true}]}}