{"id":25221,"date":"2025-07-17T16:50:44","date_gmt":"2025-07-17T14:50:44","guid":{"rendered":"https:\/\/hot-shop.hu\/?post_type=product&#038;p=25221"},"modified":"2025-09-29T12:37:49","modified_gmt":"2025-09-29T10:37:49","slug":"guajillo-chilli-paste-2kg-chili-krem","status":"publish","type":"product","link":"https:\/\/hot-shop.hu\/en\/termek\/guajillo-chilli-paste-2kg-chili-krem\/","title":{"rendered":"Guajillo Chilli Paste 2kg &#8211; chili kr\u00e9m"},"content":{"rendered":"<p>A mexik\u00f3i, Tex-Mex, street food konyha kedvelt alapanyaga. Jelent\u0151s a vas \u00e9s k\u00e1lcium tartalma.<\/p>\n<p><strong>\u00d6sszetev\u0151k<\/strong>: Guajillo chili 86%, n\u00f6v\u00e9nyi olaj (napraforg\u00f3olaj, p\u00f3rs\u00e1fr\u00e1nyolaj),<br \/>\ns\u00f3, fokhagyma, hagyma, citromsav, cukor, \u00e9leszt\u0151kivonat, tart\u00f3s\u00edt\u00f3szer: k\u00e1lium-szorb\u00e1t.<\/p>\n<p>T\u00e1rol\u00e1s: k\u00f6zvetlen napf\u00e9nyt\u0151l v\u00e9dett helyen.<\/p>\n<table style=\"height: 266px;\" width=\"312\">\n<tbody>\n<tr>\n<td colspan=\"2\" width=\"349\"><strong>T\u00e1p\u00e9rt\u00e9k\u00a0100g-ban<\/strong><\/td>\n<\/tr>\n<tr>\n<td width=\"245\">Energia<\/td>\n<td width=\"103\">753 kJ \/ 180 kcal<\/td>\n<\/tr>\n<tr>\n<td width=\"245\">Zs\u00edr<\/td>\n<td width=\"103\">11 g<\/td>\n<\/tr>\n<tr>\n<td width=\"245\">\u00a0\u00a0ebb\u0151l tel\u00edtett zs\u00edrsavak<\/td>\n<td width=\"103\">0,8 g<\/td>\n<\/tr>\n<tr>\n<td width=\"245\">Sz\u00e9nhidr\u00e1t<\/td>\n<td width=\"103\">\u00a012 g<\/td>\n<\/tr>\n<tr>\n<td width=\"245\">\u00a0\u00a0ebb\u0151l cukrok<\/td>\n<td width=\"103\">2 g<\/td>\n<\/tr>\n<tr>\n<td width=\"245\">Feh\u00e9rje<\/td>\n<td width=\"103\">\u00a03,0 g<\/td>\n<\/tr>\n<tr>\n<td width=\"245\">S\u00f3<\/td>\n<td width=\"103\">2,7 g<\/td>\n<\/tr>\n<\/tbody>\n<\/table>\n<p>&nbsp;<\/p>\n","protected":false},"excerpt":{"rendered":"<p>Chili kr\u00e9m Guajillo chili paprik\u00e1b\u00f3l. 12\/# \u00cdzletes, gy\u00fcm\u00f6lcssavas, enyh\u00e9n f\u00fcst\u00f6s \u00edz\u0171, enyh\u00e9n cs\u00edp\u0151s paszta. Rendk\u00edv\u00fcl sokoldal\u00fa a feljaszn\u00e1l\u00e1sa. Aj\u00e1nlott levesekhez, m\u00e1rt\u00e1sokhoz, p\u00f6rk\u00f6ltekhez, BBQ sz\u00f3szokba. A mexik\u00f3i Mole \u00e9tel egyik kedvelt alapanyaga.<\/p>\n<p>&nbsp;<\/p>\n","protected":false},"featured_media":25222,"comment_status":"open","ping_status":"closed","template":"","meta":{"ocean_post_layout":"","ocean_both_sidebars_style":"","ocean_both_sidebars_content_width":0,"ocean_both_sidebars_sidebars_width":0,"ocean_sidebar":"0","ocean_second_sidebar":"0","ocean_disable_margins":"enable","ocean_add_body_class":"","ocean_shortcode_before_top_bar":"","ocean_shortcode_after_top_bar":"","ocean_shortcode_before_header":"","ocean_shortcode_after_header":"","ocean_has_shortcode":"","ocean_shortcode_after_title":"","ocean_shortcode_before_footer_widgets":"","ocean_shortcode_after_footer_widgets":"","ocean_shortcode_before_footer_bottom":"","ocean_shortcode_after_footer_bottom":"","ocean_display_top_bar":"default","ocean_display_header":"default","ocean_header_style":"","ocean_center_header_left_menu":"0","ocean_custom_header_template":"0","ocean_custom_logo":0,"ocean_custom_retina_logo":0,"ocean_custom_logo_max_width":0,"ocean_custom_logo_tablet_max_width":0,"ocean_custom_logo_mobile_max_width":0,"ocean_custom_logo_max_height":0,"ocean_custom_logo_tablet_max_height":0,"ocean_custom_logo_mobile_max_height":0,"ocean_header_custom_menu":"0","ocean_menu_typo_font_family":"0","ocean_menu_typo_font_subset":"","ocean_menu_typo_font_size":0,"ocean_menu_typo_font_size_tablet":0,"ocean_menu_typo_font_size_mobile":0,"ocean_menu_typo_font_size_unit":"px","ocean_menu_typo_font_weight":"","ocean_menu_typo_font_weight_tablet":"","ocean_menu_typo_font_weight_mobile":"","ocean_menu_typo_transform":"","ocean_menu_typo_transform_tablet":"","ocean_menu_typo_transform_mobile":"","ocean_menu_typo_line_height":0,"ocean_menu_typo_line_height_tablet":0,"ocean_menu_typo_line_height_mobile":0,"ocean_menu_typo_line_height_unit":"","ocean_menu_typo_spacing":0,"ocean_menu_typo_spacing_tablet":0,"ocean_menu_typo_spacing_mobile":0,"ocean_menu_typo_spacing_unit":"","ocean_menu_link_color":"","ocean_menu_link_color_hover":"","ocean_menu_link_color_active":"","ocean_menu_link_background":"","ocean_menu_link_hover_background":"","ocean_menu_link_active_background":"","ocean_menu_social_links_bg":"","ocean_menu_social_hover_links_bg":"","ocean_menu_social_links_color":"","ocean_menu_social_hover_links_color":"","ocean_disable_title":"default","ocean_disable_heading":"default","ocean_post_title":"","ocean_post_subheading":"","ocean_post_title_style":"","ocean_post_title_background_color":"","ocean_post_title_background":0,"ocean_post_title_bg_image_position":"","ocean_post_title_bg_image_attachment":"","ocean_post_title_bg_image_repeat":"","ocean_post_title_bg_image_size":"","ocean_post_title_height":0,"ocean_post_title_bg_overlay":0.5,"ocean_post_title_bg_overlay_color":"","ocean_disable_breadcrumbs":"default","ocean_breadcrumbs_color":"","ocean_breadcrumbs_separator_color":"","ocean_breadcrumbs_links_color":"","ocean_breadcrumbs_links_hover_color":"","ocean_display_footer_widgets":"default","ocean_display_footer_bottom":"default","ocean_custom_footer_template":"0"},"product_brand":[],"product_cat":[157,199,238],"product_tag":[54],"class_list":{"0":"post-25221","1":"product","2":"type-product","3":"status-publish","4":"has-post-thumbnail","6":"product_cat-chilik","7":"product_cat-mexikoi-specialitasok","8":"product_cat-uj-termekek","9":"product_tag-nuevo-progreso","11":"entry","12":"has-media","14":"first","15":"instock","16":"taxable","17":"shipping-taxable","18":"purchasable","19":"product-type-simple","20":"col","21":"span_1_of_2","22":"owp-content-center","23":"owp-thumbs-layout-horizontal","24":"owp-btn-normal","25":"owp-tabs-layout-horizontal","26":"has-no-thumbnails"},"_links":{"self":[{"href":"https:\/\/hot-shop.hu\/en\/wp-json\/wp\/v2\/product\/25221","targetHints":{"allow":["GET"]}}],"collection":[{"href":"https:\/\/hot-shop.hu\/en\/wp-json\/wp\/v2\/product"}],"about":[{"href":"https:\/\/hot-shop.hu\/en\/wp-json\/wp\/v2\/types\/product"}],"replies":[{"embeddable":true,"href":"https:\/\/hot-shop.hu\/en\/wp-json\/wp\/v2\/comments?post=25221"}],"wp:featuredmedia":[{"embeddable":true,"href":"https:\/\/hot-shop.hu\/en\/wp-json\/wp\/v2\/media\/25222"}],"wp:attachment":[{"href":"https:\/\/hot-shop.hu\/en\/wp-json\/wp\/v2\/media?parent=25221"}],"wp:term":[{"taxonomy":"product_brand","embeddable":true,"href":"https:\/\/hot-shop.hu\/en\/wp-json\/wp\/v2\/product_brand?post=25221"},{"taxonomy":"product_cat","embeddable":true,"href":"https:\/\/hot-shop.hu\/en\/wp-json\/wp\/v2\/product_cat?post=25221"},{"taxonomy":"product_tag","embeddable":true,"href":"https:\/\/hot-shop.hu\/en\/wp-json\/wp\/v2\/product_tag?post=25221"}],"curies":[{"name":"wp","href":"https:\/\/api.w.org\/{rel}","templated":true}]}}