{"id":24155,"date":"2025-05-20T14:51:49","date_gmt":"2025-05-20T12:51:49","guid":{"rendered":"https:\/\/hot-shop.hu\/?post_type=product&#038;p=24155"},"modified":"2026-03-17T15:29:54","modified_gmt":"2026-03-17T13:29:54","slug":"pulparindo-mangos-tamarind-gyumolcsszelet-20db-doboz","status":"publish","type":"product","link":"https:\/\/hot-shop.hu\/en\/termek\/pulparindo-mangos-tamarind-gyumolcsszelet-20db-doboz\/","title":{"rendered":"Pulparindo mang\u00f3s tamarind gy\u00fcm\u00f6lcsszelet &#8211; 20db\/doboz"},"content":{"rendered":"<p><strong>\u00d6sszetev\u0151k:<\/strong> cukrok (cukor, dextr\u00f3z), tamarindp\u00e9p 15%, j\u00f3dozott\u00a0s\u00f3 (konyhas\u00f3, csom\u00f3sod\u00e1sg\u00e1tl\u00f3: E535), savany\u00fas\u00e1got szab\u00e1lyoz\u00f3 anyag: E330, \u0151r\u00f6lt chili, arom\u00e1k, tart\u00f3s\u00edt\u00f3szer: E211.<\/p>\n<p>Min\u0151s\u00e9g\u00e9t meg\u0151rzi a csomagol\u00e1son jelzett id\u0151pontig.\u00a0T\u00e1rol\u00e1s: sz\u00e1raz, h\u0171v\u00f6s helyen.<\/p>\n<p>Sz\u00e1rmaz\u00e1si orsz\u00e1g: Mexik\u00f3<\/p>\n<table style=\"height: 408px;\" width=\"259\">\n<tbody>\n<tr>\n<td colspan=\"2\" width=\"254\"><strong>T\u00e1p\u00e9rt\u00e9k 100g-ban<\/strong><\/td>\n<\/tr>\n<tr>\n<td width=\"122\">Energia<\/td>\n<td width=\"132\">1469 kJ\/346 kcal<\/td>\n<\/tr>\n<tr>\n<td width=\"122\">Zs\u00edr<\/td>\n<td width=\"132\">0 g<\/td>\n<\/tr>\n<tr>\n<td width=\"122\">ebb\u0151l tel\u00edtett zs\u00edrsavak<\/td>\n<td width=\"132\">0 g<\/td>\n<\/tr>\n<tr>\n<td width=\"122\">Sz\u00e9nhidr\u00e1t<\/td>\n<td width=\"132\">85 g<\/td>\n<\/tr>\n<tr>\n<td width=\"122\">ebb\u0151l cukrok<\/td>\n<td width=\"132\">74 g<\/td>\n<\/tr>\n<tr>\n<td width=\"122\">Feh\u00e9rje<\/td>\n<td width=\"132\">1,0 g<\/td>\n<\/tr>\n<tr>\n<td width=\"122\">S\u00f3<\/td>\n<td width=\"132\">2,1 g<\/td>\n<\/tr>\n<\/tbody>\n<\/table>\n","protected":false},"excerpt":{"rendered":"<p>Pulparindo 14g &#8211; mang\u00f3 \u00edz &#8211; enyh\u00e9n cs\u00edp\u0151s, puha, r\u00e1ghat\u00f3 \u00e9s sz\u00e1jban olvad\u00f3, mexik\u00f3i, chilis, tamarind gy\u00fcm\u00f6lcsszelet, mang\u00f3 \u00edzes\u00edt\u00e9ssel. A k\u00fcl\u00f6nleges \u00edz kedvel\u0151inek!<\/p>\n","protected":false},"featured_media":24158,"comment_status":"open","ping_status":"closed","template":"","meta":{"ocean_post_layout":"","ocean_both_sidebars_style":"","ocean_both_sidebars_content_width":0,"ocean_both_sidebars_sidebars_width":0,"ocean_sidebar":"0","ocean_second_sidebar":"0","ocean_disable_margins":"enable","ocean_add_body_class":"","ocean_shortcode_before_top_bar":"","ocean_shortcode_after_top_bar":"","ocean_shortcode_before_header":"","ocean_shortcode_after_header":"","ocean_has_shortcode":"","ocean_shortcode_after_title":"","ocean_shortcode_before_footer_widgets":"","ocean_shortcode_after_footer_widgets":"","ocean_shortcode_before_footer_bottom":"","ocean_shortcode_after_footer_bottom":"","ocean_display_top_bar":"default","ocean_display_header":"default","ocean_header_style":"","ocean_center_header_left_menu":"0","ocean_custom_header_template":"0","ocean_custom_logo":0,"ocean_custom_retina_logo":0,"ocean_custom_logo_max_width":0,"ocean_custom_logo_tablet_max_width":0,"ocean_custom_logo_mobile_max_width":0,"ocean_custom_logo_max_height":0,"ocean_custom_logo_tablet_max_height":0,"ocean_custom_logo_mobile_max_height":0,"ocean_header_custom_menu":"0","ocean_menu_typo_font_family":"0","ocean_menu_typo_font_subset":"","ocean_menu_typo_font_size":0,"ocean_menu_typo_font_size_tablet":0,"ocean_menu_typo_font_size_mobile":0,"ocean_menu_typo_font_size_unit":"px","ocean_menu_typo_font_weight":"","ocean_menu_typo_font_weight_tablet":"","ocean_menu_typo_font_weight_mobile":"","ocean_menu_typo_transform":"","ocean_menu_typo_transform_tablet":"","ocean_menu_typo_transform_mobile":"","ocean_menu_typo_line_height":0,"ocean_menu_typo_line_height_tablet":0,"ocean_menu_typo_line_height_mobile":0,"ocean_menu_typo_line_height_unit":"","ocean_menu_typo_spacing":0,"ocean_menu_typo_spacing_tablet":0,"ocean_menu_typo_spacing_mobile":0,"ocean_menu_typo_spacing_unit":"","ocean_menu_link_color":"","ocean_menu_link_color_hover":"","ocean_menu_link_color_active":"","ocean_menu_link_background":"","ocean_menu_link_hover_background":"","ocean_menu_link_active_background":"","ocean_menu_social_links_bg":"","ocean_menu_social_hover_links_bg":"","ocean_menu_social_links_color":"","ocean_menu_social_hover_links_color":"","ocean_disable_title":"default","ocean_disable_heading":"default","ocean_post_title":"","ocean_post_subheading":"","ocean_post_title_style":"","ocean_post_title_background_color":"","ocean_post_title_background":0,"ocean_post_title_bg_image_position":"","ocean_post_title_bg_image_attachment":"","ocean_post_title_bg_image_repeat":"","ocean_post_title_bg_image_size":"","ocean_post_title_height":0,"ocean_post_title_bg_overlay":0.5,"ocean_post_title_bg_overlay_color":"","ocean_disable_breadcrumbs":"default","ocean_breadcrumbs_color":"","ocean_breadcrumbs_separator_color":"","ocean_breadcrumbs_links_color":"","ocean_breadcrumbs_links_hover_color":"","ocean_display_footer_widgets":"default","ocean_display_footer_bottom":"default","ocean_custom_footer_template":"0"},"product_brand":[],"product_cat":[207,221,238],"product_tag":[253],"class_list":{"0":"post-24155","1":"product","2":"type-product","3":"status-publish","4":"has-post-thumbnail","6":"product_cat-edesseg","7":"product_cat-edessegek","8":"product_cat-uj-termekek","9":"product_tag-de-la-rosa","11":"entry","12":"has-media","14":"first","15":"instock","16":"taxable","17":"shipping-taxable","18":"purchasable","19":"product-type-simple","20":"col","21":"span_1_of_2","22":"owp-content-center","23":"owp-thumbs-layout-horizontal","24":"owp-btn-normal","25":"owp-tabs-layout-horizontal","26":"has-no-thumbnails"},"_links":{"self":[{"href":"https:\/\/hot-shop.hu\/en\/wp-json\/wp\/v2\/product\/24155","targetHints":{"allow":["GET"]}}],"collection":[{"href":"https:\/\/hot-shop.hu\/en\/wp-json\/wp\/v2\/product"}],"about":[{"href":"https:\/\/hot-shop.hu\/en\/wp-json\/wp\/v2\/types\/product"}],"replies":[{"embeddable":true,"href":"https:\/\/hot-shop.hu\/en\/wp-json\/wp\/v2\/comments?post=24155"}],"wp:featuredmedia":[{"embeddable":true,"href":"https:\/\/hot-shop.hu\/en\/wp-json\/wp\/v2\/media\/24158"}],"wp:attachment":[{"href":"https:\/\/hot-shop.hu\/en\/wp-json\/wp\/v2\/media?parent=24155"}],"wp:term":[{"taxonomy":"product_brand","embeddable":true,"href":"https:\/\/hot-shop.hu\/en\/wp-json\/wp\/v2\/product_brand?post=24155"},{"taxonomy":"product_cat","embeddable":true,"href":"https:\/\/hot-shop.hu\/en\/wp-json\/wp\/v2\/product_cat?post=24155"},{"taxonomy":"product_tag","embeddable":true,"href":"https:\/\/hot-shop.hu\/en\/wp-json\/wp\/v2\/product_tag?post=24155"}],"curies":[{"name":"wp","href":"https:\/\/api.w.org\/{rel}","templated":true}]}}