{"id":19120,"date":"2024-07-09T15:31:05","date_gmt":"2024-07-09T13:31:05","guid":{"rendered":"https:\/\/hot-shop.hu\/?post_type=product&#038;p=19120"},"modified":"2026-01-13T16:27:05","modified_gmt":"2026-01-13T14:27:05","slug":"tortilla-kukorica-tlayuda-21cm-10db-cs-fagyasztott","status":"publish","type":"product","link":"https:\/\/hot-shop.hu\/en\/termek\/tortilla-kukorica-tlayuda-21cm-10db-cs-fagyasztott\/","title":{"rendered":"Tortilla kukorica TLAYUDA (21cm) 10db\/cs, fagyasztott"},"content":{"rendered":"<p>A kukorica tortill\u00e1t -18\u00b0C-on aj\u00e1nlott tartani. Felbont\u00e1s ut\u00e1n h\u0171t\u0151szekr\u00e9nyben t\u00e1rolhat\u00f3, 3 napon bel\u00fcl felhaszn\u00e1land\u00f3.<\/p>\n<p><strong>\u00d6sszetev\u0151k<\/strong>: s\u00e1rga kukoricaliszt (60%), v\u00edz, s\u00f3, szil\u00e1rd\u00edt\u00f3 anyag: kalcium-hidroxid.<\/p>\n<p><strong>Tipp<\/strong> a mexik\u00f3i Oaxaca \u00e1llamb\u00f3l sz\u00e1rmaz\u00f3 \u00e9tel, a Tlayuda (mexik\u00f3i pizza) elk\u00e9sz\u00edt\u00e9s\u00e9re: nyilt l\u00e1ngon vagy vas serpeny\u0151ben\/s\u00fct\u0151lapon (Comal) ropog\u00f3sra s\u00fctj\u00fck, pir\u00edtjuk a tlayuda kukorica tortill\u00e1t. Meglocsoljuk vagy megkenj\u00fck kis zsirad\u00e9kkal. A felt\u00e9t v\u00e1ltozatos lehet. Kenj\u00fck meg s\u00fclt babkr\u00e9mmel vagy helyezz\u00fcnk r\u00e1 s\u00fclt fekete babot, majd sz\u00f3rjuk meg pir\u00edtott choriz\u00f3val, pir\u00edtott dar\u00e1lt h\u00fassal, hagym\u00e1val, sal\u00e1t\u00e1val, paradcsommal, a veget\u00e1ri\u00e1nus verzi\u00f3t kaktusz levelekkel vagy avok\u00e1d\u00f3 szeletekkel, \u00e9s v\u00e9g\u00fcl reszelt sajttal (oaxaca vagy a n\u00e1lunk ismert megfelel\u0151je, a mozzarella). Nyitott form\u00e1ban vagy f\u00e9lbehajtva is t\u00e1lalhat\u00f3.<\/p>\n","protected":false},"excerpt":{"rendered":"<p>V\u00e9konyabb, fagyasztott, glut\u00e9nmentes kukorica tortilla s\u00e1rga kukoricalisztb\u0151l &#8211; 21cm \u00e1tm\u00e9r\u0151j\u0171, 10db\/cs (640g), 20cs\/# kiszerel\u00e9sben. A tlayuda mexik\u00f3i \u00e9tel alapja, valamint aj\u00e1nlott s\u00fclt flautas, tostada, wrap stb. k\u00e9sz\u00edt\u00e9s\u00e9hez. Veg\u00e1n \u00e9s glut\u00e9nmentes di\u00e9ta t\u00f6k\u00e9letes alapanyaga. GMO mentes term\u00e9k.<\/p>\n<p>Fagyasztott term\u00e9ket fut\u00e1rszolg\u00e1lattal (GLS, DPD) nem \u00e1ll m\u00f3dunkban k\u00fcldeni. Szem\u00e9lyes \u00e1tv\u00e9tel lehets\u00e9ges.<\/p>\n","protected":false},"featured_media":19121,"comment_status":"open","ping_status":"closed","template":"","meta":{"ocean_post_layout":"","ocean_both_sidebars_style":"","ocean_both_sidebars_content_width":0,"ocean_both_sidebars_sidebars_width":0,"ocean_sidebar":"0","ocean_second_sidebar":"0","ocean_disable_margins":"enable","ocean_add_body_class":"","ocean_shortcode_before_top_bar":"","ocean_shortcode_after_top_bar":"","ocean_shortcode_before_header":"","ocean_shortcode_after_header":"","ocean_has_shortcode":"","ocean_shortcode_after_title":"","ocean_shortcode_before_footer_widgets":"","ocean_shortcode_after_footer_widgets":"","ocean_shortcode_before_footer_bottom":"","ocean_shortcode_after_footer_bottom":"","ocean_display_top_bar":"default","ocean_display_header":"default","ocean_header_style":"","ocean_center_header_left_menu":"0","ocean_custom_header_template":"0","ocean_custom_logo":0,"ocean_custom_retina_logo":0,"ocean_custom_logo_max_width":0,"ocean_custom_logo_tablet_max_width":0,"ocean_custom_logo_mobile_max_width":0,"ocean_custom_logo_max_height":0,"ocean_custom_logo_tablet_max_height":0,"ocean_custom_logo_mobile_max_height":0,"ocean_header_custom_menu":"0","ocean_menu_typo_font_family":"0","ocean_menu_typo_font_subset":"","ocean_menu_typo_font_size":0,"ocean_menu_typo_font_size_tablet":0,"ocean_menu_typo_font_size_mobile":0,"ocean_menu_typo_font_size_unit":"px","ocean_menu_typo_font_weight":"","ocean_menu_typo_font_weight_tablet":"","ocean_menu_typo_font_weight_mobile":"","ocean_menu_typo_transform":"","ocean_menu_typo_transform_tablet":"","ocean_menu_typo_transform_mobile":"","ocean_menu_typo_line_height":0,"ocean_menu_typo_line_height_tablet":0,"ocean_menu_typo_line_height_mobile":0,"ocean_menu_typo_line_height_unit":"","ocean_menu_typo_spacing":0,"ocean_menu_typo_spacing_tablet":0,"ocean_menu_typo_spacing_mobile":0,"ocean_menu_typo_spacing_unit":"","ocean_menu_link_color":"","ocean_menu_link_color_hover":"","ocean_menu_link_color_active":"","ocean_menu_link_background":"","ocean_menu_link_hover_background":"","ocean_menu_link_active_background":"","ocean_menu_social_links_bg":"","ocean_menu_social_hover_links_bg":"","ocean_menu_social_links_color":"","ocean_menu_social_hover_links_color":"","ocean_disable_title":"default","ocean_disable_heading":"default","ocean_post_title":"","ocean_post_subheading":"","ocean_post_title_style":"","ocean_post_title_background_color":"","ocean_post_title_background":0,"ocean_post_title_bg_image_position":"","ocean_post_title_bg_image_attachment":"","ocean_post_title_bg_image_repeat":"","ocean_post_title_bg_image_size":"","ocean_post_title_height":0,"ocean_post_title_bg_overlay":0.5,"ocean_post_title_bg_overlay_color":"","ocean_disable_breadcrumbs":"default","ocean_breadcrumbs_color":"","ocean_breadcrumbs_separator_color":"","ocean_breadcrumbs_links_color":"","ocean_breadcrumbs_links_hover_color":"","ocean_display_footer_widgets":"default","ocean_display_footer_bottom":"default","ocean_custom_footer_template":"0"},"product_brand":[],"product_cat":[145,147,148,150,238],"product_tag":[54],"class_list":{"0":"post-19120","1":"product","2":"type-product","3":"status-publish","4":"has-post-thumbnail","6":"product_cat-tortilla","7":"product_cat-fagyasztott-hutott-etelek","8":"product_cat-tortillak-fagyasztott-etelek","9":"product_cat-glutenmentes-kukorica-tortillak","10":"product_cat-uj-termekek","11":"product_tag-nuevo-progreso","13":"entry","14":"has-media","16":"first","17":"instock","18":"taxable","19":"shipping-taxable","20":"purchasable","21":"product-type-simple","22":"col","23":"span_1_of_2","24":"owp-content-center","25":"owp-thumbs-layout-horizontal","26":"owp-btn-normal","27":"owp-tabs-layout-horizontal","28":"has-no-thumbnails"},"_links":{"self":[{"href":"https:\/\/hot-shop.hu\/en\/wp-json\/wp\/v2\/product\/19120","targetHints":{"allow":["GET"]}}],"collection":[{"href":"https:\/\/hot-shop.hu\/en\/wp-json\/wp\/v2\/product"}],"about":[{"href":"https:\/\/hot-shop.hu\/en\/wp-json\/wp\/v2\/types\/product"}],"replies":[{"embeddable":true,"href":"https:\/\/hot-shop.hu\/en\/wp-json\/wp\/v2\/comments?post=19120"}],"wp:featuredmedia":[{"embeddable":true,"href":"https:\/\/hot-shop.hu\/en\/wp-json\/wp\/v2\/media\/19121"}],"wp:attachment":[{"href":"https:\/\/hot-shop.hu\/en\/wp-json\/wp\/v2\/media?parent=19120"}],"wp:term":[{"taxonomy":"product_brand","embeddable":true,"href":"https:\/\/hot-shop.hu\/en\/wp-json\/wp\/v2\/product_brand?post=19120"},{"taxonomy":"product_cat","embeddable":true,"href":"https:\/\/hot-shop.hu\/en\/wp-json\/wp\/v2\/product_cat?post=19120"},{"taxonomy":"product_tag","embeddable":true,"href":"https:\/\/hot-shop.hu\/en\/wp-json\/wp\/v2\/product_tag?post=19120"}],"curies":[{"name":"wp","href":"https:\/\/api.w.org\/{rel}","templated":true}]}}