{"id":17006,"date":"2024-02-21T12:58:35","date_gmt":"2024-02-21T10:58:35","guid":{"rendered":"https:\/\/hot-shop.hu\/?post_type=product&#038;p=17006"},"modified":"2026-03-09T15:14:20","modified_gmt":"2026-03-09T13:14:20","slug":"taco-shells-taco-kagylo-12db-santa-maria","status":"publish","type":"product","link":"https:\/\/hot-shop.hu\/en\/termek\/taco-shells-taco-kagylo-12db-santa-maria\/","title":{"rendered":"Taco Shells &#8211; Taco kagyl\u00f3 12db &#8211; Santa Maria"},"content":{"rendered":"<p>Glut\u00e9nmentes kukoric\u00e1b\u00f3l k\u00e9sz\u00fclt, f\u00e9lk\u00e9sz\u00e1ru. \u00d6sszet\u00e9tel: kukoricaliszt, napraforg\u00f3olaj, v\u00edz, s\u00f3. Allerg\u00e9n: glut\u00e9nt \u00e9s tejet is feldolgoz\u00f3 \u00fczemben k\u00e9sz\u00fclt.<\/p>\n","protected":false},"excerpt":{"rendered":"<p>Ropog\u00f3s, s\u00fclt kukorica tortilla taco-hoz. 12db\/doboz, 12 doboz\/karton. A s\u00fclt kukoric\u00e1b\u00f3l k\u00e9sz\u00fclt kagyl\u00f3 form\u00e1j\u00fa taco gyors megold\u00e1s rendezv\u00e9nyekre, partikra, fast food \u00e9ttermek sz\u00e1m\u00e1ra vagy otthoni felhaszn\u00e1l\u00e1sra. Megt\u00f6lthet\u0151 z\u00f6lds\u00e9gekkel, h\u00fassal, garn\u00e9lar\u00e1kkal, hallal vagy ak\u00e1r veg\u00e1n h\u00fasokkal. Locsold meg taco sz\u00f3sszal \u00e9s ne felejtsd el a sajtot a tetej\u00e9n!<\/p>\n<p>A taco kagyl\u00f3kat t\u00f6r\u00e9kenys\u00e9g\u00fck miatt, sajnos nem \u00e1ll m\u00f3dunkban post\u00e1zni. C\u00e9g\u00fcnk \u00e1ltali kisz\u00e1ll\u00edt\u00e1sra, amennyiben a 30 km-es sz\u00e1ll\u00edt\u00e1si t\u00e1vols\u00e1gon t\u00fal esik, kiz\u00e1r\u00f3lag az 1000 Ft\/ km netto el\u00e9r\u00e9sekor van lehet\u0151s\u00e9g. L\u00e1sd regisztr\u00e1ci\u00f3s oldal.<\/p>\n","protected":false},"featured_media":17009,"comment_status":"open","ping_status":"closed","template":"","meta":{"ocean_post_layout":"","ocean_both_sidebars_style":"","ocean_both_sidebars_content_width":0,"ocean_both_sidebars_sidebars_width":0,"ocean_sidebar":"0","ocean_second_sidebar":"0","ocean_disable_margins":"enable","ocean_add_body_class":"","ocean_shortcode_before_top_bar":"","ocean_shortcode_after_top_bar":"","ocean_shortcode_before_header":"","ocean_shortcode_after_header":"","ocean_has_shortcode":"","ocean_shortcode_after_title":"","ocean_shortcode_before_footer_widgets":"","ocean_shortcode_after_footer_widgets":"","ocean_shortcode_before_footer_bottom":"","ocean_shortcode_after_footer_bottom":"","ocean_display_top_bar":"default","ocean_display_header":"default","ocean_header_style":"","ocean_center_header_left_menu":"0","ocean_custom_header_template":"0","ocean_custom_logo":0,"ocean_custom_retina_logo":0,"ocean_custom_logo_max_width":0,"ocean_custom_logo_tablet_max_width":0,"ocean_custom_logo_mobile_max_width":0,"ocean_custom_logo_max_height":0,"ocean_custom_logo_tablet_max_height":0,"ocean_custom_logo_mobile_max_height":0,"ocean_header_custom_menu":"0","ocean_menu_typo_font_family":"0","ocean_menu_typo_font_subset":"","ocean_menu_typo_font_size":0,"ocean_menu_typo_font_size_tablet":0,"ocean_menu_typo_font_size_mobile":0,"ocean_menu_typo_font_size_unit":"px","ocean_menu_typo_font_weight":"","ocean_menu_typo_font_weight_tablet":"","ocean_menu_typo_font_weight_mobile":"","ocean_menu_typo_transform":"","ocean_menu_typo_transform_tablet":"","ocean_menu_typo_transform_mobile":"","ocean_menu_typo_line_height":0,"ocean_menu_typo_line_height_tablet":0,"ocean_menu_typo_line_height_mobile":0,"ocean_menu_typo_line_height_unit":"","ocean_menu_typo_spacing":0,"ocean_menu_typo_spacing_tablet":0,"ocean_menu_typo_spacing_mobile":0,"ocean_menu_typo_spacing_unit":"","ocean_menu_link_color":"","ocean_menu_link_color_hover":"","ocean_menu_link_color_active":"","ocean_menu_link_background":"","ocean_menu_link_hover_background":"","ocean_menu_link_active_background":"","ocean_menu_social_links_bg":"","ocean_menu_social_hover_links_bg":"","ocean_menu_social_links_color":"","ocean_menu_social_hover_links_color":"","ocean_disable_title":"default","ocean_disable_heading":"default","ocean_post_title":"","ocean_post_subheading":"","ocean_post_title_style":"","ocean_post_title_background_color":"","ocean_post_title_background":0,"ocean_post_title_bg_image_position":"","ocean_post_title_bg_image_attachment":"","ocean_post_title_bg_image_repeat":"","ocean_post_title_bg_image_size":"","ocean_post_title_height":0,"ocean_post_title_bg_overlay":0.5,"ocean_post_title_bg_overlay_color":"","ocean_disable_breadcrumbs":"default","ocean_breadcrumbs_color":"","ocean_breadcrumbs_separator_color":"","ocean_breadcrumbs_links_color":"","ocean_breadcrumbs_links_hover_color":"","ocean_display_footer_widgets":"default","ocean_display_footer_bottom":"default","ocean_custom_footer_template":"0"},"product_brand":[],"product_cat":[145,233],"product_tag":[265],"class_list":{"0":"post-17006","1":"product","2":"type-product","3":"status-publish","4":"has-post-thumbnail","6":"product_cat-tortilla","7":"product_cat-felkeszaru-glutenmentes-kukorica-tortillak","8":"product_tag-santa-maria","10":"entry","11":"has-media","13":"first","14":"instock","15":"taxable","16":"shipping-taxable","17":"purchasable","18":"product-type-simple","19":"col","20":"span_1_of_2","21":"owp-content-center","22":"owp-thumbs-layout-horizontal","23":"owp-btn-normal","24":"owp-tabs-layout-horizontal"},"_links":{"self":[{"href":"https:\/\/hot-shop.hu\/en\/wp-json\/wp\/v2\/product\/17006","targetHints":{"allow":["GET"]}}],"collection":[{"href":"https:\/\/hot-shop.hu\/en\/wp-json\/wp\/v2\/product"}],"about":[{"href":"https:\/\/hot-shop.hu\/en\/wp-json\/wp\/v2\/types\/product"}],"replies":[{"embeddable":true,"href":"https:\/\/hot-shop.hu\/en\/wp-json\/wp\/v2\/comments?post=17006"}],"wp:featuredmedia":[{"embeddable":true,"href":"https:\/\/hot-shop.hu\/en\/wp-json\/wp\/v2\/media\/17009"}],"wp:attachment":[{"href":"https:\/\/hot-shop.hu\/en\/wp-json\/wp\/v2\/media?parent=17006"}],"wp:term":[{"taxonomy":"product_brand","embeddable":true,"href":"https:\/\/hot-shop.hu\/en\/wp-json\/wp\/v2\/product_brand?post=17006"},{"taxonomy":"product_cat","embeddable":true,"href":"https:\/\/hot-shop.hu\/en\/wp-json\/wp\/v2\/product_cat?post=17006"},{"taxonomy":"product_tag","embeddable":true,"href":"https:\/\/hot-shop.hu\/en\/wp-json\/wp\/v2\/product_tag?post=17006"}],"curies":[{"name":"wp","href":"https:\/\/api.w.org\/{rel}","templated":true}]}}