{"id":13711,"date":"2023-06-21T13:14:31","date_gmt":"2023-06-21T11:14:31","guid":{"rendered":"https:\/\/hot-shop.hu\/?post_type=product&#038;p=13711"},"modified":"2025-04-01T10:11:51","modified_gmt":"2025-04-01T08:11:51","slug":"sabor-especial-chipssalsa-kinalo-szett-100db-karton","status":"publish","type":"product","link":"https:\/\/hot-shop.hu\/en\/termek\/sabor-especial-chipssalsa-kinalo-szett-100db-karton\/","title":{"rendered":"Sabor Especial Chips&#038;Salsa k\u00edn\u00e1l\u00f3 szett &#8211; 100db\/csomag"},"content":{"rendered":"<p>A k\u00edn\u00e1l\u00f3 szett \u00e9s chips csomag mell\u00e9 rendeld meg t\u0151l\u00fcnk a salsa-t is. Aj\u00e1nlott m\u00e1rtogat\u00f3sok: Salsa Mexicana, Salsa Verde, Salsa Dip Mild, Salsa Dip Medium, Salsa Dip Hot, Salsa Guacamole, Cheddar sajtsz\u00f3szok.<\/p>\n","protected":false},"excerpt":{"rendered":"<p>Chips&amp;Salsa k\u00edn\u00e1l\u00f3 egyben, kedvezm\u00e9nyes \u00e1ron. Rendezv\u00e9nyek, fesztiv\u00e1lok, partik kit\u0171n\u0151 kell\u00e9ke. A szett tartalmaz egy pap\u00edrt\u00e1lc\u00e1t \u00e9s egy salsa t\u00e1lk\u00e1t (0,8dl) tet\u0151vel. Egy kartonban 100-100db van mindk\u00e9t term\u00e9kb\u0151l. 100db k\u00edn\u00e1l\u00f3 szetthez aj\u00e1nlott chips rendel\u00e9s: 8cs x 800g NP 800g chips, vagy 16cs x 400g NP Restaurant Style natur chips vagy ha csomagolt chips-szel szeretn\u00e9d k\u00edn\u00e1lni \/ \u00e9rt\u00e9kes\u00edteni, akkor javasolt a 4# (96cs) x 60g NP Sabor Especial nat\u00far chips.<\/p>\n","protected":false},"featured_media":13744,"comment_status":"open","ping_status":"closed","template":"","meta":{"ocean_post_layout":"","ocean_both_sidebars_style":"","ocean_both_sidebars_content_width":0,"ocean_both_sidebars_sidebars_width":0,"ocean_sidebar":"0","ocean_second_sidebar":"0","ocean_disable_margins":"enable","ocean_add_body_class":"","ocean_shortcode_before_top_bar":"","ocean_shortcode_after_top_bar":"","ocean_shortcode_before_header":"","ocean_shortcode_after_header":"","ocean_has_shortcode":"","ocean_shortcode_after_title":"","ocean_shortcode_before_footer_widgets":"","ocean_shortcode_after_footer_widgets":"","ocean_shortcode_before_footer_bottom":"","ocean_shortcode_after_footer_bottom":"","ocean_display_top_bar":"default","ocean_display_header":"default","ocean_header_style":"","ocean_center_header_left_menu":"0","ocean_custom_header_template":"0","ocean_custom_logo":0,"ocean_custom_retina_logo":0,"ocean_custom_logo_max_width":0,"ocean_custom_logo_tablet_max_width":0,"ocean_custom_logo_mobile_max_width":0,"ocean_custom_logo_max_height":0,"ocean_custom_logo_tablet_max_height":0,"ocean_custom_logo_mobile_max_height":0,"ocean_header_custom_menu":"0","ocean_menu_typo_font_family":"0","ocean_menu_typo_font_subset":"","ocean_menu_typo_font_size":0,"ocean_menu_typo_font_size_tablet":0,"ocean_menu_typo_font_size_mobile":0,"ocean_menu_typo_font_size_unit":"px","ocean_menu_typo_font_weight":"","ocean_menu_typo_font_weight_tablet":"","ocean_menu_typo_font_weight_mobile":"","ocean_menu_typo_transform":"","ocean_menu_typo_transform_tablet":"","ocean_menu_typo_transform_mobile":"","ocean_menu_typo_line_height":0,"ocean_menu_typo_line_height_tablet":0,"ocean_menu_typo_line_height_mobile":0,"ocean_menu_typo_line_height_unit":"","ocean_menu_typo_spacing":0,"ocean_menu_typo_spacing_tablet":0,"ocean_menu_typo_spacing_mobile":0,"ocean_menu_typo_spacing_unit":"","ocean_menu_link_color":"","ocean_menu_link_color_hover":"","ocean_menu_link_color_active":"","ocean_menu_link_background":"","ocean_menu_link_hover_background":"","ocean_menu_link_active_background":"","ocean_menu_social_links_bg":"","ocean_menu_social_hover_links_bg":"","ocean_menu_social_links_color":"","ocean_menu_social_hover_links_color":"","ocean_disable_title":"default","ocean_disable_heading":"default","ocean_post_title":"","ocean_post_subheading":"","ocean_post_title_style":"","ocean_post_title_background_color":"","ocean_post_title_background":0,"ocean_post_title_bg_image_position":"","ocean_post_title_bg_image_attachment":"","ocean_post_title_bg_image_repeat":"","ocean_post_title_bg_image_size":"","ocean_post_title_height":0,"ocean_post_title_bg_overlay":0.5,"ocean_post_title_bg_overlay_color":"","ocean_disable_breadcrumbs":"default","ocean_breadcrumbs_color":"","ocean_breadcrumbs_separator_color":"","ocean_breadcrumbs_links_color":"","ocean_breadcrumbs_links_hover_color":"","ocean_display_footer_widgets":"default","ocean_display_footer_bottom":"default","ocean_custom_footer_template":"0"},"product_brand":[],"product_cat":[231,238,243],"product_tag":[],"class_list":{"0":"post-13711","1":"product","2":"type-product","3":"status-publish","4":"has-post-thumbnail","6":"product_cat-dekoracio-kellekek","7":"product_cat-uj-termekek","8":"product_cat-dekor-szett","10":"entry","11":"has-media","13":"first","14":"instock","15":"taxable","16":"shipping-taxable","17":"purchasable","18":"product-type-simple","19":"col","20":"span_1_of_2","21":"owp-content-center","22":"owp-thumbs-layout-horizontal","23":"owp-btn-normal","24":"owp-tabs-layout-horizontal"},"_links":{"self":[{"href":"https:\/\/hot-shop.hu\/en\/wp-json\/wp\/v2\/product\/13711","targetHints":{"allow":["GET"]}}],"collection":[{"href":"https:\/\/hot-shop.hu\/en\/wp-json\/wp\/v2\/product"}],"about":[{"href":"https:\/\/hot-shop.hu\/en\/wp-json\/wp\/v2\/types\/product"}],"replies":[{"embeddable":true,"href":"https:\/\/hot-shop.hu\/en\/wp-json\/wp\/v2\/comments?post=13711"}],"wp:featuredmedia":[{"embeddable":true,"href":"https:\/\/hot-shop.hu\/en\/wp-json\/wp\/v2\/media\/13744"}],"wp:attachment":[{"href":"https:\/\/hot-shop.hu\/en\/wp-json\/wp\/v2\/media?parent=13711"}],"wp:term":[{"taxonomy":"product_brand","embeddable":true,"href":"https:\/\/hot-shop.hu\/en\/wp-json\/wp\/v2\/product_brand?post=13711"},{"taxonomy":"product_cat","embeddable":true,"href":"https:\/\/hot-shop.hu\/en\/wp-json\/wp\/v2\/product_cat?post=13711"},{"taxonomy":"product_tag","embeddable":true,"href":"https:\/\/hot-shop.hu\/en\/wp-json\/wp\/v2\/product_tag?post=13711"}],"curies":[{"name":"wp","href":"https:\/\/api.w.org\/{rel}","templated":true}]}}