{"id":11621,"date":"2023-01-17T14:01:57","date_gmt":"2023-01-17T12:01:57","guid":{"rendered":"https:\/\/hot-shop.hu\/?post_type=product&#038;p=11621"},"modified":"2025-05-13T22:01:12","modified_gmt":"2025-05-13T20:01:12","slug":"sult-edes-paprika-800g-del-sol","status":"publish","type":"product","link":"https:\/\/hot-shop.hu\/en\/termek\/sult-edes-paprika-800g-del-sol\/","title":{"rendered":"S\u00fclt \u00c9des Piros Paprika 794g &#8211; Del Sol"},"content":{"rendered":"<p>Felhaszn\u00e1l\u00e1sra k\u00e9sz term\u00e9k, \u00edgy \u00e9ttermekben is gyors, hat\u00e9kony kiszolg\u00e1l\u00e1st biztos\u00edt! K\u00e9nyeztesd vend\u00e9geid \u00edzletes \u00e9s kr\u00e9mes s\u00fclt pirospaprika-hummusz m\u00e1rtogat\u00f3ssal pitakeny\u00e9rrel vagy tortill\u00e1val t\u00e1lalva; vagy ak\u00e1r add hozz\u00e1 kedvenc mexik\u00f3i \u00e9teledhez, p\u00e9ld\u00e1ul enchilada-hoz, burrito-hoz, taco-hoz, sal\u00e1t\u00e1khoz. T\u00e1lalhatod a paprik\u00e1kat eg\u00e9szben, de apr\u00f3ra vagy kock\u00e1ra v\u00e1gva vagy m\u00e1s \u00edzletes hozz\u00e1val\u00f3kkal keverve is felhaszn\u00e1lhatod \u00ednycsikland\u00f3 m\u00e1rt\u00e1sok, guacamole vagy salsa k\u00e9sz\u00edt\u00e9s\u00e9hez. T\u00f6k\u00e9letes a klasszikus marhap\u00f6rk\u00f6lt f\u0171szerez\u00e9s\u00e9hez, vagy sal\u00e1t\u00e1k, h\u00fasok \u00e9s veget\u00e1ri\u00e1nus \u00e9telek d\u00edsz\u00edt\u00e9s\u00e9re. B\u00e1rmilyen m\u00f3don is t\u00e1lalod, ez az eg\u00e9szben s\u00fclt \u00e9des pirospaprika biztosan konyh\u00e1d kihagyhatatlan alapanyaga lesz.<\/p>\n<p>&nbsp;<\/p>\n","protected":false},"excerpt":{"rendered":"<p>\u00daJ TERM\u00c9K! 12db\/#<\/p>\n<p>A Del Sol mexik\u00f3i, s\u00fclt \u00e9s \u00e9des piros kaliforniai paprika f\u00fcst\u00f6s be\u00fct\u00e9se \u00e9s \u00e9l\u00e9nk piros sz\u00edne garant\u00e1ltan feldobja a legk\u00fcl\u00f6nf\u00e9l\u00e9bb \u00e9telek sz\u00edn- \u00e9s \u00edzvil\u00e1g\u00e1t!\u00a0 A gondosan v\u00e1logatott eg\u00e9sz paprika enyh\u00e9n s\u00f3s v\u00edzben t\u00f6k\u00e9letesen megtartja eredeti arom\u00e1j\u00e1t, frissess\u00e9g\u00e9t, min\u0151s\u00e9g\u00e9t. Tart\u00f3s\u00edt\u00f3szer mentes, Kosher jelz\u00e9s\u0171 term\u00e9k. T\u00e1lal\u00e1sra k\u00e9sz, ez\u00e1ltal \u00e9rt\u00e9kes konyhai el\u0151k\u00e9sz\u00edt\u00e9si id\u0151t takar\u00edthatunk meg. A streetfood konyha kedvelt alapanyaga.<\/p>\n","protected":false},"featured_media":11781,"comment_status":"open","ping_status":"closed","template":"","meta":{"ocean_post_layout":"","ocean_both_sidebars_style":"","ocean_both_sidebars_content_width":0,"ocean_both_sidebars_sidebars_width":0,"ocean_sidebar":"0","ocean_second_sidebar":"0","ocean_disable_margins":"enable","ocean_add_body_class":"","ocean_shortcode_before_top_bar":"","ocean_shortcode_after_top_bar":"","ocean_shortcode_before_header":"","ocean_shortcode_after_header":"","ocean_has_shortcode":"","ocean_shortcode_after_title":"","ocean_shortcode_before_footer_widgets":"","ocean_shortcode_after_footer_widgets":"","ocean_shortcode_before_footer_bottom":"","ocean_shortcode_after_footer_bottom":"","ocean_display_top_bar":"default","ocean_display_header":"default","ocean_header_style":"","ocean_center_header_left_menu":"0","ocean_custom_header_template":"0","ocean_custom_logo":0,"ocean_custom_retina_logo":0,"ocean_custom_logo_max_width":0,"ocean_custom_logo_tablet_max_width":0,"ocean_custom_logo_mobile_max_width":0,"ocean_custom_logo_max_height":0,"ocean_custom_logo_tablet_max_height":0,"ocean_custom_logo_mobile_max_height":0,"ocean_header_custom_menu":"0","ocean_menu_typo_font_family":"0","ocean_menu_typo_font_subset":"","ocean_menu_typo_font_size":0,"ocean_menu_typo_font_size_tablet":0,"ocean_menu_typo_font_size_mobile":0,"ocean_menu_typo_font_size_unit":"px","ocean_menu_typo_font_weight":"","ocean_menu_typo_font_weight_tablet":"","ocean_menu_typo_font_weight_mobile":"","ocean_menu_typo_transform":"","ocean_menu_typo_transform_tablet":"","ocean_menu_typo_transform_mobile":"","ocean_menu_typo_line_height":0,"ocean_menu_typo_line_height_tablet":0,"ocean_menu_typo_line_height_mobile":0,"ocean_menu_typo_line_height_unit":"","ocean_menu_typo_spacing":0,"ocean_menu_typo_spacing_tablet":0,"ocean_menu_typo_spacing_mobile":0,"ocean_menu_typo_spacing_unit":"","ocean_menu_link_color":"","ocean_menu_link_color_hover":"","ocean_menu_link_color_active":"","ocean_menu_link_background":"","ocean_menu_link_hover_background":"","ocean_menu_link_active_background":"","ocean_menu_social_links_bg":"","ocean_menu_social_hover_links_bg":"","ocean_menu_social_links_color":"","ocean_menu_social_hover_links_color":"","ocean_disable_title":"default","ocean_disable_heading":"default","ocean_post_title":"","ocean_post_subheading":"","ocean_post_title_style":"","ocean_post_title_background_color":"","ocean_post_title_background":0,"ocean_post_title_bg_image_position":"","ocean_post_title_bg_image_attachment":"","ocean_post_title_bg_image_repeat":"","ocean_post_title_bg_image_size":"","ocean_post_title_height":0,"ocean_post_title_bg_overlay":0.5,"ocean_post_title_bg_overlay_color":"","ocean_disable_breadcrumbs":"default","ocean_breadcrumbs_color":"","ocean_breadcrumbs_separator_color":"","ocean_breadcrumbs_links_color":"","ocean_breadcrumbs_links_hover_color":"","ocean_display_footer_widgets":"default","ocean_display_footer_bottom":"default","ocean_custom_footer_template":"0"},"product_brand":[],"product_cat":[166,167,178,238],"product_tag":[],"class_list":{"0":"post-11621","1":"product","2":"type-product","3":"status-publish","4":"has-post-thumbnail","6":"product_cat-gyumolcsok-zoldsegek","7":"product_cat-konzervek-gyumolcsok-es-zoldsegek","8":"product_cat-konzervek-babok","9":"product_cat-uj-termekek","11":"entry","12":"has-media","14":"first","15":"instock","16":"taxable","17":"shipping-taxable","18":"purchasable","19":"product-type-simple","20":"col","21":"span_1_of_2","22":"owp-content-center","23":"owp-thumbs-layout-horizontal","24":"owp-btn-normal","25":"owp-tabs-layout-horizontal"},"_links":{"self":[{"href":"https:\/\/hot-shop.hu\/en\/wp-json\/wp\/v2\/product\/11621","targetHints":{"allow":["GET"]}}],"collection":[{"href":"https:\/\/hot-shop.hu\/en\/wp-json\/wp\/v2\/product"}],"about":[{"href":"https:\/\/hot-shop.hu\/en\/wp-json\/wp\/v2\/types\/product"}],"replies":[{"embeddable":true,"href":"https:\/\/hot-shop.hu\/en\/wp-json\/wp\/v2\/comments?post=11621"}],"wp:featuredmedia":[{"embeddable":true,"href":"https:\/\/hot-shop.hu\/en\/wp-json\/wp\/v2\/media\/11781"}],"wp:attachment":[{"href":"https:\/\/hot-shop.hu\/en\/wp-json\/wp\/v2\/media?parent=11621"}],"wp:term":[{"taxonomy":"product_brand","embeddable":true,"href":"https:\/\/hot-shop.hu\/en\/wp-json\/wp\/v2\/product_brand?post=11621"},{"taxonomy":"product_cat","embeddable":true,"href":"https:\/\/hot-shop.hu\/en\/wp-json\/wp\/v2\/product_cat?post=11621"},{"taxonomy":"product_tag","embeddable":true,"href":"https:\/\/hot-shop.hu\/en\/wp-json\/wp\/v2\/product_tag?post=11621"}],"curies":[{"name":"wp","href":"https:\/\/api.w.org\/{rel}","templated":true}]}}